{"id":74,"date":"2019-05-04T04:21:48","date_gmt":"2019-05-04T07:21:48","guid":{"rendered":"https:\/\/wp.ufpel.edu.br\/caminhografar\/?page_id=74"},"modified":"2019-05-09T04:59:41","modified_gmt":"2019-05-09T07:59:41","slug":"ceus","status":"publish","type":"page","link":"https:\/\/wp.ufpel.edu.br\/caminhografar\/ceus\/","title":{"rendered":"C\u00e9US menores"},"content":{"rendered":"<p><strong>Espa\u00e7o:<\/strong> trajetos aleat\u00f3rios pela cidade de Roma.<\/p>\n<p><strong>Tempo:<\/strong> diversos momentos entre mar\u00e7o e junho de 2019.<\/p>\n<p><strong>Bando:<\/strong> individual, realizada pelo arquiteto Eduardo Rocha.<\/p>\n<p><strong>Registro:<\/strong> fotografias.<\/p>\n<p style=\"text-align: justify\"><strong>Caminhografia: <\/strong>em breve.<\/p>\n","protected":false},"excerpt":{"rendered":"<p>Espa\u00e7o: trajetos aleat\u00f3rios pela cidade de Roma. Tempo: diversos momentos entre mar\u00e7o e junho de 2019. Bando: individual, realizada pelo arquiteto Eduardo Rocha. Registro: fotografias. Caminhografia: em breve.<\/p>\n","protected":false},"author":716,"featured_media":0,"parent":0,"menu_order":0,"comment_status":"closed","ping_status":"closed","template":"","meta":{"footnotes":""},"class_list":["post-74","page","type-page","status-publish","hentry"],"_links":{"self":[{"href":"https:\/\/wp.ufpel.edu.br\/caminhografar\/wp-json\/wp\/v2\/pages\/74","targetHints":{"allow":["GET"]}}],"collection":[{"href":"https:\/\/wp.ufpel.edu.br\/caminhografar\/wp-json\/wp\/v2\/pages"}],"about":[{"href":"https:\/\/wp.ufpel.edu.br\/caminhografar\/wp-json\/wp\/v2\/types\/page"}],"author":[{"embeddable":true,"href":"https:\/\/wp.ufpel.edu.br\/caminhografar\/wp-json\/wp\/v2\/users\/716"}],"replies":[{"embeddable":true,"href":"https:\/\/wp.ufpel.edu.br\/caminhografar\/wp-json\/wp\/v2\/comments?post=74"}],"version-history":[{"count":8,"href":"https:\/\/wp.ufpel.edu.br\/caminhografar\/wp-json\/wp\/v2\/pages\/74\/revisions"}],"predecessor-version":[{"id":312,"href":"https:\/\/wp.ufpel.edu.br\/caminhografar\/wp-json\/wp\/v2\/pages\/74\/revisions\/312"}],"wp:attachment":[{"href":"https:\/\/wp.ufpel.edu.br\/caminhografar\/wp-json\/wp\/v2\/media?parent=74"}],"curies":[{"name":"wp","href":"https:\/\/api.w.org\/{rel}","templated":true}]}}