{"id":183,"date":"2019-05-05T14:22:54","date_gmt":"2019-05-05T17:22:54","guid":{"rendered":"https:\/\/wp.ufpel.edu.br\/caminhografar\/?page_id=183"},"modified":"2019-05-13T05:41:40","modified_gmt":"2019-05-13T08:41:40","slug":"monoculosmonocoli","status":"publish","type":"page","link":"https:\/\/wp.ufpel.edu.br\/caminhografar\/monoculosmonocoli\/","title":{"rendered":"monOCULOS|monOCOLI"},"content":{"rendered":"<p style=\"text-align: justify\"><strong>Espa\u00e7o:<\/strong> interven\u00e7\u00e3o com monOCULOS em caminhada da disciplina de &#8220;Arti Civiche&#8221;, com imagens de ESPIAR inscritos.<\/p>\n<p><strong>Tempo:<\/strong> dia 9 de maio de 2019, das 14h00min as 18h00min.<\/p>\n<p><strong>Bando:<\/strong> proposta pelos arquitetos Eduardo Rocha e Valentina Machado, com os alunos e demais participantes da disciplina de &#8220;Arti Civiche&#8221;.<\/p>\n<p><strong>Registro:<\/strong> mon\u00f3culos e fotografias.<\/p>\n<p><strong>Caminhografia:\u00a0<\/strong>em breve.<\/p>\n<p><img loading=\"lazy\" decoding=\"async\" class=\"aligncenter wp-image-288\" src=\"https:\/\/wp.ufpel.edu.br\/caminhografar\/files\/2019\/05\/frame-308x400.png\" alt=\"\" width=\"150\" height=\"195\" srcset=\"https:\/\/wp.ufpel.edu.br\/caminhografar\/files\/2019\/05\/frame-308x400.png 308w, https:\/\/wp.ufpel.edu.br\/caminhografar\/files\/2019\/05\/frame-768x997.png 768w, https:\/\/wp.ufpel.edu.br\/caminhografar\/files\/2019\/05\/frame-789x1024.png 789w\" sizes=\"auto, (max-width: 150px) 100vw, 150px\" \/><\/p>\n<div id='gallery-1' class='gallery galleryid-183 gallery-columns-3 gallery-size-thumbnail'><figure class='gallery-item'>\n\t\t\t<div class='gallery-icon landscape'>\n\t\t\t\t<a href='https:\/\/wp.ufpel.edu.br\/caminhografar\/monoculosmonocoli\/dscn6274\/'><img loading=\"lazy\" decoding=\"async\" width=\"200\" height=\"200\" src=\"https:\/\/wp.ufpel.edu.br\/caminhografar\/files\/2019\/05\/DSCN6274-200x200.jpg\" class=\"attachment-thumbnail size-thumbnail\" alt=\"\" srcset=\"https:\/\/wp.ufpel.edu.br\/caminhografar\/files\/2019\/05\/DSCN6274-200x200.jpg 200w, https:\/\/wp.ufpel.edu.br\/caminhografar\/files\/2019\/05\/DSCN6274-100x100.jpg 100w\" sizes=\"auto, 100vw\" \/><\/a>\n\t\t\t<\/div><\/figure><figure class='gallery-item'>\n\t\t\t<div class='gallery-icon portrait'>\n\t\t\t\t<a href='https:\/\/wp.ufpel.edu.br\/caminhografar\/monoculosmonocoli\/dscn7151\/'><img loading=\"lazy\" decoding=\"async\" width=\"200\" height=\"200\" src=\"https:\/\/wp.ufpel.edu.br\/caminhografar\/files\/2019\/05\/DSCN7151-e1557486955318-200x200.jpg\" class=\"attachment-thumbnail size-thumbnail\" alt=\"\" srcset=\"https:\/\/wp.ufpel.edu.br\/caminhografar\/files\/2019\/05\/DSCN7151-e1557486955318-200x200.jpg 200w, https:\/\/wp.ufpel.edu.br\/caminhografar\/files\/2019\/05\/DSCN7151-e1557486955318-1200x1200.jpg 1200w, https:\/\/wp.ufpel.edu.br\/caminhografar\/files\/2019\/05\/DSCN7151-e1557486955318-100x100.jpg 100w\" sizes=\"auto, 100vw\" \/><\/a>\n\t\t\t<\/div><\/figure><figure class='gallery-item'>\n\t\t\t<div class='gallery-icon portrait'>\n\t\t\t\t<a href='https:\/\/wp.ufpel.edu.br\/caminhografar\/monoculosmonocoli\/dscn7083\/'><img loading=\"lazy\" decoding=\"async\" width=\"200\" height=\"200\" src=\"https:\/\/wp.ufpel.edu.br\/caminhografar\/files\/2019\/05\/DSCN7083-e1557487287975-200x200.jpg\" class=\"attachment-thumbnail size-thumbnail\" alt=\"\" srcset=\"https:\/\/wp.ufpel.edu.br\/caminhografar\/files\/2019\/05\/DSCN7083-e1557487287975-200x200.jpg 200w, https:\/\/wp.ufpel.edu.br\/caminhografar\/files\/2019\/05\/DSCN7083-e1557487287975-1200x1200.jpg 1200w, https:\/\/wp.ufpel.edu.br\/caminhografar\/files\/2019\/05\/DSCN7083-e1557487287975-100x100.jpg 100w\" sizes=\"auto, 100vw\" \/><\/a>\n\t\t\t<\/div><\/figure><figure class='gallery-item'>\n\t\t\t<div class='gallery-icon portrait'>\n\t\t\t\t<a href='https:\/\/wp.ufpel.edu.br\/caminhografar\/monoculosmonocoli\/dscn7174\/'><img loading=\"lazy\" decoding=\"async\" width=\"200\" height=\"200\" src=\"https:\/\/wp.ufpel.edu.br\/caminhografar\/files\/2019\/05\/DSCN7174-e1557486899758-200x200.jpg\" class=\"attachment-thumbnail size-thumbnail\" alt=\"\" srcset=\"https:\/\/wp.ufpel.edu.br\/caminhografar\/files\/2019\/05\/DSCN7174-e1557486899758-200x200.jpg 200w, https:\/\/wp.ufpel.edu.br\/caminhografar\/files\/2019\/05\/DSCN7174-e1557486899758-1200x1200.jpg 1200w, https:\/\/wp.ufpel.edu.br\/caminhografar\/files\/2019\/05\/DSCN7174-e1557486899758-100x100.jpg 100w\" sizes=\"auto, 100vw\" \/><\/a>\n\t\t\t<\/div><\/figure><figure class='gallery-item'>\n\t\t\t<div class='gallery-icon landscape'>\n\t\t\t\t<a href='https:\/\/wp.ufpel.edu.br\/caminhografar\/monoculosmonocoli\/dscn7099\/'><img loading=\"lazy\" decoding=\"async\" width=\"200\" height=\"200\" src=\"https:\/\/wp.ufpel.edu.br\/caminhografar\/files\/2019\/05\/DSCN7099-200x200.jpg\" class=\"attachment-thumbnail size-thumbnail\" alt=\"\" srcset=\"https:\/\/wp.ufpel.edu.br\/caminhografar\/files\/2019\/05\/DSCN7099-200x200.jpg 200w, https:\/\/wp.ufpel.edu.br\/caminhografar\/files\/2019\/05\/DSCN7099-100x100.jpg 100w\" sizes=\"auto, 100vw\" \/><\/a>\n\t\t\t<\/div><\/figure><figure class='gallery-item'>\n\t\t\t<div class='gallery-icon portrait'>\n\t\t\t\t<a href='https:\/\/wp.ufpel.edu.br\/caminhografar\/monoculosmonocoli\/dscn7121\/'><img loading=\"lazy\" decoding=\"async\" width=\"200\" height=\"200\" src=\"https:\/\/wp.ufpel.edu.br\/caminhografar\/files\/2019\/05\/DSCN7121-e1557486836568-200x200.jpg\" class=\"attachment-thumbnail size-thumbnail\" alt=\"\" srcset=\"https:\/\/wp.ufpel.edu.br\/caminhografar\/files\/2019\/05\/DSCN7121-e1557486836568-200x200.jpg 200w, https:\/\/wp.ufpel.edu.br\/caminhografar\/files\/2019\/05\/DSCN7121-e1557486836568-1200x1200.jpg 1200w, https:\/\/wp.ufpel.edu.br\/caminhografar\/files\/2019\/05\/DSCN7121-e1557486836568-100x100.jpg 100w\" sizes=\"auto, 100vw\" \/><\/a>\n\t\t\t<\/div><\/figure><figure class='gallery-item'>\n\t\t\t<div class='gallery-icon portrait'>\n\t\t\t\t<a href='https:\/\/wp.ufpel.edu.br\/caminhografar\/monoculosmonocoli\/dscn7096\/'><img loading=\"lazy\" decoding=\"async\" width=\"200\" height=\"200\" src=\"https:\/\/wp.ufpel.edu.br\/caminhografar\/files\/2019\/05\/DSCN7096-e1557486976847-200x200.jpg\" class=\"attachment-thumbnail size-thumbnail\" alt=\"\" srcset=\"https:\/\/wp.ufpel.edu.br\/caminhografar\/files\/2019\/05\/DSCN7096-e1557486976847-200x200.jpg 200w, https:\/\/wp.ufpel.edu.br\/caminhografar\/files\/2019\/05\/DSCN7096-e1557486976847-1200x1200.jpg 1200w, https:\/\/wp.ufpel.edu.br\/caminhografar\/files\/2019\/05\/DSCN7096-e1557486976847-100x100.jpg 100w\" sizes=\"auto, 100vw\" \/><\/a>\n\t\t\t<\/div><\/figure><figure class='gallery-item'>\n\t\t\t<div class='gallery-icon landscape'>\n\t\t\t\t<a href='https:\/\/wp.ufpel.edu.br\/caminhografar\/monoculosmonocoli\/dscn6275\/'><img loading=\"lazy\" decoding=\"async\" width=\"200\" height=\"200\" src=\"https:\/\/wp.ufpel.edu.br\/caminhografar\/files\/2019\/05\/DSCN6275-200x200.jpg\" class=\"attachment-thumbnail size-thumbnail\" alt=\"\" srcset=\"https:\/\/wp.ufpel.edu.br\/caminhografar\/files\/2019\/05\/DSCN6275-200x200.jpg 200w, https:\/\/wp.ufpel.edu.br\/caminhografar\/files\/2019\/05\/DSCN6275-100x100.jpg 100w\" sizes=\"auto, 100vw\" \/><\/a>\n\t\t\t<\/div><\/figure><figure class='gallery-item'>\n\t\t\t<div class='gallery-icon portrait'>\n\t\t\t\t<a href='https:\/\/wp.ufpel.edu.br\/caminhografar\/monoculosmonocoli\/dscn7108\/'><img loading=\"lazy\" decoding=\"async\" width=\"200\" height=\"200\" src=\"https:\/\/wp.ufpel.edu.br\/caminhografar\/files\/2019\/05\/DSCN7108-e1557486866898-200x200.jpg\" class=\"attachment-thumbnail size-thumbnail\" alt=\"\" srcset=\"https:\/\/wp.ufpel.edu.br\/caminhografar\/files\/2019\/05\/DSCN7108-e1557486866898-200x200.jpg 200w, https:\/\/wp.ufpel.edu.br\/caminhografar\/files\/2019\/05\/DSCN7108-e1557486866898-1200x1200.jpg 1200w, https:\/\/wp.ufpel.edu.br\/caminhografar\/files\/2019\/05\/DSCN7108-e1557486866898-100x100.jpg 100w\" sizes=\"auto, 100vw\" \/><\/a>\n\t\t\t<\/div><\/figure><figure class='gallery-item'>\n\t\t\t<div class='gallery-icon landscape'>\n\t\t\t\t<a href='https:\/\/wp.ufpel.edu.br\/caminhografar\/monoculosmonocoli\/dscn6270\/'><img loading=\"lazy\" decoding=\"async\" width=\"200\" height=\"200\" src=\"https:\/\/wp.ufpel.edu.br\/caminhografar\/files\/2019\/05\/DSCN6270-200x200.jpg\" class=\"attachment-thumbnail size-thumbnail\" alt=\"\" srcset=\"https:\/\/wp.ufpel.edu.br\/caminhografar\/files\/2019\/05\/DSCN6270-200x200.jpg 200w, https:\/\/wp.ufpel.edu.br\/caminhografar\/files\/2019\/05\/DSCN6270-100x100.jpg 100w\" sizes=\"auto, 100vw\" \/><\/a>\n\t\t\t<\/div><\/figure><figure class='gallery-item'>\n\t\t\t<div class='gallery-icon portrait'>\n\t\t\t\t<a href='https:\/\/wp.ufpel.edu.br\/caminhografar\/monoculosmonocoli\/dscn7148\/'><img loading=\"lazy\" decoding=\"async\" width=\"200\" height=\"200\" src=\"https:\/\/wp.ufpel.edu.br\/caminhografar\/files\/2019\/05\/DSCN7148-e1557486803395-200x200.jpg\" class=\"attachment-thumbnail size-thumbnail\" alt=\"\" srcset=\"https:\/\/wp.ufpel.edu.br\/caminhografar\/files\/2019\/05\/DSCN7148-e1557486803395-200x200.jpg 200w, https:\/\/wp.ufpel.edu.br\/caminhografar\/files\/2019\/05\/DSCN7148-e1557486803395-1200x1200.jpg 1200w, https:\/\/wp.ufpel.edu.br\/caminhografar\/files\/2019\/05\/DSCN7148-e1557486803395-100x100.jpg 100w\" sizes=\"auto, 100vw\" \/><\/a>\n\t\t\t<\/div><\/figure><figure class='gallery-item'>\n\t\t\t<div class='gallery-icon portrait'>\n\t\t\t\t<a href='https:\/\/wp.ufpel.edu.br\/caminhografar\/monoculosmonocoli\/dscn7156\/'><img loading=\"lazy\" decoding=\"async\" width=\"200\" height=\"200\" src=\"https:\/\/wp.ufpel.edu.br\/caminhografar\/files\/2019\/05\/DSCN7156-e1557486927651-200x200.jpg\" class=\"attachment-thumbnail size-thumbnail\" alt=\"\" srcset=\"https:\/\/wp.ufpel.edu.br\/caminhografar\/files\/2019\/05\/DSCN7156-e1557486927651-200x200.jpg 200w, https:\/\/wp.ufpel.edu.br\/caminhografar\/files\/2019\/05\/DSCN7156-e1557486927651-1200x1200.jpg 1200w, https:\/\/wp.ufpel.edu.br\/caminhografar\/files\/2019\/05\/DSCN7156-e1557486927651-100x100.jpg 100w\" sizes=\"auto, 100vw\" \/><\/a>\n\t\t\t<\/div><\/figure>\n\t\t<\/div>\n\n","protected":false},"excerpt":{"rendered":"<p>Espa\u00e7o: interven\u00e7\u00e3o com monOCULOS em caminhada da disciplina de &#8220;Arti Civiche&#8221;, com imagens de ESPIAR inscritos. Tempo: dia 9 de maio de 2019, das 14h00min as 18h00min. Bando: proposta pelos arquitetos Eduardo Rocha e Valentina Machado, com os alunos e demais participantes da disciplina de &#8220;Arti Civiche&#8221;. Registro: mon\u00f3culos e fotografias. Caminhografia:\u00a0em breve.<\/p>\n","protected":false},"author":716,"featured_media":0,"parent":0,"menu_order":0,"comment_status":"closed","ping_status":"closed","template":"","meta":{"footnotes":""},"class_list":["post-183","page","type-page","status-publish","hentry"],"_links":{"self":[{"href":"https:\/\/wp.ufpel.edu.br\/caminhografar\/wp-json\/wp\/v2\/pages\/183","targetHints":{"allow":["GET"]}}],"collection":[{"href":"https:\/\/wp.ufpel.edu.br\/caminhografar\/wp-json\/wp\/v2\/pages"}],"about":[{"href":"https:\/\/wp.ufpel.edu.br\/caminhografar\/wp-json\/wp\/v2\/types\/page"}],"author":[{"embeddable":true,"href":"https:\/\/wp.ufpel.edu.br\/caminhografar\/wp-json\/wp\/v2\/users\/716"}],"replies":[{"embeddable":true,"href":"https:\/\/wp.ufpel.edu.br\/caminhografar\/wp-json\/wp\/v2\/comments?post=183"}],"version-history":[{"count":18,"href":"https:\/\/wp.ufpel.edu.br\/caminhografar\/wp-json\/wp\/v2\/pages\/183\/revisions"}],"predecessor-version":[{"id":375,"href":"https:\/\/wp.ufpel.edu.br\/caminhografar\/wp-json\/wp\/v2\/pages\/183\/revisions\/375"}],"wp:attachment":[{"href":"https:\/\/wp.ufpel.edu.br\/caminhografar\/wp-json\/wp\/v2\/media?parent=183"}],"curies":[{"name":"wp","href":"https:\/\/api.w.org\/{rel}","templated":true}]}}