{"id":14,"date":"2019-03-26T06:40:29","date_gmt":"2019-03-26T09:40:29","guid":{"rendered":"https:\/\/wp.ufpel.edu.br\/caminhografar\/?page_id=14"},"modified":"2019-05-09T05:49:57","modified_gmt":"2019-05-09T08:49:57","slug":"caminhar","status":"publish","type":"page","link":"https:\/\/wp.ufpel.edu.br\/caminhografar\/caminhar\/","title":{"rendered":"CAMINHOGRAFIAS"},"content":{"rendered":"<table style=\"height: 307px;width: 118.826%;border-collapse: collapse;border-style: hidden\" border=\"1\">\n<tbody>\n<tr style=\"height: 294px\">\n<td style=\"width: 33.2366%;border-style: hidden;text-align: center;vertical-align: middle;height: 294px\">\n<p><span style=\"font-size: 12pt\"><a href=\"https:\/\/wp.ufpel.edu.br\/caminhografar\/ceus\/\"><img loading=\"lazy\" decoding=\"async\" class=\"aligncenter wp-image-97 size-thumbnail\" src=\"https:\/\/wp.ufpel.edu.br\/caminhografar\/files\/2019\/05\/ceu-de-roma-200x200.png\" alt=\"\" width=\"200\" height=\"200\" srcset=\"https:\/\/wp.ufpel.edu.br\/caminhografar\/files\/2019\/05\/ceu-de-roma-200x200.png 200w, https:\/\/wp.ufpel.edu.br\/caminhografar\/files\/2019\/05\/ceu-de-roma-100x100.png 100w\" sizes=\"auto, (max-width: 200px) 100vw, 200px\" \/><\/a><\/span><\/p>\n<p>&nbsp;<\/p>\n<p><span style=\"font-size: 12pt\"><a href=\"https:\/\/wp.ufpel.edu.br\/caminhografar\/ceus\/\"><strong>C\u00e9US menores<\/strong><\/a><\/span><\/td>\n<td style=\"width: 33.3817%;border-style: hidden;text-align: center;vertical-align: middle;height: 294px\">\n<p>&nbsp;<\/p>\n<p><span style=\"font-size: 12pt\"><a href=\"https:\/\/wp.ufpel.edu.br\/caminhografar\/espiar\/\"><img loading=\"lazy\" decoding=\"async\" class=\"aligncenter wp-image-96 size-thumbnail\" src=\"https:\/\/wp.ufpel.edu.br\/caminhografar\/files\/2019\/05\/DSCN5241-200x200.jpg\" alt=\"\" width=\"200\" height=\"200\" srcset=\"https:\/\/wp.ufpel.edu.br\/caminhografar\/files\/2019\/05\/DSCN5241-200x200.jpg 200w, https:\/\/wp.ufpel.edu.br\/caminhografar\/files\/2019\/05\/DSCN5241-100x100.jpg 100w\" sizes=\"auto, (max-width: 200px) 100vw, 200px\" \/><\/a><\/span><\/p>\n<p><span style=\"font-size: 12pt\"><a href=\"https:\/\/wp.ufpel.edu.br\/caminhografar\/espiar\/\"><strong>ESPIAR inscritos<\/strong><\/a><\/span><\/td>\n<td style=\"width: 33.3817%;border-style: hidden;text-align: center;vertical-align: middle;height: 294px\">\n<p>&nbsp;<\/p>\n<p><span style=\"font-size: 12pt\"><a href=\"https:\/\/wp.ufpel.edu.br\/caminhografar\/margens\/\"><img loading=\"lazy\" decoding=\"async\" class=\"aligncenter wp-image-98 size-thumbnail\" src=\"https:\/\/wp.ufpel.edu.br\/caminhografar\/files\/2019\/05\/ratos-200x200.jpg\" alt=\"\" width=\"200\" height=\"200\" srcset=\"https:\/\/wp.ufpel.edu.br\/caminhografar\/files\/2019\/05\/ratos-200x200.jpg 200w, https:\/\/wp.ufpel.edu.br\/caminhografar\/files\/2019\/05\/ratos-100x100.jpg 100w\" sizes=\"auto, (max-width: 200px) 100vw, 200px\" \/><\/a><\/span><\/p>\n<p><span style=\"font-size: 12pt\"><a href=\"https:\/\/wp.ufpel.edu.br\/caminhografar\/margens\/\"><strong>MARGENS selv\u00e1ticas<\/strong><\/a><\/span><\/td>\n<\/tr>\n<tr>\n<td style=\"width: 33.2366%;border-style: hidden;text-align: center;vertical-align: middle\">\n<p><img loading=\"lazy\" decoding=\"async\" class=\"aligncenter wp-image-166 size-thumbnail\" src=\"https:\/\/wp.ufpel.edu.br\/caminhografar\/files\/2019\/05\/Captura-de-Tela-2019-05-05-a\u0300s-17.28.40-e1557070274211-200x200.png\" alt=\"\" width=\"200\" height=\"200\" srcset=\"https:\/\/wp.ufpel.edu.br\/caminhografar\/files\/2019\/05\/Captura-de-Tela-2019-05-05-a\u0300s-17.28.40-e1557070274211-200x200.png 200w, https:\/\/wp.ufpel.edu.br\/caminhografar\/files\/2019\/05\/Captura-de-Tela-2019-05-05-a\u0300s-17.28.40-e1557070274211-100x100.png 100w\" sizes=\"auto, (max-width: 200px) 100vw, 200px\" \/><\/p>\n<p><a href=\"https:\/\/wp.ufpel.edu.br\/caminhografar\/amorsatolep\/\"><strong><span style=\"font-size: 12pt\">amoRsatoleP<\/span><\/strong><\/a><\/td>\n<td style=\"width: 33.3817%;border-style: hidden;text-align: center;vertical-align: middle\">\n<p><img loading=\"lazy\" decoding=\"async\" class=\"wp-image-197 size-thumbnail\" src=\"https:\/\/wp.ufpel.edu.br\/caminhografar\/files\/2019\/05\/IMG_20190405_112257-200x200.jpg\" alt=\"\" width=\"200\" height=\"200\" srcset=\"https:\/\/wp.ufpel.edu.br\/caminhografar\/files\/2019\/05\/IMG_20190405_112257-200x200.jpg 200w, https:\/\/wp.ufpel.edu.br\/caminhografar\/files\/2019\/05\/IMG_20190405_112257-100x100.jpg 100w\" sizes=\"auto, (max-width: 200px) 100vw, 200px\" \/><\/p>\n<p><a href=\"https:\/\/wp.ufpel.edu.br\/caminhografar\/roma-sinistra\/\"><strong>ROMA tem\u00edvel<\/strong><\/a><\/td>\n<td style=\"width: 33.3817%;border-style: hidden;text-align: center;vertical-align: middle\">\n<p><img loading=\"lazy\" decoding=\"async\" class=\"aligncenter wp-image-290 size-thumbnail\" src=\"https:\/\/wp.ufpel.edu.br\/caminhografar\/files\/2019\/05\/DSCN6270-200x200.jpg\" alt=\"\" width=\"200\" height=\"200\" srcset=\"https:\/\/wp.ufpel.edu.br\/caminhografar\/files\/2019\/05\/DSCN6270-200x200.jpg 200w, https:\/\/wp.ufpel.edu.br\/caminhografar\/files\/2019\/05\/DSCN6270-100x100.jpg 100w\" sizes=\"auto, (max-width: 200px) 100vw, 200px\" \/><\/p>\n<p><a href=\"https:\/\/wp.ufpel.edu.br\/caminhografar\/monoculosmonocoli\/\"><strong>monOCULOS|monOCOLI<\/strong><\/a><\/td>\n<\/tr>\n<tr>\n<td style=\"width: 33.2366%;border-style: hidden;text-align: center;vertical-align: middle\"><\/td>\n<td style=\"width: 33.3817%;border-style: hidden;text-align: center;vertical-align: middle\">\n<p><img loading=\"lazy\" decoding=\"async\" class=\"aligncenter wp-image-323 size-thumbnail\" src=\"https:\/\/wp.ufpel.edu.br\/caminhografar\/files\/2019\/05\/DSCN6978-200x200.jpg\" alt=\"\" width=\"200\" height=\"200\" srcset=\"https:\/\/wp.ufpel.edu.br\/caminhografar\/files\/2019\/05\/DSCN6978-200x200.jpg 200w, https:\/\/wp.ufpel.edu.br\/caminhografar\/files\/2019\/05\/DSCN6978-100x100.jpg 100w\" sizes=\"auto, (max-width: 200px) 100vw, 200px\" \/><\/p>\n<p><strong>\u00cdNFIMA natureza<\/strong><\/td>\n<td style=\"width: 33.3817%;border-style: hidden;text-align: center;vertical-align: middle\"><\/td>\n<\/tr>\n<\/tbody>\n<\/table>\n<p>&nbsp;<\/p>\n","protected":false},"excerpt":{"rendered":"<p>&nbsp; C\u00e9US menores &nbsp; ESPIAR inscritos &nbsp; MARGENS selv\u00e1ticas amoRsatoleP ROMA tem\u00edvel monOCULOS|monOCOLI \u00cdNFIMA natureza &nbsp;<\/p>\n","protected":false},"author":716,"featured_media":0,"parent":0,"menu_order":0,"comment_status":"closed","ping_status":"closed","template":"","meta":{"footnotes":""},"class_list":["post-14","page","type-page","status-publish","hentry"],"_links":{"self":[{"href":"https:\/\/wp.ufpel.edu.br\/caminhografar\/wp-json\/wp\/v2\/pages\/14","targetHints":{"allow":["GET"]}}],"collection":[{"href":"https:\/\/wp.ufpel.edu.br\/caminhografar\/wp-json\/wp\/v2\/pages"}],"about":[{"href":"https:\/\/wp.ufpel.edu.br\/caminhografar\/wp-json\/wp\/v2\/types\/page"}],"author":[{"embeddable":true,"href":"https:\/\/wp.ufpel.edu.br\/caminhografar\/wp-json\/wp\/v2\/users\/716"}],"replies":[{"embeddable":true,"href":"https:\/\/wp.ufpel.edu.br\/caminhografar\/wp-json\/wp\/v2\/comments?post=14"}],"version-history":[{"count":36,"href":"https:\/\/wp.ufpel.edu.br\/caminhografar\/wp-json\/wp\/v2\/pages\/14\/revisions"}],"predecessor-version":[{"id":325,"href":"https:\/\/wp.ufpel.edu.br\/caminhografar\/wp-json\/wp\/v2\/pages\/14\/revisions\/325"}],"wp:attachment":[{"href":"https:\/\/wp.ufpel.edu.br\/caminhografar\/wp-json\/wp\/v2\/media?parent=14"}],"curies":[{"name":"wp","href":"https:\/\/api.w.org\/{rel}","templated":true}]}}