{"id":9,"date":"2014-06-10T08:34:04","date_gmt":"2014-06-10T11:34:04","guid":{"rendered":"https:\/\/wp.ufpel.edu.br\/camaradepesquisa\/?page_id=9"},"modified":"2021-10-13T18:32:45","modified_gmt":"2021-10-13T21:32:45","slug":"membros","status":"publish","type":"page","link":"https:\/\/wp.ufpel.edu.br\/camaradepesquisa\/membros\/","title":{"rendered":"Membros"},"content":{"rendered":"<h1 style=\"text-align: center\"><strong>Gest\u00e3o 11\/2019- 10\/2021<\/strong><\/h1>\n<h3 style=\"text-align: center\"><em><strong>Chefe da C\u00e2mara de Pesquisa\u00a0<\/strong><\/em><\/h3>\n<h3 style=\"text-align: center\">Prof\u00aa Karina \u00c1vila Pereira<\/h3>\n<p>&nbsp;<\/p>\n<h4><em><strong>Representantes da linha de pesquisa Estudos em Jornalismo<\/strong><\/em><\/h4>\n<h4>Profa. \u00a0Michele Negrini (titular)<\/h4>\n<h4>Prof. Carlos Andr\u00e9 Dominguez\u00a0(suplente)<\/h4>\n<h4><\/h4>\n<h4><strong><em>Representantes \u00a0da linha de pesquisa Descri\u00e7\u00e3o e An\u00e1lise de Fen\u00f4menos Lingu\u00edsticos<\/em><\/strong><\/h4>\n<h4>Prof\u00aa Rejane Machado\u00a0(titular)<\/h4>\n<h4><\/h4>\n<h4>\u00a0<strong>Representantes da linha de pesquisa Ensino e Aprendizagem de L\u00ednguas<\/strong><\/h4>\n<h4>Prof\u00aa. Let\u00edcia Freitas\u00a0(titular)<\/h4>\n<h4>Prof\u00aa. Karina Pereira\u00a0(suplente)<\/h4>\n<h4><\/h4>\n<h4><strong>Representantes da linha de pesquisa Estudos da Tradu\u00e7\u00e3o<\/strong><\/h4>\n<h4>Prof\u00aa. Andrea Kahmann (titular)<\/h4>\n<h4><\/h4>\n<h4><strong>Representantes da linha de pesquisa Estudos de Intertextualidade<\/strong><\/h4>\n<h4>Prof\u00aa. Cl\u00e1udia Lorena\u00a0(titular)<\/h4>\n<h4>Prof\u00aa. Beatriz Vi\u00e9gas-Faria (suplente)<\/h4>\n<h4><\/h4>\n<h4><strong>Representante da linha de pesquisa Texto, Discurso e Sociedade<\/strong><\/h4>\n<h4 style=\"color: #333333\">Prof\u00aa. Cleide In\u00eas Wittke (titular)<\/h4>\n<h4 style=\"color: #333333\">Prof\u00aa. Renata Kabke Pinheiro (suplente)<\/h4>\n<h4 style=\"color: #333333\"><\/h4>\n<h4 style=\"color: #333333\"><strong>Representante da linha de pesquisa Estudos de\u00a0Literatura e Hist\u00f3ria\u00a0<\/strong><\/h4>\n<h4 style=\"color: #333333\">Prof. Eduardo Marks de Marques\u00a0\u00a0(titular)<\/h4>\n<h4>Prof. Uruguay Cortazzo Gonz\u00e1lez (suplente)<\/h4>\n<p>&nbsp;<\/p>\n<h4><strong>Representantes docentes do Programa de P\u00f3s-Gradua\u00e7\u00e3o em Letras\/Mestrado<\/strong><\/h4>\n<h4>Prof\u00aa. Daiane Neumann (titular)<\/h4>\n<h4>Prof\u00aa. Luciana Vinhas (suplente)<\/h4>\n<h4><\/h4>\n<h4>\u00a0<strong>Representantes discentes de Gradua\u00e7\u00e3o<\/strong><\/h4>\n<h4>Thalyta Bruna Costa do Lago\u00a0(titular)<\/h4>\n<h4>J\u00e9ssica Iung da Silva (suplente)<\/h4>\n<p>&nbsp;<\/p>\n<h4><strong>Representante dos servidores em n\u00edvel t\u00e9cnico-administrativo<\/strong><\/h4>\n<h4>Vladimir Beskow Vargas<\/h4>\n","protected":false},"excerpt":{"rendered":"<p>Gest\u00e3o 11\/2019- 10\/2021 Chefe da C\u00e2mara de Pesquisa\u00a0 Prof\u00aa Karina \u00c1vila Pereira &nbsp; Representantes da linha de pesquisa Estudos em Jornalismo Profa. \u00a0Michele Negrini (titular) Prof. Carlos Andr\u00e9 Dominguez\u00a0(suplente) Representantes \u00a0da linha de pesquisa Descri\u00e7\u00e3o e An\u00e1lise de Fen\u00f4menos Lingu\u00edsticos&#8230; <a class=\"more-link\" href=\"https:\/\/wp.ufpel.edu.br\/camaradepesquisa\/membros\/\">Continue lendo &rarr;<\/a><\/p>\n","protected":false},"author":386,"featured_media":0,"parent":0,"menu_order":2,"comment_status":"closed","ping_status":"closed","template":"","meta":{"footnotes":""},"class_list":["post-9","page","type-page","status-publish","hentry"],"jetpack_sharing_enabled":true,"_links":{"self":[{"href":"https:\/\/wp.ufpel.edu.br\/camaradepesquisa\/wp-json\/wp\/v2\/pages\/9","targetHints":{"allow":["GET"]}}],"collection":[{"href":"https:\/\/wp.ufpel.edu.br\/camaradepesquisa\/wp-json\/wp\/v2\/pages"}],"about":[{"href":"https:\/\/wp.ufpel.edu.br\/camaradepesquisa\/wp-json\/wp\/v2\/types\/page"}],"author":[{"embeddable":true,"href":"https:\/\/wp.ufpel.edu.br\/camaradepesquisa\/wp-json\/wp\/v2\/users\/386"}],"replies":[{"embeddable":true,"href":"https:\/\/wp.ufpel.edu.br\/camaradepesquisa\/wp-json\/wp\/v2\/comments?post=9"}],"version-history":[{"count":22,"href":"https:\/\/wp.ufpel.edu.br\/camaradepesquisa\/wp-json\/wp\/v2\/pages\/9\/revisions"}],"predecessor-version":[{"id":209,"href":"https:\/\/wp.ufpel.edu.br\/camaradepesquisa\/wp-json\/wp\/v2\/pages\/9\/revisions\/209"}],"wp:attachment":[{"href":"https:\/\/wp.ufpel.edu.br\/camaradepesquisa\/wp-json\/wp\/v2\/media?parent=9"}],"curies":[{"name":"wp","href":"https:\/\/api.w.org\/{rel}","templated":true}]}}