{"id":463,"date":"2020-06-26T22:07:15","date_gmt":"2020-06-27T01:07:15","guid":{"rendered":"https:\/\/wp.ufpel.edu.br\/camaradepesquisa\/?page_id=463"},"modified":"2020-06-26T22:07:42","modified_gmt":"2020-06-27T01:07:42","slug":"insercao-e-ou-finalizacao-de-novos-membros-em-projetos-de-pesquisa-ja-aprovados","status":"publish","type":"page","link":"https:\/\/wp.ufpel.edu.br\/camaradepesquisa\/insercao-e-ou-finalizacao-de-novos-membros-em-projetos-de-pesquisa-ja-aprovados\/","title":{"rendered":"Inser\u00e7\u00e3o e\/ou Finaliza\u00e7\u00e3o de Novos Membros em Projetos de Pesquisa j\u00e1 aprovados"},"content":{"rendered":"<p>Inser\u00e7\u00e3o e\/ou Finaliza\u00e7\u00e3o de Novos Membros em Projetos de Pesquisa j\u00e1 aprovados:<\/p>\n<p>1\u00ba abrir um processo do tipo \u201cProjetos de Pesquisa: Proposi\u00e7\u00e3o\u201d no\u00a0<a href=\"https:\/\/sei.ufpel.edu.br\/sei\/\">SEI<\/a>\u00a0com CPF e senha do Cobalto do(a) coordenador(a) do projeto;<\/p>\n<p>2\u00ba selecionar \u201cincluir documento\u201d do tipo \u201cPRPPGI: Inser\u00e7\u00e3o\/Finaliza\u00e7\u00e3o de participa\u00e7\u00e3o\u201d e preencher as informa\u00e7\u00f5es solicitadas;<\/p>\n<p>3\u00ba encaminhar o processo via SEI para concord\u00e2ncia das chefias (o documento deve ser assinado). *Se a inclus\u00e3o for somente de alunos ou colaboradores externos (n\u00e3o-UFPel), basta a assinatura do(a) coordenador(a) do projeto;<\/p>\n<p>4\u00ba encaminhar o processo para o N\u00facleo de Apoio a Projetos (NAP).<\/p>\n<p>Para inser\u00e7\u00e3o e\/ou finaliza\u00e7\u00e3o de novos membros externos \u00e0 UFPel, o(a) coordenador(a) do projeto deve enviar junto a solicita\u00e7\u00e3o memorando com\u00a0as seguintes informa\u00e7\u00f5es:<\/p>\n<p>-Nome, e-mail, CPF, RG (e \u00f3rg\u00e3o expedidor) e e-mail do colaborador externo (n\u00e3o-UFPel).<\/p>\n<p>&nbsp;<\/p>\n","protected":false},"excerpt":{"rendered":"<p>Inser\u00e7\u00e3o e\/ou Finaliza\u00e7\u00e3o de Novos Membros em Projetos de Pesquisa j\u00e1 aprovados: 1\u00ba abrir um processo do tipo \u201cProjetos de Pesquisa: Proposi\u00e7\u00e3o\u201d no\u00a0SEI\u00a0com CPF e senha do Cobalto do(a) coordenador(a) do projeto; 2\u00ba selecionar \u201cincluir documento\u201d do tipo \u201cPRPPGI: Inser\u00e7\u00e3o\/Finaliza\u00e7\u00e3o&#8230; <a class=\"more-link\" href=\"https:\/\/wp.ufpel.edu.br\/camaradepesquisa\/insercao-e-ou-finalizacao-de-novos-membros-em-projetos-de-pesquisa-ja-aprovados\/\">Continue lendo &rarr;<\/a><\/p>\n","protected":false},"author":436,"featured_media":0,"parent":0,"menu_order":0,"comment_status":"closed","ping_status":"closed","template":"","meta":{"footnotes":""},"class_list":["post-463","page","type-page","status-publish","hentry"],"jetpack_sharing_enabled":true,"_links":{"self":[{"href":"https:\/\/wp.ufpel.edu.br\/camaradepesquisa\/wp-json\/wp\/v2\/pages\/463","targetHints":{"allow":["GET"]}}],"collection":[{"href":"https:\/\/wp.ufpel.edu.br\/camaradepesquisa\/wp-json\/wp\/v2\/pages"}],"about":[{"href":"https:\/\/wp.ufpel.edu.br\/camaradepesquisa\/wp-json\/wp\/v2\/types\/page"}],"author":[{"embeddable":true,"href":"https:\/\/wp.ufpel.edu.br\/camaradepesquisa\/wp-json\/wp\/v2\/users\/436"}],"replies":[{"embeddable":true,"href":"https:\/\/wp.ufpel.edu.br\/camaradepesquisa\/wp-json\/wp\/v2\/comments?post=463"}],"version-history":[{"count":1,"href":"https:\/\/wp.ufpel.edu.br\/camaradepesquisa\/wp-json\/wp\/v2\/pages\/463\/revisions"}],"predecessor-version":[{"id":465,"href":"https:\/\/wp.ufpel.edu.br\/camaradepesquisa\/wp-json\/wp\/v2\/pages\/463\/revisions\/465"}],"wp:attachment":[{"href":"https:\/\/wp.ufpel.edu.br\/camaradepesquisa\/wp-json\/wp\/v2\/media?parent=463"}],"curies":[{"name":"wp","href":"https:\/\/api.w.org\/{rel}","templated":true}]}}