{"id":452,"date":"2020-06-26T20:14:12","date_gmt":"2020-06-26T23:14:12","guid":{"rendered":"https:\/\/wp.ufpel.edu.br\/camaradepesquisa\/?page_id=452"},"modified":"2020-06-26T20:14:45","modified_gmt":"2020-06-26T23:14:45","slug":"relatorio-final-de-projetos-de-pesquisa","status":"publish","type":"page","link":"https:\/\/wp.ufpel.edu.br\/camaradepesquisa\/relatorio-final-de-projetos-de-pesquisa\/","title":{"rendered":"Relat\u00f3rio final de projetos de pesquisa"},"content":{"rendered":"<p><strong>RELAT\u00d3RIOS FINAIS DE PROJETOS DE PESQUISA<\/strong><\/p>\n<p>Os relat\u00f3rios finais de projetos de pesquisa devem ser enviados \u00e0 PRPPGI atrav\u00e9s do SEI:<\/p>\n<p>1\u00ba abrir um processo do tipo \u201cProjeto de Pesquisa: Resultados\u201d no\u00a0<a href=\"https:\/\/sei.ufpel.edu.br\/sei\/\">SEI<\/a>\u00a0com CPF e senha do(a) coordenador(a) do projeto;<\/p>\n<p>2\u00ba selecionar \u201cincluir documento\u201d do tipo \u201cPRPPGI Relat\u00f3rio Final de Projeto de Pesquisa\u201d;<\/p>\n<p>3\u00ba encaminhar o processo via SEI para assinatura das chefias;<\/p>\n<p>4\u00ba encaminhar o processo para o N\u00facleo de Apoio a Projetos (NAP).<\/p>\n<p>O envio do Relat\u00f3rio Final de Projetos de Pesquisa deve ser feito at\u00e9 30 dias ap\u00f3s a finaliza\u00e7\u00e3o do projeto no cobalto ou quando o(a) coordenador(a) desejar encerrar o projeto antes da data prevista inicialmente.<\/p>\n<div class=\"sharedaddy sd-sharing-enabled\"><\/div>\n<div class=\"sharedaddy sd-sharing-enabled\"><\/div>\n","protected":false},"excerpt":{"rendered":"<p>RELAT\u00d3RIOS FINAIS DE PROJETOS DE PESQUISA Os relat\u00f3rios finais de projetos de pesquisa devem ser enviados \u00e0 PRPPGI atrav\u00e9s do SEI: 1\u00ba abrir um processo do tipo \u201cProjeto de Pesquisa: Resultados\u201d no\u00a0SEI\u00a0com CPF e senha do(a) coordenador(a) do projeto; 2\u00ba&#8230; <a class=\"more-link\" href=\"https:\/\/wp.ufpel.edu.br\/camaradepesquisa\/relatorio-final-de-projetos-de-pesquisa\/\">Continue lendo &rarr;<\/a><\/p>\n","protected":false},"author":436,"featured_media":0,"parent":0,"menu_order":0,"comment_status":"closed","ping_status":"closed","template":"","meta":{"footnotes":""},"class_list":["post-452","page","type-page","status-publish","hentry"],"jetpack_sharing_enabled":true,"_links":{"self":[{"href":"https:\/\/wp.ufpel.edu.br\/camaradepesquisa\/wp-json\/wp\/v2\/pages\/452","targetHints":{"allow":["GET"]}}],"collection":[{"href":"https:\/\/wp.ufpel.edu.br\/camaradepesquisa\/wp-json\/wp\/v2\/pages"}],"about":[{"href":"https:\/\/wp.ufpel.edu.br\/camaradepesquisa\/wp-json\/wp\/v2\/types\/page"}],"author":[{"embeddable":true,"href":"https:\/\/wp.ufpel.edu.br\/camaradepesquisa\/wp-json\/wp\/v2\/users\/436"}],"replies":[{"embeddable":true,"href":"https:\/\/wp.ufpel.edu.br\/camaradepesquisa\/wp-json\/wp\/v2\/comments?post=452"}],"version-history":[{"count":1,"href":"https:\/\/wp.ufpel.edu.br\/camaradepesquisa\/wp-json\/wp\/v2\/pages\/452\/revisions"}],"predecessor-version":[{"id":454,"href":"https:\/\/wp.ufpel.edu.br\/camaradepesquisa\/wp-json\/wp\/v2\/pages\/452\/revisions\/454"}],"wp:attachment":[{"href":"https:\/\/wp.ufpel.edu.br\/camaradepesquisa\/wp-json\/wp\/v2\/media?parent=452"}],"curies":[{"name":"wp","href":"https:\/\/api.w.org\/{rel}","templated":true}]}}