{"id":117,"date":"2014-08-18T16:31:32","date_gmt":"2014-08-18T19:31:32","guid":{"rendered":"https:\/\/wp.ufpel.edu.br\/camaradepesquisa\/?page_id=117"},"modified":"2014-08-18T17:04:02","modified_gmt":"2014-08-18T20:04:02","slug":"linhas-de-pesquisa","status":"publish","type":"page","link":"https:\/\/wp.ufpel.edu.br\/camaradepesquisa\/pesquisadores-do-clc\/linhas-de-pesquisa\/","title":{"rendered":"Linhas de pesquisa"},"content":{"rendered":"<p><span style=\"color: #0000ff\"><strong>Descri\u00e7\u00e3o e An\u00e1lise dos Fen\u00f4menos Lingu\u00edsticos<\/strong><\/span><br \/>\nCom base em estudos da Lingu\u00edstica, esta linha de pesquisa pretende reunir e estimular projetos que descrevam e analisem fen\u00f4menos lingu\u00edsticos relativos aos diversos n\u00edveis constitutivos da linguagem com poss\u00edveis implica\u00e7\u00f5es pedag\u00f3gicas.<\/p>\n<p><strong><span style=\"color: #0000ff\">Ensino e Aprendizagem de L\u00ednguas<\/span><\/strong><br \/>\nCom base em estudos de Lingu\u00edstica Aplicada, esta linha de pesquisa pretende reunir e estimular projetos voltados para processos de ensino e aprendizagem de l\u00ednguas materna e estrangeiras.<\/p>\n<p><strong><span style=\"color: #0000ff\">Estudos de Intertextualidade<\/span><\/strong><br \/>\nAn\u00e1lise e interpreta\u00e7\u00e3o de textos liter\u00e1rios a partir das teorias da intertextualidade e dos princ\u00edpios da interdisciplinaridade, operando a aproxima\u00e7\u00e3o de textos liter\u00e1rios entre si, bem como do liter\u00e1rio com outras textualidades culturais e est\u00e9ticas.<\/p>\n<p><strong><span style=\"color: #0000ff\">Estudos de Literatura e Hist\u00f3ria<\/span><\/strong><br \/>\nProblematiza\u00e7\u00e3o e discuss\u00e3o das intera\u00e7\u00f5es entre a literatura, cultura e hist\u00f3ria, objetivando estudar forma\u00e7\u00f5es identit\u00e1rias, mem\u00f3rias, cat\u00e1strofes, ideologias, suas rela\u00e7\u00f5es com sistemas liter\u00e1rios e contexto hist\u00f3rico cultural e suas representa\u00e7\u00f5es em textos liter\u00e1rios e n\u00e3o-liter\u00e1rios.<\/p>\n<p><span style=\"color: #0000ff\"><strong>Estudos da Tradu\u00e7\u00e3o<\/strong><\/span><br \/>\nEsta linha de pesquisa prev\u00ea a investiga\u00e7\u00e3o de quest\u00f5es do processo tradut\u00f3rio e\/ou do texto traduzido com embasamento conceitual em Estudos da Tradu\u00e7\u00e3o, podendo contemplar interfaces com outras \u00e1reas do conhecimento.<\/p>\n<p><strong><span style=\"color: #0000ff\">Estudos em Jornalismo<\/span><\/strong><\/p>\n<p>Esta linha comporta estudos que abarcam: rotinas produtivas; processos de produ\u00e7\u00e3o jornal\u00edstica; configura\u00e7\u00e3o do discurso jornal\u00edstico; g\u00eaneros e formatos; linguagens; usos e apropria\u00e7\u00f5es de produtos midi\u00e1ticos, al\u00e9m de discuss\u00f5es relacionadas ao jornalismo em suas diferentes interfaces e nas suas diversas formas de express\u00e3o.<\/p>\n<p><strong><span style=\"color: #0000ff\">Texto, Discurso e Sociedade<\/span><\/strong><br \/>\nEsta linha re\u00fane projetos que estudam textos de diferentes g\u00eaneros nos campos educacional, art\u00edstico e midi\u00e1tico, entendendo a linguagem enquanto pr\u00e1tica social. Busca compreender, por meio de princ\u00edpios te\u00f3ricos e metodol\u00f3gicos das diferentes teorias do campo dos estudos textuais e discursivos, os processos de constitui\u00e7\u00e3o dos sentidos, bem como as rela\u00e7\u00f5es entre linguagem, subjetividade e sociedade.<\/p>\n","protected":false},"excerpt":{"rendered":"<p>Descri\u00e7\u00e3o e An\u00e1lise dos Fen\u00f4menos Lingu\u00edsticos Com base em estudos da Lingu\u00edstica, esta linha de pesquisa pretende reunir e estimular projetos que descrevam e analisem fen\u00f4menos lingu\u00edsticos relativos aos diversos n\u00edveis constitutivos da linguagem com poss\u00edveis implica\u00e7\u00f5es pedag\u00f3gicas. Ensino e&#8230; <a class=\"more-link\" href=\"https:\/\/wp.ufpel.edu.br\/camaradepesquisa\/pesquisadores-do-clc\/linhas-de-pesquisa\/\">Continue lendo &rarr;<\/a><\/p>\n","protected":false},"author":386,"featured_media":0,"parent":17,"menu_order":1,"comment_status":"closed","ping_status":"closed","template":"","meta":{"footnotes":""},"class_list":["post-117","page","type-page","status-publish","hentry"],"jetpack_sharing_enabled":true,"_links":{"self":[{"href":"https:\/\/wp.ufpel.edu.br\/camaradepesquisa\/wp-json\/wp\/v2\/pages\/117","targetHints":{"allow":["GET"]}}],"collection":[{"href":"https:\/\/wp.ufpel.edu.br\/camaradepesquisa\/wp-json\/wp\/v2\/pages"}],"about":[{"href":"https:\/\/wp.ufpel.edu.br\/camaradepesquisa\/wp-json\/wp\/v2\/types\/page"}],"author":[{"embeddable":true,"href":"https:\/\/wp.ufpel.edu.br\/camaradepesquisa\/wp-json\/wp\/v2\/users\/386"}],"replies":[{"embeddable":true,"href":"https:\/\/wp.ufpel.edu.br\/camaradepesquisa\/wp-json\/wp\/v2\/comments?post=117"}],"version-history":[{"count":4,"href":"https:\/\/wp.ufpel.edu.br\/camaradepesquisa\/wp-json\/wp\/v2\/pages\/117\/revisions"}],"predecessor-version":[{"id":122,"href":"https:\/\/wp.ufpel.edu.br\/camaradepesquisa\/wp-json\/wp\/v2\/pages\/117\/revisions\/122"}],"up":[{"embeddable":true,"href":"https:\/\/wp.ufpel.edu.br\/camaradepesquisa\/wp-json\/wp\/v2\/pages\/17"}],"wp:attachment":[{"href":"https:\/\/wp.ufpel.edu.br\/camaradepesquisa\/wp-json\/wp\/v2\/media?parent=117"}],"curies":[{"name":"wp","href":"https:\/\/api.w.org\/{rel}","templated":true}]}}