{"id":108,"date":"2014-08-18T16:01:37","date_gmt":"2014-08-18T19:01:37","guid":{"rendered":"https:\/\/wp.ufpel.edu.br\/camaradepesquisa\/?page_id=108"},"modified":"2020-06-26T22:01:04","modified_gmt":"2020-06-27T01:01:04","slug":"rotinas","status":"publish","type":"page","link":"https:\/\/wp.ufpel.edu.br\/camaradepesquisa\/rotinas\/","title":{"rendered":"Cadastro de Projeto de pesquisa- Sistema Unificado"},"content":{"rendered":"<p>O Sistema Unificado de Projetos foi institu\u00eddo pela Resolu\u00e7\u00e3o n\u00b0 10 de 2015, que disp\u00f5e sobre o regulamento dos programas e projetos acad\u00eamicos com o prop\u00f3sito de articular um trabalho indissoci\u00e1vel entre o Ensino, a Pesquisa e a Extens\u00e3o.<\/p>\n<p>Para auxiliar no cadastro e tentar dirimir algumas d\u00favidas iniciais do novo sistema, a Coordena\u00e7\u00e3o de Pesquisa elaborou um guia de cadastro de projetos unificados com \u00eanfase em Pesquisa.<\/p>\n<p>Para acessar o guia de cadastro de projetos unificados com \u00eanfase em Pesquisa\u00a0<a href=\"https:\/\/wp.ufpel.edu.br\/prppgi\/files\/2020\/04\/Cadastro-de-Projetos-Unificados.pdf\">clique aqui<\/a>.<\/p>\n<p>Para efetuar o cadastro de um projeto ou programa unificado acesse o\u00a0<a href=\"https:\/\/cobalto.ufpel.edu.br\/dashboard\/\">COBALTO<\/a>.<\/p>\n<div class=\"sharedaddy sd-sharing-enabled\"><\/div>\n<p><strong>Novo cadastro de projeto de pesquisa<\/strong><\/p>\n<p><strong>ATEN\u00c7\u00c3O<\/strong>: a submiss\u00e3o de novos projetos de pesquisa e prorroga\u00e7\u00f5es no m\u00f3dulo de pesquisa foram\u00a0encerradas no dia 15\/12\/2019. As instru\u00e7\u00f5es abaixo servem para projetos cadastrados antes do encerramento do sistema.<\/p>\n<p>Para cadastrar novos projetos de pesquisa\u00a0<a href=\"https:\/\/wp.ufpel.edu.br\/prppgi\/projeto-de-pesquisa-sistema-unificado\/\">clique aqui<\/a>.<\/p>\n<p>&nbsp;<\/p>\n<p>Cadastro de Projetos de Pesquisa, tramita\u00e7\u00e3o e aprova\u00e7\u00e3o (at\u00e9 o dia 15\/12\/2019):<\/p>\n<p>1\u00ba cadastrar o projeto de pesquisa no\u00a0<a href=\"https:\/\/cobalto.ufpel.edu.br\/dashboard\/\" target=\"_blank\" rel=\"noopener noreferrer\">COBALTO<\/a>\u00a0e salvar o pdf gerado;<\/p>\n<p>(O entendimento atual do COCEPE sobre projetos de pesquisa considera que um projeto\u00a0deve, preferencialmente, incluir um Grupo de Pesquisa cadastrado e certificado no Diret\u00f3rio de Grupos do CNPq e alunx(s) colaborador(xs) em sua equipe).<\/p>\n<p>2\u00ba abrir um processo do tipo \u201cProjetos de Pesquisa: Proposi\u00e7\u00e3o\u201d no\u00a0<a href=\"https:\/\/sei.ufpel.edu.br\/sei\/\" target=\"_blank\" rel=\"noopener noreferrer\">SEI<\/a>\u00a0com CPF e senha do cobalto do(a) coordenador(a) do projeto;<\/p>\n<p>3\u00ba dentro deste processo, selecionar a op\u00e7\u00e3o \u201cincluir documento\u201d do tipo \u201cexterno\u201d e anexar o pdf gerado pelo cobalto;<\/p>\n<p>4\u00ba encaminhar o projeto via SEI para concord\u00e2ncia das chefias;<\/p>\n<p>(Devido a impossibilidade de assinar um documento externo no SEI, deve-se criar um documento do tipo despacho ou memorando onde devem constar as seguintes assinaturas: chefe de departamento e diretor(a) da unidade. Em caso de Centros apenas assinatura do(a) diretor(a) do Centro. Em casos onde o(a) coordenador(a) do projeto n\u00e3o sejam os respons\u00e1veis pela abertura do processo tamb\u00e9m dever\u00e1 constar a sua assinatura neste despacho\/memorando).<\/p>\n<p>5\u00ba enviar o processo para o NAP (N\u00facleo de Apoio a Projetos);<\/p>\n<p>6\u00ba estando com todas as informa\u00e7\u00f5es corretas o projeto \u00e9 enviado pelo NAP para an\u00e1lise da CPPG (Comiss\u00e3o de Pesquisa e P\u00f3s-Gradua\u00e7\u00e3o) que poder\u00e1 enviar o processo para aprova\u00e7\u00e3o do COCEPE ou ao coordenador(a) para adequa\u00e7\u00f5es, caso necess\u00e1rio;<\/p>\n<p>7\u00ba o COCEPE remeter\u00e1 o projeto aprovado para o NAP para aprova\u00e7\u00e3o no COBALTO e encerramento do mesmo no SEI.<\/p>\n<p>Os documentos\u00a0<strong>N\u00c3O<\/strong>\u00a0dever\u00e3o ser impressos e digitalizados para inser\u00e7\u00e3o no SEI.<\/p>\n<div class=\"sharedaddy sd-sharing-enabled\"><\/div>\n","protected":false},"excerpt":{"rendered":"<p>O Sistema Unificado de Projetos foi institu\u00eddo pela Resolu\u00e7\u00e3o n\u00b0 10 de 2015, que disp\u00f5e sobre o regulamento dos programas e projetos acad\u00eamicos com o prop\u00f3sito de articular um trabalho indissoci\u00e1vel entre o Ensino, a Pesquisa e a Extens\u00e3o. Para&#8230; <a class=\"more-link\" href=\"https:\/\/wp.ufpel.edu.br\/camaradepesquisa\/rotinas\/\">Continue lendo &rarr;<\/a><\/p>\n","protected":false},"author":386,"featured_media":0,"parent":0,"menu_order":6,"comment_status":"closed","ping_status":"closed","template":"","meta":{"footnotes":""},"class_list":["post-108","page","type-page","status-publish","hentry"],"jetpack_sharing_enabled":true,"_links":{"self":[{"href":"https:\/\/wp.ufpel.edu.br\/camaradepesquisa\/wp-json\/wp\/v2\/pages\/108","targetHints":{"allow":["GET"]}}],"collection":[{"href":"https:\/\/wp.ufpel.edu.br\/camaradepesquisa\/wp-json\/wp\/v2\/pages"}],"about":[{"href":"https:\/\/wp.ufpel.edu.br\/camaradepesquisa\/wp-json\/wp\/v2\/types\/page"}],"author":[{"embeddable":true,"href":"https:\/\/wp.ufpel.edu.br\/camaradepesquisa\/wp-json\/wp\/v2\/users\/386"}],"replies":[{"embeddable":true,"href":"https:\/\/wp.ufpel.edu.br\/camaradepesquisa\/wp-json\/wp\/v2\/comments?post=108"}],"version-history":[{"count":17,"href":"https:\/\/wp.ufpel.edu.br\/camaradepesquisa\/wp-json\/wp\/v2\/pages\/108\/revisions"}],"predecessor-version":[{"id":461,"href":"https:\/\/wp.ufpel.edu.br\/camaradepesquisa\/wp-json\/wp\/v2\/pages\/108\/revisions\/461"}],"wp:attachment":[{"href":"https:\/\/wp.ufpel.edu.br\/camaradepesquisa\/wp-json\/wp\/v2\/media?parent=108"}],"curies":[{"name":"wp","href":"https:\/\/api.w.org\/{rel}","templated":true}]}}