{"id":9,"date":"2016-06-27T09:47:48","date_gmt":"2016-06-27T12:47:48","guid":{"rendered":"https:\/\/wp.ufpel.edu.br\/camaradeextensaoca\/?page_id=9"},"modified":"2017-05-19T11:09:05","modified_gmt":"2017-05-19T14:09:05","slug":"cinema","status":"publish","type":"page","link":"https:\/\/wp.ufpel.edu.br\/camaradeextensaoca\/cursos\/cinema\/","title":{"rendered":"Cinema"},"content":{"rendered":"<p><a href=\"https:\/\/wp.ufpel.edu.br\/camaradeextensaoca\/cursos\/cinema\/a-carne-da-imagem\/\">A carne da imagem<\/a><\/p>\n<p><a href=\"https:\/\/wp.ufpel.edu.br\/camaradeextensaoca\/cursos\/cinema\/canecalon-realizacao-de-longa-metragem-em-parceria-com-produtora-local\/\">Canecalon: realiza\u00e7\u00e3o de longa-metragem, em parceria com produtora local<\/a><\/p>\n<p><a href=\"https:\/\/wp.ufpel.edu.br\/camaradeextensaoca\/cursos\/cinema\/cine-ufpel-sala-de-cinema-da-universidade-federal-de-pelotas\/\"><em>Cine UFPel: Sala de Cinema da Universidade Federal de Pelotas<\/em><\/a><\/p>\n<p><a href=\"https:\/\/wp.ufpel.edu.br\/camaradeextensaoca\/cursos\/cinema\/cine-ufpel-para-as-escolas\/\">Cine UFPel para as escolas<\/a><\/p>\n<p><a href=\"https:\/\/wp.ufpel.edu.br\/camaradeextensaoca\/cursos\/cinema\/cine-ufpel-sala-de-cinema-da-universidade-federal-de-pelotas\/\">Cine UFPel: Sala de Cinema da Universidade Federal de Pelotas<\/a><\/p>\n<p><a href=\"https:\/\/wp.ufpel.edu.br\/camaradeextensaoca\/cursos\/cinema\/cine-clube-cassiopeia\/\">Cine Clube Cassiopeia<\/a><\/p>\n<p><a href=\"https:\/\/wp.ufpel.edu.br\/camaradeextensaoca\/cursos\/cinema\/dia-internacional-da-animacao-pelotas\/\">Dia Internacional da Anima\u00e7\u00e3o &#8211; Pelotas<\/a><\/p>\n<p><a href=\"https:\/\/wp.ufpel.edu.br\/camaradeextensaoca\/cursos\/cinema\/festival-de-video-estudantil\/\">Festival de V\u00eddeo Estudantil<\/a><\/p>\n<p><a href=\"https:\/\/wp.ufpel.edu.br\/camaradeextensaoca\/cursos\/cinema\/producao-de-video-nas-escolas\/\">Produ\u00e7\u00e3o de v\u00eddeo nas escolas<\/a><\/p>\n<p><a href=\"https:\/\/wp.ufpel.edu.br\/camaradeextensaoca\/cursos\/cinema\/zero-4-cineclube\/\"><em>Zero 4 Cineclube<\/em><\/a><\/p>\n<p>&nbsp;<\/p>\n","protected":false},"excerpt":{"rendered":"<p>A carne da imagem Canecalon: realiza\u00e7\u00e3o de longa-metragem, em parceria com produtora local Cine UFPel: Sala de Cinema da Universidade Federal de Pelotas Cine UFPel para as escolas Cine UFPel: Sala de Cinema da Universidade Federal de Pelotas Cine Clube Cassiopeia Dia Internacional da Anima\u00e7\u00e3o &#8211; Pelotas Festival de V\u00eddeo Estudantil Produ\u00e7\u00e3o de v\u00eddeo nas&#8230; <\/p>\n<div class=\"link-more\"><a href=\"https:\/\/wp.ufpel.edu.br\/camaradeextensaoca\/cursos\/cinema\/\">Leia mais<\/a><\/div>\n","protected":false},"author":647,"featured_media":0,"parent":6,"menu_order":0,"comment_status":"closed","ping_status":"closed","template":"","meta":{"jetpack_post_was_ever_published":false,"footnotes":""},"class_list":["post-9","page","type-page","status-publish","hentry"],"jetpack_sharing_enabled":true,"jetpack_shortlink":"https:\/\/wp.me\/P8nTsJ-9","_links":{"self":[{"href":"https:\/\/wp.ufpel.edu.br\/camaradeextensaoca\/wp-json\/wp\/v2\/pages\/9","targetHints":{"allow":["GET"]}}],"collection":[{"href":"https:\/\/wp.ufpel.edu.br\/camaradeextensaoca\/wp-json\/wp\/v2\/pages"}],"about":[{"href":"https:\/\/wp.ufpel.edu.br\/camaradeextensaoca\/wp-json\/wp\/v2\/types\/page"}],"author":[{"embeddable":true,"href":"https:\/\/wp.ufpel.edu.br\/camaradeextensaoca\/wp-json\/wp\/v2\/users\/647"}],"replies":[{"embeddable":true,"href":"https:\/\/wp.ufpel.edu.br\/camaradeextensaoca\/wp-json\/wp\/v2\/comments?post=9"}],"version-history":[{"count":9,"href":"https:\/\/wp.ufpel.edu.br\/camaradeextensaoca\/wp-json\/wp\/v2\/pages\/9\/revisions"}],"predecessor-version":[{"id":1052,"href":"https:\/\/wp.ufpel.edu.br\/camaradeextensaoca\/wp-json\/wp\/v2\/pages\/9\/revisions\/1052"}],"up":[{"embeddable":true,"href":"https:\/\/wp.ufpel.edu.br\/camaradeextensaoca\/wp-json\/wp\/v2\/pages\/6"}],"wp:attachment":[{"href":"https:\/\/wp.ufpel.edu.br\/camaradeextensaoca\/wp-json\/wp\/v2\/media?parent=9"}],"curies":[{"name":"wp","href":"https:\/\/api.w.org\/{rel}","templated":true}]}}