{"id":785,"date":"2016-10-13T11:20:28","date_gmt":"2016-10-13T14:20:28","guid":{"rendered":"https:\/\/wp.ufpel.edu.br\/camaradeextensaoca\/?page_id=785"},"modified":"2016-10-13T11:20:28","modified_gmt":"2016-10-13T14:20:28","slug":"proformus-oficina-em-performance-musical","status":"publish","type":"page","link":"https:\/\/wp.ufpel.edu.br\/camaradeextensaoca\/cursos\/musica\/proformus-oficina-em-performance-musical\/","title":{"rendered":"PROFORMUS &#8211; Oficina em Performance Musical"},"content":{"rendered":"<p>Nome do projeto: PROFORMUS &#8211; Oficina em Performance Musical<\/p>\n<p>C\u00f3digo: 51652024<\/p>\n<p>Resumo do projeto:\u00a0O PROFORMUS tem por objetivo geral e principal, o aprimoramento do m\u00fasico em suas performances. Outros objetivos espec\u00edficos s\u00e3o propiciar: . Melhora na rela\u00e7\u00e3o do m\u00fasico com seu p\u00fablico atrav\u00e9s da elabora\u00e7\u00e3o de repert\u00f3rio adequado e de estudo de posturas, express\u00f5es e organiza\u00e7\u00e3o de palco; . Amplia\u00e7\u00e3o da consci\u00eancia e horizontes musicais dos participantes e dos espectadores; . Habilidade de di\u00e1logo com m\u00fasicos, forma\u00e7\u00f5es, estilos e linguagens musicais diferentes da praticada pelo participante atrav\u00e9s do aprofundamento do estudo de teoria musical, harmonia, arranjo e improvisa\u00e7\u00e3o musical; . Est\u00edmulo para o surgimento de novas forma\u00e7\u00f5es musicais; . Fomenta\u00e7\u00e3o \u00e0 cultura musical e forma\u00e7\u00e3o de p\u00fablico.<\/p>\n<p>Professor respons\u00e1vel: Otavio Augusto Zanin Delevedove<\/p>\n","protected":false},"excerpt":{"rendered":"<p>Nome do projeto: PROFORMUS &#8211; Oficina em Performance Musical C\u00f3digo: 51652024 Resumo do projeto:\u00a0O PROFORMUS tem por objetivo geral e principal, o aprimoramento do m\u00fasico em suas performances. Outros objetivos espec\u00edficos s\u00e3o propiciar: . Melhora na rela\u00e7\u00e3o do m\u00fasico com seu p\u00fablico atrav\u00e9s da elabora\u00e7\u00e3o de repert\u00f3rio adequado e de estudo de posturas, express\u00f5es e&#8230; <\/p>\n<div class=\"link-more\"><a href=\"https:\/\/wp.ufpel.edu.br\/camaradeextensaoca\/cursos\/musica\/proformus-oficina-em-performance-musical\/\">Leia mais<\/a><\/div>\n","protected":false},"author":647,"featured_media":0,"parent":18,"menu_order":0,"comment_status":"closed","ping_status":"closed","template":"","meta":{"jetpack_post_was_ever_published":false,"footnotes":""},"class_list":["post-785","page","type-page","status-publish","hentry"],"jetpack_sharing_enabled":true,"jetpack_shortlink":"https:\/\/wp.me\/P8nTsJ-cF","_links":{"self":[{"href":"https:\/\/wp.ufpel.edu.br\/camaradeextensaoca\/wp-json\/wp\/v2\/pages\/785","targetHints":{"allow":["GET"]}}],"collection":[{"href":"https:\/\/wp.ufpel.edu.br\/camaradeextensaoca\/wp-json\/wp\/v2\/pages"}],"about":[{"href":"https:\/\/wp.ufpel.edu.br\/camaradeextensaoca\/wp-json\/wp\/v2\/types\/page"}],"author":[{"embeddable":true,"href":"https:\/\/wp.ufpel.edu.br\/camaradeextensaoca\/wp-json\/wp\/v2\/users\/647"}],"replies":[{"embeddable":true,"href":"https:\/\/wp.ufpel.edu.br\/camaradeextensaoca\/wp-json\/wp\/v2\/comments?post=785"}],"version-history":[{"count":1,"href":"https:\/\/wp.ufpel.edu.br\/camaradeextensaoca\/wp-json\/wp\/v2\/pages\/785\/revisions"}],"predecessor-version":[{"id":787,"href":"https:\/\/wp.ufpel.edu.br\/camaradeextensaoca\/wp-json\/wp\/v2\/pages\/785\/revisions\/787"}],"up":[{"embeddable":true,"href":"https:\/\/wp.ufpel.edu.br\/camaradeextensaoca\/wp-json\/wp\/v2\/pages\/18"}],"wp:attachment":[{"href":"https:\/\/wp.ufpel.edu.br\/camaradeextensaoca\/wp-json\/wp\/v2\/media?parent=785"}],"curies":[{"name":"wp","href":"https:\/\/api.w.org\/{rel}","templated":true}]}}