{"id":776,"date":"2016-10-13T11:18:49","date_gmt":"2016-10-13T14:18:49","guid":{"rendered":"https:\/\/wp.ufpel.edu.br\/camaradeextensaoca\/?page_id=776"},"modified":"2016-10-13T11:19:21","modified_gmt":"2016-10-13T14:19:21","slug":"serie-artistas-convidados","status":"publish","type":"page","link":"https:\/\/wp.ufpel.edu.br\/camaradeextensaoca\/cursos\/musica\/serie-artistas-convidados\/","title":{"rendered":"S\u00e9rie Artistas Convidados"},"content":{"rendered":"<p>Nome do projeto: S\u00e9rie Artistas Convidados<\/p>\n<p>C\u00f3digo: 50939058<\/p>\n<p>Resumo do projeto: Oferecer concertos comemorativos dos 90 anos de atividades do Conservat\u00f3rio de M\u00fasica; Incentivar a aprecia\u00e7\u00e3o da M\u00fasica de Concerto; Contribuir para a socializa\u00e7\u00e3o da cultura ao oferecer \u00e0 comunidade eventos culturais de elevado n\u00edvel art\u00edstico; Estimular o aprendizado e a doc\u00eancia no conservat\u00f3rio de m\u00fasica a partir do interc\u00e2mbio com m\u00fasicos convidados.<\/p>\n<p>Professor respons\u00e1vel: Raul Costa Davila<\/p>\n","protected":false},"excerpt":{"rendered":"<p>Nome do projeto: S\u00e9rie Artistas Convidados C\u00f3digo: 50939058 Resumo do projeto: Oferecer concertos comemorativos dos 90 anos de atividades do Conservat\u00f3rio de M\u00fasica; Incentivar a aprecia\u00e7\u00e3o da M\u00fasica de Concerto; Contribuir para a socializa\u00e7\u00e3o da cultura ao oferecer \u00e0 comunidade eventos culturais de elevado n\u00edvel art\u00edstico; Estimular o aprendizado e a doc\u00eancia no conservat\u00f3rio de&#8230; <\/p>\n<div class=\"link-more\"><a href=\"https:\/\/wp.ufpel.edu.br\/camaradeextensaoca\/cursos\/musica\/serie-artistas-convidados\/\">Leia mais<\/a><\/div>\n","protected":false},"author":647,"featured_media":0,"parent":18,"menu_order":0,"comment_status":"closed","ping_status":"closed","template":"","meta":{"jetpack_post_was_ever_published":false,"footnotes":""},"class_list":["post-776","page","type-page","status-publish","hentry"],"jetpack_sharing_enabled":true,"jetpack_shortlink":"https:\/\/wp.me\/P8nTsJ-cw","_links":{"self":[{"href":"https:\/\/wp.ufpel.edu.br\/camaradeextensaoca\/wp-json\/wp\/v2\/pages\/776","targetHints":{"allow":["GET"]}}],"collection":[{"href":"https:\/\/wp.ufpel.edu.br\/camaradeextensaoca\/wp-json\/wp\/v2\/pages"}],"about":[{"href":"https:\/\/wp.ufpel.edu.br\/camaradeextensaoca\/wp-json\/wp\/v2\/types\/page"}],"author":[{"embeddable":true,"href":"https:\/\/wp.ufpel.edu.br\/camaradeextensaoca\/wp-json\/wp\/v2\/users\/647"}],"replies":[{"embeddable":true,"href":"https:\/\/wp.ufpel.edu.br\/camaradeextensaoca\/wp-json\/wp\/v2\/comments?post=776"}],"version-history":[{"count":2,"href":"https:\/\/wp.ufpel.edu.br\/camaradeextensaoca\/wp-json\/wp\/v2\/pages\/776\/revisions"}],"predecessor-version":[{"id":783,"href":"https:\/\/wp.ufpel.edu.br\/camaradeextensaoca\/wp-json\/wp\/v2\/pages\/776\/revisions\/783"}],"up":[{"embeddable":true,"href":"https:\/\/wp.ufpel.edu.br\/camaradeextensaoca\/wp-json\/wp\/v2\/pages\/18"}],"wp:attachment":[{"href":"https:\/\/wp.ufpel.edu.br\/camaradeextensaoca\/wp-json\/wp\/v2\/media?parent=776"}],"curies":[{"name":"wp","href":"https:\/\/api.w.org\/{rel}","templated":true}]}}