{"id":722,"date":"2016-10-11T11:33:45","date_gmt":"2016-10-11T14:33:45","guid":{"rendered":"https:\/\/wp.ufpel.edu.br\/camaradeextensaoca\/?page_id=722"},"modified":"2016-10-11T11:33:45","modified_gmt":"2016-10-11T14:33:45","slug":"ciclo-de-debates-a-arte-e-seus-lugares","status":"publish","type":"page","link":"https:\/\/wp.ufpel.edu.br\/camaradeextensaoca\/cursos\/artes-visuais\/ciclo-de-debates-a-arte-e-seus-lugares\/","title":{"rendered":"Ciclo de Debates: A arte e seus Lugares"},"content":{"rendered":"<p>Nome do projeto: Ciclo de Debates: A arte e seus Lugares<\/p>\n<p>C\u00f3digo: 53264130<\/p>\n<p>Resumo do projeto:<\/p>\n<p>Realiza\u00e7\u00e3o de um ciclo de palestras que abordem temas relacionados \u00e0 arte contempor\u00e2nea e aos seus lugares de viv\u00eancia na escola e na sociedade, dando \u00eanfase ao ensino de arte e a pesquisa em arte como proposta, vinculada ao Projeto Arte na Escola, de Forma\u00e7\u00e3o continuada para professores da rede de ensino e para a forma\u00e7\u00e3o de alunos dos cursos de Artes da UFPEL.<\/p>\n<p>Professor respons\u00e1vel: Ursula Rosa da Silva<\/p>\n<p>&nbsp;<\/p>\n","protected":false},"excerpt":{"rendered":"<p>Nome do projeto: Ciclo de Debates: A arte e seus Lugares C\u00f3digo: 53264130 Resumo do projeto: Realiza\u00e7\u00e3o de um ciclo de palestras que abordem temas relacionados \u00e0 arte contempor\u00e2nea e aos seus lugares de viv\u00eancia na escola e na sociedade, dando \u00eanfase ao ensino de arte e a pesquisa em arte como proposta, vinculada ao&#8230; <\/p>\n<div class=\"link-more\"><a href=\"https:\/\/wp.ufpel.edu.br\/camaradeextensaoca\/cursos\/artes-visuais\/ciclo-de-debates-a-arte-e-seus-lugares\/\">Leia mais<\/a><\/div>\n","protected":false},"author":647,"featured_media":0,"parent":113,"menu_order":0,"comment_status":"closed","ping_status":"closed","template":"","meta":{"jetpack_post_was_ever_published":false,"footnotes":""},"class_list":["post-722","page","type-page","status-publish","hentry"],"jetpack_sharing_enabled":true,"jetpack_shortlink":"https:\/\/wp.me\/P8nTsJ-bE","_links":{"self":[{"href":"https:\/\/wp.ufpel.edu.br\/camaradeextensaoca\/wp-json\/wp\/v2\/pages\/722","targetHints":{"allow":["GET"]}}],"collection":[{"href":"https:\/\/wp.ufpel.edu.br\/camaradeextensaoca\/wp-json\/wp\/v2\/pages"}],"about":[{"href":"https:\/\/wp.ufpel.edu.br\/camaradeextensaoca\/wp-json\/wp\/v2\/types\/page"}],"author":[{"embeddable":true,"href":"https:\/\/wp.ufpel.edu.br\/camaradeextensaoca\/wp-json\/wp\/v2\/users\/647"}],"replies":[{"embeddable":true,"href":"https:\/\/wp.ufpel.edu.br\/camaradeextensaoca\/wp-json\/wp\/v2\/comments?post=722"}],"version-history":[{"count":1,"href":"https:\/\/wp.ufpel.edu.br\/camaradeextensaoca\/wp-json\/wp\/v2\/pages\/722\/revisions"}],"predecessor-version":[{"id":724,"href":"https:\/\/wp.ufpel.edu.br\/camaradeextensaoca\/wp-json\/wp\/v2\/pages\/722\/revisions\/724"}],"up":[{"embeddable":true,"href":"https:\/\/wp.ufpel.edu.br\/camaradeextensaoca\/wp-json\/wp\/v2\/pages\/113"}],"wp:attachment":[{"href":"https:\/\/wp.ufpel.edu.br\/camaradeextensaoca\/wp-json\/wp\/v2\/media?parent=722"}],"curies":[{"name":"wp","href":"https:\/\/api.w.org\/{rel}","templated":true}]}}