{"id":715,"date":"2016-10-11T11:25:33","date_gmt":"2016-10-11T14:25:33","guid":{"rendered":"https:\/\/wp.ufpel.edu.br\/camaradeextensaoca\/?page_id=715"},"modified":"2017-05-26T11:07:16","modified_gmt":"2017-05-26T14:07:16","slug":"oficinas-experimentais-pet-artes-visuais","status":"publish","type":"page","link":"https:\/\/wp.ufpel.edu.br\/camaradeextensaoca\/cursos\/artes-visuais\/oficinas-experimentais-pet-artes-visuais\/","title":{"rendered":"Oficinas Experimentais PET Artes Visuais"},"content":{"rendered":"<p>Nome do projeto: Oficinas Experimentais PET Artes Visuais<\/p>\n<p>C\u00f3digo: 53211250<\/p>\n<p>Resumo do projeto: compartilhar o conhecimento de materiais e t\u00e9cnicas dos alunos dos Cursos de Artes e Design do Instituto de Artes e Design, da Universidade Federal de Pelotas,com a comunidade regional. Objetivos espec\u00edficos: a)oportunizar aos alunos de artes e design experi\u00eancias de ensino-aprendizagem dos conhecimentos adquiridos nos respectivos cursos; b) expandir os conhecimentos do meio universit\u00e1rio para a comunidade em geral; c) aprofundar os conhecimentos adquiridos na universidade atrav\u00e9s da necessidade de sistematiza\u00e7\u00e3o dos mesmos decorrente da experi\u00eancia de ministrar oficinas; d) oportunizar a experimenta\u00e7\u00e3o de diversos materiais e t\u00e9cnicas fora da grade curricular.<\/p>\n<p>Professor respons\u00e1vel: Vivian Herzog<\/p>\n","protected":false},"excerpt":{"rendered":"<p>Nome do projeto: Oficinas Experimentais PET Artes Visuais C\u00f3digo: 53211250 Resumo do projeto: compartilhar o conhecimento de materiais e t\u00e9cnicas dos alunos dos Cursos de Artes e Design do Instituto de Artes e Design, da Universidade Federal de Pelotas,com a comunidade regional. Objetivos espec\u00edficos: a)oportunizar aos alunos de artes e design experi\u00eancias de ensino-aprendizagem dos&#8230; <\/p>\n<div class=\"link-more\"><a href=\"https:\/\/wp.ufpel.edu.br\/camaradeextensaoca\/cursos\/artes-visuais\/oficinas-experimentais-pet-artes-visuais\/\">Leia mais<\/a><\/div>\n","protected":false},"author":647,"featured_media":0,"parent":113,"menu_order":0,"comment_status":"closed","ping_status":"closed","template":"","meta":{"jetpack_post_was_ever_published":false,"footnotes":""},"class_list":["post-715","page","type-page","status-publish","hentry"],"jetpack_sharing_enabled":true,"jetpack_shortlink":"https:\/\/wp.me\/P8nTsJ-bx","_links":{"self":[{"href":"https:\/\/wp.ufpel.edu.br\/camaradeextensaoca\/wp-json\/wp\/v2\/pages\/715","targetHints":{"allow":["GET"]}}],"collection":[{"href":"https:\/\/wp.ufpel.edu.br\/camaradeextensaoca\/wp-json\/wp\/v2\/pages"}],"about":[{"href":"https:\/\/wp.ufpel.edu.br\/camaradeextensaoca\/wp-json\/wp\/v2\/types\/page"}],"author":[{"embeddable":true,"href":"https:\/\/wp.ufpel.edu.br\/camaradeextensaoca\/wp-json\/wp\/v2\/users\/647"}],"replies":[{"embeddable":true,"href":"https:\/\/wp.ufpel.edu.br\/camaradeextensaoca\/wp-json\/wp\/v2\/comments?post=715"}],"version-history":[{"count":2,"href":"https:\/\/wp.ufpel.edu.br\/camaradeextensaoca\/wp-json\/wp\/v2\/pages\/715\/revisions"}],"predecessor-version":[{"id":1064,"href":"https:\/\/wp.ufpel.edu.br\/camaradeextensaoca\/wp-json\/wp\/v2\/pages\/715\/revisions\/1064"}],"up":[{"embeddable":true,"href":"https:\/\/wp.ufpel.edu.br\/camaradeextensaoca\/wp-json\/wp\/v2\/pages\/113"}],"wp:attachment":[{"href":"https:\/\/wp.ufpel.edu.br\/camaradeextensaoca\/wp-json\/wp\/v2\/media?parent=715"}],"curies":[{"name":"wp","href":"https:\/\/api.w.org\/{rel}","templated":true}]}}