{"id":706,"date":"2016-10-11T11:24:11","date_gmt":"2016-10-11T14:24:11","guid":{"rendered":"https:\/\/wp.ufpel.edu.br\/camaradeextensaoca\/?page_id=706"},"modified":"2017-05-26T10:56:58","modified_gmt":"2017-05-26T13:56:58","slug":"tecnicas-basicas-de-aquarela","status":"publish","type":"page","link":"https:\/\/wp.ufpel.edu.br\/camaradeextensaoca\/cursos\/artes-visuais\/tecnicas-basicas-de-aquarela\/","title":{"rendered":"T\u00e9cnicas B\u00e1sicas de Aquarela"},"content":{"rendered":"<p>Nome do projeto: T\u00e9cnicas B\u00e1sicas de Aquarela<\/p>\n<p>C\u00f3digo: 53211010<\/p>\n<p>Resumo do projeto: Oferecer para o p\u00fablico em geral um curso de t\u00e9cnicas b\u00e1sicas de aquarela com o objetivo de ensinar a t\u00e9cnica e permitir que os alunos, posteriormente, possam continuar a explorar sua pot\u00eancia po\u00e9tica e visual. Formar um p\u00fablico capaz de reconhecer e apreciar pinturas e obras que utilizam esta t\u00e9cnica, tanto no contexto hist\u00f3rico, quanto na arte contempor\u00e2nea. Conscientizar que o uso da aquarela n\u00e3o se reduz \u00e0 t\u00e9cnica em si, mas implica escolhas significantes do artista durante a elabora\u00e7\u00e3o po\u00e9tica de uma proposta de arte.<\/p>\n<p>Professor respons\u00e1vel: Alice Jean Monsell<\/p>\n","protected":false},"excerpt":{"rendered":"<p>Nome do projeto: T\u00e9cnicas B\u00e1sicas de Aquarela C\u00f3digo: 53211010 Resumo do projeto: Oferecer para o p\u00fablico em geral um curso de t\u00e9cnicas b\u00e1sicas de aquarela com o objetivo de ensinar a t\u00e9cnica e permitir que os alunos, posteriormente, possam continuar a explorar sua pot\u00eancia po\u00e9tica e visual. Formar um p\u00fablico capaz de reconhecer e apreciar&#8230; <\/p>\n<div class=\"link-more\"><a href=\"https:\/\/wp.ufpel.edu.br\/camaradeextensaoca\/cursos\/artes-visuais\/tecnicas-basicas-de-aquarela\/\">Leia mais<\/a><\/div>\n","protected":false},"author":647,"featured_media":0,"parent":113,"menu_order":0,"comment_status":"closed","ping_status":"closed","template":"","meta":{"jetpack_post_was_ever_published":false,"footnotes":""},"class_list":["post-706","page","type-page","status-publish","hentry"],"jetpack_sharing_enabled":true,"jetpack_shortlink":"https:\/\/wp.me\/P8nTsJ-bo","_links":{"self":[{"href":"https:\/\/wp.ufpel.edu.br\/camaradeextensaoca\/wp-json\/wp\/v2\/pages\/706","targetHints":{"allow":["GET"]}}],"collection":[{"href":"https:\/\/wp.ufpel.edu.br\/camaradeextensaoca\/wp-json\/wp\/v2\/pages"}],"about":[{"href":"https:\/\/wp.ufpel.edu.br\/camaradeextensaoca\/wp-json\/wp\/v2\/types\/page"}],"author":[{"embeddable":true,"href":"https:\/\/wp.ufpel.edu.br\/camaradeextensaoca\/wp-json\/wp\/v2\/users\/647"}],"replies":[{"embeddable":true,"href":"https:\/\/wp.ufpel.edu.br\/camaradeextensaoca\/wp-json\/wp\/v2\/comments?post=706"}],"version-history":[{"count":2,"href":"https:\/\/wp.ufpel.edu.br\/camaradeextensaoca\/wp-json\/wp\/v2\/pages\/706\/revisions"}],"predecessor-version":[{"id":1057,"href":"https:\/\/wp.ufpel.edu.br\/camaradeextensaoca\/wp-json\/wp\/v2\/pages\/706\/revisions\/1057"}],"up":[{"embeddable":true,"href":"https:\/\/wp.ufpel.edu.br\/camaradeextensaoca\/wp-json\/wp\/v2\/pages\/113"}],"wp:attachment":[{"href":"https:\/\/wp.ufpel.edu.br\/camaradeextensaoca\/wp-json\/wp\/v2\/media?parent=706"}],"curies":[{"name":"wp","href":"https:\/\/api.w.org\/{rel}","templated":true}]}}