{"id":701,"date":"2016-10-11T11:22:00","date_gmt":"2016-10-11T14:22:00","guid":{"rendered":"https:\/\/wp.ufpel.edu.br\/camaradeextensaoca\/?page_id=701"},"modified":"2017-05-26T10:59:30","modified_gmt":"2017-05-26T13:59:30","slug":"projeto-arte-na-escola-o-ensino-da-arte-em-pelotas","status":"publish","type":"page","link":"https:\/\/wp.ufpel.edu.br\/camaradeextensaoca\/cursos\/artes-visuais\/projeto-arte-na-escola-o-ensino-da-arte-em-pelotas\/","title":{"rendered":"Projeto Arte na Escola: O Ensino da Arte em Pelotas"},"content":{"rendered":"<p>Nome do projeto: Projeto Arte na Escola: O Ensino da Arte em Pelotas<\/p>\n<p>C\u00f3digo: 53264059<\/p>\n<p>Resumo do projeto: Possibilitar a constru\u00e7\u00e3o de um conhecimento cr\u00edtico sobre o ensino da arte, mais precisamente da linguagem visual, que oriente desempenhos docentes e discentes; Espec\u00edficos: Estudar os pressupostos te\u00f3ricos e metodol\u00f3gicos da arte e da educa\u00e7\u00e3o; Desenvolver uma reflex\u00e3o sobre a profiss\u00e3o docente e a constru\u00e7\u00e3o do saber do professor; Analisar a produ\u00e7\u00e3o art\u00edstica contempor\u00e2nea e sua aplicabilidade no ensino da arte na escola. Posicionar-se de forma cr\u00edtica quanto \u00e0 forma\u00e7\u00e3o docente em arte, e seu ensino na realidade educacional brasileira.<\/p>\n<p>Professor respons\u00e1vel: Nadia da Cruz Senna<\/p>\n","protected":false},"excerpt":{"rendered":"<p>Nome do projeto: Projeto Arte na Escola: O Ensino da Arte em Pelotas C\u00f3digo: 53264059 Resumo do projeto: Possibilitar a constru\u00e7\u00e3o de um conhecimento cr\u00edtico sobre o ensino da arte, mais precisamente da linguagem visual, que oriente desempenhos docentes e discentes; Espec\u00edficos: Estudar os pressupostos te\u00f3ricos e metodol\u00f3gicos da arte e da educa\u00e7\u00e3o; Desenvolver uma&#8230; <\/p>\n<div class=\"link-more\"><a href=\"https:\/\/wp.ufpel.edu.br\/camaradeextensaoca\/cursos\/artes-visuais\/projeto-arte-na-escola-o-ensino-da-arte-em-pelotas\/\">Leia mais<\/a><\/div>\n","protected":false},"author":647,"featured_media":0,"parent":113,"menu_order":0,"comment_status":"closed","ping_status":"closed","template":"","meta":{"jetpack_post_was_ever_published":false,"footnotes":""},"class_list":["post-701","page","type-page","status-publish","hentry"],"jetpack_sharing_enabled":true,"jetpack_shortlink":"https:\/\/wp.me\/P8nTsJ-bj","_links":{"self":[{"href":"https:\/\/wp.ufpel.edu.br\/camaradeextensaoca\/wp-json\/wp\/v2\/pages\/701","targetHints":{"allow":["GET"]}}],"collection":[{"href":"https:\/\/wp.ufpel.edu.br\/camaradeextensaoca\/wp-json\/wp\/v2\/pages"}],"about":[{"href":"https:\/\/wp.ufpel.edu.br\/camaradeextensaoca\/wp-json\/wp\/v2\/types\/page"}],"author":[{"embeddable":true,"href":"https:\/\/wp.ufpel.edu.br\/camaradeextensaoca\/wp-json\/wp\/v2\/users\/647"}],"replies":[{"embeddable":true,"href":"https:\/\/wp.ufpel.edu.br\/camaradeextensaoca\/wp-json\/wp\/v2\/comments?post=701"}],"version-history":[{"count":2,"href":"https:\/\/wp.ufpel.edu.br\/camaradeextensaoca\/wp-json\/wp\/v2\/pages\/701\/revisions"}],"predecessor-version":[{"id":1058,"href":"https:\/\/wp.ufpel.edu.br\/camaradeextensaoca\/wp-json\/wp\/v2\/pages\/701\/revisions\/1058"}],"up":[{"embeddable":true,"href":"https:\/\/wp.ufpel.edu.br\/camaradeextensaoca\/wp-json\/wp\/v2\/pages\/113"}],"wp:attachment":[{"href":"https:\/\/wp.ufpel.edu.br\/camaradeextensaoca\/wp-json\/wp\/v2\/media?parent=701"}],"curies":[{"name":"wp","href":"https:\/\/api.w.org\/{rel}","templated":true}]}}