{"id":696,"date":"2016-10-11T11:20:27","date_gmt":"2016-10-11T14:20:27","guid":{"rendered":"https:\/\/wp.ufpel.edu.br\/camaradeextensaoca\/?page_id=696"},"modified":"2017-05-26T11:28:29","modified_gmt":"2017-05-26T14:28:29","slug":"poeticas-da-diferenca-na-ufpel","status":"publish","type":"page","link":"https:\/\/wp.ufpel.edu.br\/camaradeextensaoca\/cursos\/musica\/poeticas-da-diferenca-na-ufpel\/","title":{"rendered":"Po\u00e9ticas da Diferen\u00e7a na UFPel"},"content":{"rendered":"<p>Nome do projeto: Po\u00e9ticas da Diferen\u00e7a na UFPel<\/p>\n<p>&nbsp;<\/p>\n<p>C\u00f3digo: 53214180<\/p>\n<p>&nbsp;<\/p>\n<p>Resumo do projeto: Oferecer, para crian\u00e7as com transtornos de comportamento, aulas de dan\u00e7a que possibilitem a investiga\u00e7\u00e3o art\u00edstica e criativa de suas singularidades e da sua rela\u00e7\u00e3o com o meio. \u00c9 um trabalho sem objetivo terap\u00eautico, que se coloca como alternativo e somat\u00f3rio aos processos e atividades desenvolvidos pela institui\u00e7\u00e3o parceira, motivo pelo qual ser\u00e1 desenvolvido nas depend\u00eancias da UFPel. Especificamente, aos alunos do curso de licenciatura em dan\u00e7a, que atuar\u00e3o como monitores, o projeto tem por objetivo possibilitar a pr\u00e1tica de planejamento pedag\u00f3gico, a atua\u00e7\u00e3o como facilitador\/professor e a pr\u00e1tica da observa\u00e7\u00e3o, registro e avalia\u00e7\u00e3o dos processos de ensino-aprendizagem, na interface dan\u00e7a-diversidade, j\u00e1 desde os primeiros semestres da gradua\u00e7\u00e3o. ESPEC\u00cdFICOS: Trabalhar coordena\u00e7\u00e3o motora, equil\u00edbrio, orienta\u00e7\u00e3o espacial e condicionamento f\u00edsico do aluno; Promover trabalho de consci\u00eancia corporal, autoconhecimento e sensibiliza\u00e7\u00e3o do aluno; Estimular o exerc\u00edcio criativo atrav\u00e9s da dan\u00e7a para desenvolver uma vis\u00e3o cr\u00edtica, contextualizada e complexa do mundo; Desenvolver uma atua\u00e7\u00e3o social mais aut\u00f4noma do aluno, do ponto de vista intelectual e motor; Proporcionar o envolvimento dos alunos do curso de Licenciatura em Dan\u00e7a e do ambiente acad\u00eamico nas discuss\u00f5es que envolvem esta proposta.<\/p>\n<p>&nbsp;<\/p>\n<p>Professor respons\u00e1vel: Eleonora Campos da Motta Santos<\/p>\n","protected":false},"excerpt":{"rendered":"<p>Nome do projeto: Po\u00e9ticas da Diferen\u00e7a na UFPel &nbsp; C\u00f3digo: 53214180 &nbsp; Resumo do projeto: Oferecer, para crian\u00e7as com transtornos de comportamento, aulas de dan\u00e7a que possibilitem a investiga\u00e7\u00e3o art\u00edstica e criativa de suas singularidades e da sua rela\u00e7\u00e3o com o meio. \u00c9 um trabalho sem objetivo terap\u00eautico, que se coloca como alternativo e somat\u00f3rio&#8230; <\/p>\n<div class=\"link-more\"><a href=\"https:\/\/wp.ufpel.edu.br\/camaradeextensaoca\/cursos\/musica\/poeticas-da-diferenca-na-ufpel\/\">Leia mais<\/a><\/div>\n","protected":false},"author":647,"featured_media":0,"parent":18,"menu_order":0,"comment_status":"closed","ping_status":"closed","template":"","meta":{"jetpack_post_was_ever_published":false,"footnotes":""},"class_list":["post-696","page","type-page","status-publish","hentry"],"jetpack_sharing_enabled":true,"jetpack_shortlink":"https:\/\/wp.me\/P8nTsJ-be","_links":{"self":[{"href":"https:\/\/wp.ufpel.edu.br\/camaradeextensaoca\/wp-json\/wp\/v2\/pages\/696","targetHints":{"allow":["GET"]}}],"collection":[{"href":"https:\/\/wp.ufpel.edu.br\/camaradeextensaoca\/wp-json\/wp\/v2\/pages"}],"about":[{"href":"https:\/\/wp.ufpel.edu.br\/camaradeextensaoca\/wp-json\/wp\/v2\/types\/page"}],"author":[{"embeddable":true,"href":"https:\/\/wp.ufpel.edu.br\/camaradeextensaoca\/wp-json\/wp\/v2\/users\/647"}],"replies":[{"embeddable":true,"href":"https:\/\/wp.ufpel.edu.br\/camaradeextensaoca\/wp-json\/wp\/v2\/comments?post=696"}],"version-history":[{"count":2,"href":"https:\/\/wp.ufpel.edu.br\/camaradeextensaoca\/wp-json\/wp\/v2\/pages\/696\/revisions"}],"predecessor-version":[{"id":1074,"href":"https:\/\/wp.ufpel.edu.br\/camaradeextensaoca\/wp-json\/wp\/v2\/pages\/696\/revisions\/1074"}],"up":[{"embeddable":true,"href":"https:\/\/wp.ufpel.edu.br\/camaradeextensaoca\/wp-json\/wp\/v2\/pages\/18"}],"wp:attachment":[{"href":"https:\/\/wp.ufpel.edu.br\/camaradeextensaoca\/wp-json\/wp\/v2\/media?parent=696"}],"curies":[{"name":"wp","href":"https:\/\/api.w.org\/{rel}","templated":true}]}}