{"id":690,"date":"2016-10-11T11:16:14","date_gmt":"2016-10-11T14:16:14","guid":{"rendered":"https:\/\/wp.ufpel.edu.br\/camaradeextensaoca\/?page_id=690"},"modified":"2017-05-26T11:18:28","modified_gmt":"2017-05-26T14:18:28","slug":"dia-internacional-da-animacao-pelotas","status":"publish","type":"page","link":"https:\/\/wp.ufpel.edu.br\/camaradeextensaoca\/cursos\/cinema\/dia-internacional-da-animacao-pelotas\/","title":{"rendered":"Dia Internacional da Anima\u00e7\u00e3o &#8211; Pelotas"},"content":{"rendered":"<p>Nome do projeto: Dia Internacional da Anima\u00e7\u00e3o \u2013 Pelotas<\/p>\n<p>C\u00f3digo: 51904071<\/p>\n<p>Resumo do projeto: Possibilitar aos alunos e professores do curso de Cinema de Anima\u00e7\u00e3o (Centro de Artes-UFPel), bem a comunidade pelotense, a oportunidade de assistir uma colet\u00e2nea de filmes de anima\u00e7\u00e3o, nacionais e internacionais. OBJETIVO ESPEC\u00cdFICO . Realizar mostra de filmes de anima\u00e7\u00e3o, com aproximadamente 3 horas, inserindo Pelotas ao evento comemorativo da \u00e1rea, em \u00e2mbito nacional, conhecido como Dia Internacional da Anima\u00e7\u00e3o.<\/p>\n<p>Professor respons\u00e1vel: Carla Schneider<\/p>\n","protected":false},"excerpt":{"rendered":"<p>Nome do projeto: Dia Internacional da Anima\u00e7\u00e3o \u2013 Pelotas C\u00f3digo: 51904071 Resumo do projeto: Possibilitar aos alunos e professores do curso de Cinema de Anima\u00e7\u00e3o (Centro de Artes-UFPel), bem a comunidade pelotense, a oportunidade de assistir uma colet\u00e2nea de filmes de anima\u00e7\u00e3o, nacionais e internacionais. OBJETIVO ESPEC\u00cdFICO . Realizar mostra de filmes de anima\u00e7\u00e3o, com&#8230; <\/p>\n<div class=\"link-more\"><a href=\"https:\/\/wp.ufpel.edu.br\/camaradeextensaoca\/cursos\/cinema\/dia-internacional-da-animacao-pelotas\/\">Leia mais<\/a><\/div>\n","protected":false},"author":647,"featured_media":0,"parent":9,"menu_order":0,"comment_status":"closed","ping_status":"closed","template":"","meta":{"jetpack_post_was_ever_published":false,"footnotes":""},"class_list":["post-690","page","type-page","status-publish","hentry"],"jetpack_sharing_enabled":true,"jetpack_shortlink":"https:\/\/wp.me\/P8nTsJ-b8","_links":{"self":[{"href":"https:\/\/wp.ufpel.edu.br\/camaradeextensaoca\/wp-json\/wp\/v2\/pages\/690","targetHints":{"allow":["GET"]}}],"collection":[{"href":"https:\/\/wp.ufpel.edu.br\/camaradeextensaoca\/wp-json\/wp\/v2\/pages"}],"about":[{"href":"https:\/\/wp.ufpel.edu.br\/camaradeextensaoca\/wp-json\/wp\/v2\/types\/page"}],"author":[{"embeddable":true,"href":"https:\/\/wp.ufpel.edu.br\/camaradeextensaoca\/wp-json\/wp\/v2\/users\/647"}],"replies":[{"embeddable":true,"href":"https:\/\/wp.ufpel.edu.br\/camaradeextensaoca\/wp-json\/wp\/v2\/comments?post=690"}],"version-history":[{"count":3,"href":"https:\/\/wp.ufpel.edu.br\/camaradeextensaoca\/wp-json\/wp\/v2\/pages\/690\/revisions"}],"predecessor-version":[{"id":1068,"href":"https:\/\/wp.ufpel.edu.br\/camaradeextensaoca\/wp-json\/wp\/v2\/pages\/690\/revisions\/1068"}],"up":[{"embeddable":true,"href":"https:\/\/wp.ufpel.edu.br\/camaradeextensaoca\/wp-json\/wp\/v2\/pages\/9"}],"wp:attachment":[{"href":"https:\/\/wp.ufpel.edu.br\/camaradeextensaoca\/wp-json\/wp\/v2\/media?parent=690"}],"curies":[{"name":"wp","href":"https:\/\/api.w.org\/{rel}","templated":true}]}}