{"id":686,"date":"2016-10-11T11:17:07","date_gmt":"2016-10-11T14:17:07","guid":{"rendered":"https:\/\/wp.ufpel.edu.br\/camaradeextensaoca\/?page_id=686"},"modified":"2016-10-11T11:19:37","modified_gmt":"2016-10-11T14:19:37","slug":"curso-de-fotografia-com-camara-obscura","status":"publish","type":"page","link":"https:\/\/wp.ufpel.edu.br\/camaradeextensaoca\/cursos\/design\/curso-de-fotografia-com-camara-obscura\/","title":{"rendered":"Curso de Fotografia com C\u00e2mara Obscura"},"content":{"rendered":"<p>Nome do projeto: Curso de Fotografia com C\u00e2mara Obscura<\/p>\n<p>C\u00f3digo: 51902171<\/p>\n<p>Resumo do projeto:<\/p>\n<p>Objetivo Geral Trabalhar a linguagem da fotografia como express\u00e3o, a partir da constru\u00e7\u00e3o de c\u00e2meras obscuras na busca de resultados po\u00e9ticos alternativos, de acordo com os interesse dos participantes. Objetivos Espec\u00edficos &#8211; Apresentar a t\u00e9cnica da fotografia com c\u00e2mara obscura e seu processo na obten\u00e7\u00e3o de imagens; &#8211; Analisar as caracter\u00edsticas do processo; &#8211; Discutir sobre linguagem fotogr\u00e1fica<\/p>\n<p>Professor respons\u00e1vel: Juliana Correa Hermes Angeli<\/p>\n<p>&nbsp;<\/p>\n","protected":false},"excerpt":{"rendered":"<p>Nome do projeto: Curso de Fotografia com C\u00e2mara Obscura C\u00f3digo: 51902171 Resumo do projeto: Objetivo Geral Trabalhar a linguagem da fotografia como express\u00e3o, a partir da constru\u00e7\u00e3o de c\u00e2meras obscuras na busca de resultados po\u00e9ticos alternativos, de acordo com os interesse dos participantes. Objetivos Espec\u00edficos &#8211; Apresentar a t\u00e9cnica da fotografia com c\u00e2mara obscura e&#8230; <\/p>\n<div class=\"link-more\"><a href=\"https:\/\/wp.ufpel.edu.br\/camaradeextensaoca\/cursos\/design\/curso-de-fotografia-com-camara-obscura\/\">Leia mais<\/a><\/div>\n","protected":false},"author":647,"featured_media":0,"parent":15,"menu_order":0,"comment_status":"closed","ping_status":"closed","template":"","meta":{"jetpack_post_was_ever_published":false,"footnotes":""},"class_list":["post-686","page","type-page","status-publish","hentry"],"jetpack_sharing_enabled":true,"jetpack_shortlink":"https:\/\/wp.me\/P8nTsJ-b4","_links":{"self":[{"href":"https:\/\/wp.ufpel.edu.br\/camaradeextensaoca\/wp-json\/wp\/v2\/pages\/686","targetHints":{"allow":["GET"]}}],"collection":[{"href":"https:\/\/wp.ufpel.edu.br\/camaradeextensaoca\/wp-json\/wp\/v2\/pages"}],"about":[{"href":"https:\/\/wp.ufpel.edu.br\/camaradeextensaoca\/wp-json\/wp\/v2\/types\/page"}],"author":[{"embeddable":true,"href":"https:\/\/wp.ufpel.edu.br\/camaradeextensaoca\/wp-json\/wp\/v2\/users\/647"}],"replies":[{"embeddable":true,"href":"https:\/\/wp.ufpel.edu.br\/camaradeextensaoca\/wp-json\/wp\/v2\/comments?post=686"}],"version-history":[{"count":1,"href":"https:\/\/wp.ufpel.edu.br\/camaradeextensaoca\/wp-json\/wp\/v2\/pages\/686\/revisions"}],"predecessor-version":[{"id":695,"href":"https:\/\/wp.ufpel.edu.br\/camaradeextensaoca\/wp-json\/wp\/v2\/pages\/686\/revisions\/695"}],"up":[{"embeddable":true,"href":"https:\/\/wp.ufpel.edu.br\/camaradeextensaoca\/wp-json\/wp\/v2\/pages\/15"}],"wp:attachment":[{"href":"https:\/\/wp.ufpel.edu.br\/camaradeextensaoca\/wp-json\/wp\/v2\/media?parent=686"}],"curies":[{"name":"wp","href":"https:\/\/api.w.org\/{rel}","templated":true}]}}