{"id":684,"date":"2016-10-11T11:14:12","date_gmt":"2016-10-11T14:14:12","guid":{"rendered":"https:\/\/wp.ufpel.edu.br\/camaradeextensaoca\/?page_id=684"},"modified":"2017-05-26T11:26:50","modified_gmt":"2017-05-26T14:26:50","slug":"oficina-de-piano-do-centro-de-artes","status":"publish","type":"page","link":"https:\/\/wp.ufpel.edu.br\/camaradeextensaoca\/cursos\/musica\/oficina-de-piano-do-centro-de-artes\/","title":{"rendered":"Oficina de Piano do Centro de Artes"},"content":{"rendered":"<p>Nome do projeto: Oficina de Piano do Centro de Artes<\/p>\n<p>C\u00f3digo: 53214037<\/p>\n<p>Resumo do projeto: Despertar o gosto pela m\u00fasica, desenvolvendo h\u00e1bitos e habilidades que proporcionem aos alunos uma melhor percep\u00e7\u00e3o senso-memoriza\u00e7\u00e3o coordena\u00e7\u00e3o motoro atr\u00e1ves da pr\u00e1tica pianista ( T\u00e9cnica e interpreta\u00e7\u00e3o ) Repert\u00f3rio especifico. Espec\u00edfico: Estimular a percep\u00e7\u00e3o r\u00edtimica e melhor desenvolver a imagina\u00e7\u00e3o e a mem\u00f3ria. Proporcionar atividades desenvolvam a coordena\u00e7\u00e3o motoro; Ler em clave de sol e fa Interpretar obras variadas.<\/p>\n<p>Professor respons\u00e1vel: Sonia Andre Cava de Oliveira<\/p>\n","protected":false},"excerpt":{"rendered":"<p>Nome do projeto: Oficina de Piano do Centro de Artes C\u00f3digo: 53214037 Resumo do projeto: Despertar o gosto pela m\u00fasica, desenvolvendo h\u00e1bitos e habilidades que proporcionem aos alunos uma melhor percep\u00e7\u00e3o senso-memoriza\u00e7\u00e3o coordena\u00e7\u00e3o motoro atr\u00e1ves da pr\u00e1tica pianista ( T\u00e9cnica e interpreta\u00e7\u00e3o ) Repert\u00f3rio especifico. Espec\u00edfico: Estimular a percep\u00e7\u00e3o r\u00edtimica e melhor desenvolver a imagina\u00e7\u00e3o&#8230; <\/p>\n<div class=\"link-more\"><a href=\"https:\/\/wp.ufpel.edu.br\/camaradeextensaoca\/cursos\/musica\/oficina-de-piano-do-centro-de-artes\/\">Leia mais<\/a><\/div>\n","protected":false},"author":647,"featured_media":0,"parent":18,"menu_order":0,"comment_status":"closed","ping_status":"closed","template":"","meta":{"jetpack_post_was_ever_published":false,"footnotes":""},"class_list":["post-684","page","type-page","status-publish","hentry"],"jetpack_sharing_enabled":true,"jetpack_shortlink":"https:\/\/wp.me\/P8nTsJ-b2","_links":{"self":[{"href":"https:\/\/wp.ufpel.edu.br\/camaradeextensaoca\/wp-json\/wp\/v2\/pages\/684","targetHints":{"allow":["GET"]}}],"collection":[{"href":"https:\/\/wp.ufpel.edu.br\/camaradeextensaoca\/wp-json\/wp\/v2\/pages"}],"about":[{"href":"https:\/\/wp.ufpel.edu.br\/camaradeextensaoca\/wp-json\/wp\/v2\/types\/page"}],"author":[{"embeddable":true,"href":"https:\/\/wp.ufpel.edu.br\/camaradeextensaoca\/wp-json\/wp\/v2\/users\/647"}],"replies":[{"embeddable":true,"href":"https:\/\/wp.ufpel.edu.br\/camaradeextensaoca\/wp-json\/wp\/v2\/comments?post=684"}],"version-history":[{"count":2,"href":"https:\/\/wp.ufpel.edu.br\/camaradeextensaoca\/wp-json\/wp\/v2\/pages\/684\/revisions"}],"predecessor-version":[{"id":1073,"href":"https:\/\/wp.ufpel.edu.br\/camaradeextensaoca\/wp-json\/wp\/v2\/pages\/684\/revisions\/1073"}],"up":[{"embeddable":true,"href":"https:\/\/wp.ufpel.edu.br\/camaradeextensaoca\/wp-json\/wp\/v2\/pages\/18"}],"wp:attachment":[{"href":"https:\/\/wp.ufpel.edu.br\/camaradeextensaoca\/wp-json\/wp\/v2\/media?parent=684"}],"curies":[{"name":"wp","href":"https:\/\/api.w.org\/{rel}","templated":true}]}}