{"id":671,"date":"2016-10-11T11:08:22","date_gmt":"2016-10-11T14:08:22","guid":{"rendered":"https:\/\/wp.ufpel.edu.br\/camaradeextensaoca\/?page_id=671"},"modified":"2017-05-26T11:27:44","modified_gmt":"2017-05-26T14:27:44","slug":"grupo-vocal-saude-mental","status":"publish","type":"page","link":"https:\/\/wp.ufpel.edu.br\/camaradeextensaoca\/cursos\/musica\/grupo-vocal-saude-mental\/","title":{"rendered":"Grupo Vocal Sa\u00fade Mental"},"content":{"rendered":"<p>Nome do projeto: Grupo Vocal Sa\u00fade Mental<\/p>\n<p>C\u00f3digo: 53214103<\/p>\n<p>Resumo do projeto: Oportunizar os integrantes dos CAPs participarem do grupo vocal, visando a integra\u00e7\u00e3o e a inser\u00e7\u00e3o na sociedade, compartilhando o mesmo espa\u00e7o com alunos do curso de m\u00fasica da UFPel.<\/p>\n<p>Professor respons\u00e1vel: Mario de Souza Maia<\/p>\n","protected":false},"excerpt":{"rendered":"<p>Nome do projeto: Grupo Vocal Sa\u00fade Mental C\u00f3digo: 53214103 Resumo do projeto: Oportunizar os integrantes dos CAPs participarem do grupo vocal, visando a integra\u00e7\u00e3o e a inser\u00e7\u00e3o na sociedade, compartilhando o mesmo espa\u00e7o com alunos do curso de m\u00fasica da UFPel. Professor respons\u00e1vel: Mario de Souza Maia<\/p>\n","protected":false},"author":647,"featured_media":0,"parent":18,"menu_order":0,"comment_status":"closed","ping_status":"closed","template":"","meta":{"jetpack_post_was_ever_published":false,"footnotes":""},"class_list":["post-671","page","type-page","status-publish","hentry"],"jetpack_sharing_enabled":true,"jetpack_shortlink":"https:\/\/wp.me\/P8nTsJ-aP","_links":{"self":[{"href":"https:\/\/wp.ufpel.edu.br\/camaradeextensaoca\/wp-json\/wp\/v2\/pages\/671","targetHints":{"allow":["GET"]}}],"collection":[{"href":"https:\/\/wp.ufpel.edu.br\/camaradeextensaoca\/wp-json\/wp\/v2\/pages"}],"about":[{"href":"https:\/\/wp.ufpel.edu.br\/camaradeextensaoca\/wp-json\/wp\/v2\/types\/page"}],"author":[{"embeddable":true,"href":"https:\/\/wp.ufpel.edu.br\/camaradeextensaoca\/wp-json\/wp\/v2\/users\/647"}],"replies":[{"embeddable":true,"href":"https:\/\/wp.ufpel.edu.br\/camaradeextensaoca\/wp-json\/wp\/v2\/comments?post=671"}],"version-history":[{"count":2,"href":"https:\/\/wp.ufpel.edu.br\/camaradeextensaoca\/wp-json\/wp\/v2\/pages\/671\/revisions"}],"predecessor-version":[{"id":1072,"href":"https:\/\/wp.ufpel.edu.br\/camaradeextensaoca\/wp-json\/wp\/v2\/pages\/671\/revisions\/1072"}],"up":[{"embeddable":true,"href":"https:\/\/wp.ufpel.edu.br\/camaradeextensaoca\/wp-json\/wp\/v2\/pages\/18"}],"wp:attachment":[{"href":"https:\/\/wp.ufpel.edu.br\/camaradeextensaoca\/wp-json\/wp\/v2\/media?parent=671"}],"curies":[{"name":"wp","href":"https:\/\/api.w.org\/{rel}","templated":true}]}}