{"id":664,"date":"2016-10-11T11:06:22","date_gmt":"2016-10-11T14:06:22","guid":{"rendered":"https:\/\/wp.ufpel.edu.br\/camaradeextensaoca\/?page_id=664"},"modified":"2017-05-26T10:52:26","modified_gmt":"2017-05-26T13:52:26","slug":"revista-do-curso-de-design-do-ca-ufpel","status":"publish","type":"page","link":"https:\/\/wp.ufpel.edu.br\/camaradeextensaoca\/cursos\/artes-visuais\/revista-do-curso-de-design-do-ca-ufpel\/","title":{"rendered":"Revista do curso de Design do CA &#8211; UFPel"},"content":{"rendered":"<p>Nome do projeto: Revista do curso de Design do CA &#8211; UFPel<\/p>\n<p>C\u00f3digo: 51902081<\/p>\n<p>Resumo do projeto: Publicar uma revista dos cursos de Design do Centro de Artes que divulgue iniciativas relacionadas a ensino, extens\u00e3o e pesquisa. Permitir a participa\u00e7\u00e3o de alunos, professores e t\u00e9cnico-administrativos na cria\u00e7\u00e3o e divulga\u00e7\u00e3o de conte\u00fado. Organizar conte\u00fado cient\u00edfico e n\u00e3o-cient\u00edfico (colunas de opini\u00e3o, resenha de obras, artigos, textos de divulga\u00e7\u00e3o de eventos e atividades acad\u00eamicas, etc) de maneira bem elaborada gr\u00e1fica e textualmente. Ser um f\u00f3rum de aplica\u00e7\u00e3o dos conceitos de design gr\u00e1fico aprendidos ao longo das disciplinas espec\u00edficas, como por exemplo, de Design Editorial.<\/p>\n<p>Professor respons\u00e1vel: Roberta Coelho Barros<\/p>\n","protected":false},"excerpt":{"rendered":"<p>Nome do projeto: Revista do curso de Design do CA &#8211; UFPel C\u00f3digo: 51902081 Resumo do projeto: Publicar uma revista dos cursos de Design do Centro de Artes que divulgue iniciativas relacionadas a ensino, extens\u00e3o e pesquisa. Permitir a participa\u00e7\u00e3o de alunos, professores e t\u00e9cnico-administrativos na cria\u00e7\u00e3o e divulga\u00e7\u00e3o de conte\u00fado. Organizar conte\u00fado cient\u00edfico e&#8230; <\/p>\n<div class=\"link-more\"><a href=\"https:\/\/wp.ufpel.edu.br\/camaradeextensaoca\/cursos\/artes-visuais\/revista-do-curso-de-design-do-ca-ufpel\/\">Leia mais<\/a><\/div>\n","protected":false},"author":647,"featured_media":0,"parent":113,"menu_order":0,"comment_status":"closed","ping_status":"closed","template":"","meta":{"jetpack_post_was_ever_published":false,"footnotes":""},"class_list":["post-664","page","type-page","status-publish","hentry"],"jetpack_sharing_enabled":true,"jetpack_shortlink":"https:\/\/wp.me\/P8nTsJ-aI","_links":{"self":[{"href":"https:\/\/wp.ufpel.edu.br\/camaradeextensaoca\/wp-json\/wp\/v2\/pages\/664","targetHints":{"allow":["GET"]}}],"collection":[{"href":"https:\/\/wp.ufpel.edu.br\/camaradeextensaoca\/wp-json\/wp\/v2\/pages"}],"about":[{"href":"https:\/\/wp.ufpel.edu.br\/camaradeextensaoca\/wp-json\/wp\/v2\/types\/page"}],"author":[{"embeddable":true,"href":"https:\/\/wp.ufpel.edu.br\/camaradeextensaoca\/wp-json\/wp\/v2\/users\/647"}],"replies":[{"embeddable":true,"href":"https:\/\/wp.ufpel.edu.br\/camaradeextensaoca\/wp-json\/wp\/v2\/comments?post=664"}],"version-history":[{"count":3,"href":"https:\/\/wp.ufpel.edu.br\/camaradeextensaoca\/wp-json\/wp\/v2\/pages\/664\/revisions"}],"predecessor-version":[{"id":1056,"href":"https:\/\/wp.ufpel.edu.br\/camaradeextensaoca\/wp-json\/wp\/v2\/pages\/664\/revisions\/1056"}],"up":[{"embeddable":true,"href":"https:\/\/wp.ufpel.edu.br\/camaradeextensaoca\/wp-json\/wp\/v2\/pages\/113"}],"wp:attachment":[{"href":"https:\/\/wp.ufpel.edu.br\/camaradeextensaoca\/wp-json\/wp\/v2\/media?parent=664"}],"curies":[{"name":"wp","href":"https:\/\/api.w.org\/{rel}","templated":true}]}}