{"id":650,"date":"2016-10-11T11:03:11","date_gmt":"2016-10-11T14:03:11","guid":{"rendered":"https:\/\/wp.ufpel.edu.br\/camaradeextensaoca\/?page_id=650"},"modified":"2016-10-11T11:03:11","modified_gmt":"2016-10-11T14:03:11","slug":"producao-de-video-nas-escolas","status":"publish","type":"page","link":"https:\/\/wp.ufpel.edu.br\/camaradeextensaoca\/cursos\/cinema\/producao-de-video-nas-escolas\/","title":{"rendered":"Produ\u00e7\u00e3o de v\u00eddeo nas escolas"},"content":{"rendered":"<p>Nome do projeto: Produ\u00e7\u00e3o de v\u00eddeo nas escolas<\/p>\n<p>C\u00f3digo: 51904031<\/p>\n<p>Resumo do projeto:<\/p>\n<p>Objetivo Geral: Oficina de Produ\u00e7\u00e3o Audiovisual nas escolas tem por objetivo a realiza\u00e7\u00e3o de v\u00eddeo com professores da rede de ensino m\u00e9dio da cidade de Pelotas. Objetivos Espec\u00edficos: &#8211; Capacitar professores na produ\u00e7\u00e3o audiovisual &#8211; Investigar a possibilidade da produ\u00e7ao de v\u00eddeo ser usado no procesos educacional<\/p>\n<p>Professor respons\u00e1vel: Josias Pereira da Silva<\/p>\n<p>&nbsp;<\/p>\n","protected":false},"excerpt":{"rendered":"<p>Nome do projeto: Produ\u00e7\u00e3o de v\u00eddeo nas escolas C\u00f3digo: 51904031 Resumo do projeto: Objetivo Geral: Oficina de Produ\u00e7\u00e3o Audiovisual nas escolas tem por objetivo a realiza\u00e7\u00e3o de v\u00eddeo com professores da rede de ensino m\u00e9dio da cidade de Pelotas. Objetivos Espec\u00edficos: &#8211; Capacitar professores na produ\u00e7\u00e3o audiovisual &#8211; Investigar a possibilidade da produ\u00e7ao de v\u00eddeo&#8230; <\/p>\n<div class=\"link-more\"><a href=\"https:\/\/wp.ufpel.edu.br\/camaradeextensaoca\/cursos\/cinema\/producao-de-video-nas-escolas\/\">Leia mais<\/a><\/div>\n","protected":false},"author":647,"featured_media":0,"parent":9,"menu_order":0,"comment_status":"closed","ping_status":"closed","template":"","meta":{"jetpack_post_was_ever_published":false,"footnotes":""},"class_list":["post-650","page","type-page","status-publish","hentry"],"jetpack_sharing_enabled":true,"jetpack_shortlink":"https:\/\/wp.me\/P8nTsJ-au","_links":{"self":[{"href":"https:\/\/wp.ufpel.edu.br\/camaradeextensaoca\/wp-json\/wp\/v2\/pages\/650","targetHints":{"allow":["GET"]}}],"collection":[{"href":"https:\/\/wp.ufpel.edu.br\/camaradeextensaoca\/wp-json\/wp\/v2\/pages"}],"about":[{"href":"https:\/\/wp.ufpel.edu.br\/camaradeextensaoca\/wp-json\/wp\/v2\/types\/page"}],"author":[{"embeddable":true,"href":"https:\/\/wp.ufpel.edu.br\/camaradeextensaoca\/wp-json\/wp\/v2\/users\/647"}],"replies":[{"embeddable":true,"href":"https:\/\/wp.ufpel.edu.br\/camaradeextensaoca\/wp-json\/wp\/v2\/comments?post=650"}],"version-history":[{"count":1,"href":"https:\/\/wp.ufpel.edu.br\/camaradeextensaoca\/wp-json\/wp\/v2\/pages\/650\/revisions"}],"predecessor-version":[{"id":661,"href":"https:\/\/wp.ufpel.edu.br\/camaradeextensaoca\/wp-json\/wp\/v2\/pages\/650\/revisions\/661"}],"up":[{"embeddable":true,"href":"https:\/\/wp.ufpel.edu.br\/camaradeextensaoca\/wp-json\/wp\/v2\/pages\/9"}],"wp:attachment":[{"href":"https:\/\/wp.ufpel.edu.br\/camaradeextensaoca\/wp-json\/wp\/v2\/media?parent=650"}],"curies":[{"name":"wp","href":"https:\/\/api.w.org\/{rel}","templated":true}]}}