{"id":646,"date":"2016-10-11T10:53:19","date_gmt":"2016-10-11T13:53:19","guid":{"rendered":"https:\/\/wp.ufpel.edu.br\/camaradeextensaoca\/?page_id=646"},"modified":"2017-05-26T11:17:44","modified_gmt":"2017-05-26T14:17:44","slug":"transitar","status":"publish","type":"page","link":"https:\/\/wp.ufpel.edu.br\/camaradeextensaoca\/curso-artes-visuais-licenciatura\/transitar\/","title":{"rendered":"TRANSITAR"},"content":{"rendered":"<p>Nome do projeto: TRANSITAR<\/p>\n<p>C\u00f3digo: 53211028<\/p>\n<p>Resumo do projeto: Provocar encontros propiciando emergencias, entre os participantes do projeto e demais usu\u00e1rios do Ateli\u00ea de Cer\u00e2mica.<\/p>\n<p>Professor respons\u00e1vel: Ana Paula Azevedo Barbosa<\/p>\n","protected":false},"excerpt":{"rendered":"<p>Nome do projeto: TRANSITAR C\u00f3digo: 53211028 Resumo do projeto: Provocar encontros propiciando emergencias, entre os participantes do projeto e demais usu\u00e1rios do Ateli\u00ea de Cer\u00e2mica. Professor respons\u00e1vel: Ana Paula Azevedo Barbosa<\/p>\n","protected":false},"author":647,"featured_media":0,"parent":214,"menu_order":0,"comment_status":"closed","ping_status":"closed","template":"","meta":{"jetpack_post_was_ever_published":false,"footnotes":""},"class_list":["post-646","page","type-page","status-publish","hentry"],"jetpack_sharing_enabled":true,"jetpack_shortlink":"https:\/\/wp.me\/P8nTsJ-aq","_links":{"self":[{"href":"https:\/\/wp.ufpel.edu.br\/camaradeextensaoca\/wp-json\/wp\/v2\/pages\/646","targetHints":{"allow":["GET"]}}],"collection":[{"href":"https:\/\/wp.ufpel.edu.br\/camaradeextensaoca\/wp-json\/wp\/v2\/pages"}],"about":[{"href":"https:\/\/wp.ufpel.edu.br\/camaradeextensaoca\/wp-json\/wp\/v2\/types\/page"}],"author":[{"embeddable":true,"href":"https:\/\/wp.ufpel.edu.br\/camaradeextensaoca\/wp-json\/wp\/v2\/users\/647"}],"replies":[{"embeddable":true,"href":"https:\/\/wp.ufpel.edu.br\/camaradeextensaoca\/wp-json\/wp\/v2\/comments?post=646"}],"version-history":[{"count":3,"href":"https:\/\/wp.ufpel.edu.br\/camaradeextensaoca\/wp-json\/wp\/v2\/pages\/646\/revisions"}],"predecessor-version":[{"id":1067,"href":"https:\/\/wp.ufpel.edu.br\/camaradeextensaoca\/wp-json\/wp\/v2\/pages\/646\/revisions\/1067"}],"up":[{"embeddable":true,"href":"https:\/\/wp.ufpel.edu.br\/camaradeextensaoca\/wp-json\/wp\/v2\/pages\/214"}],"wp:attachment":[{"href":"https:\/\/wp.ufpel.edu.br\/camaradeextensaoca\/wp-json\/wp\/v2\/media?parent=646"}],"curies":[{"name":"wp","href":"https:\/\/api.w.org\/{rel}","templated":true}]}}