{"id":641,"date":"2016-10-11T10:50:01","date_gmt":"2016-10-11T13:50:01","guid":{"rendered":"https:\/\/wp.ufpel.edu.br\/camaradeextensaoca\/?page_id=641"},"modified":"2016-10-11T10:53:24","modified_gmt":"2016-10-11T13:53:24","slug":"experienciando-o-desenho","status":"publish","type":"page","link":"https:\/\/wp.ufpel.edu.br\/camaradeextensaoca\/cursos\/design\/experienciando-o-desenho\/","title":{"rendered":"Experienciando o Desenho"},"content":{"rendered":"<p>Nome do projeto: Experienciando o Desenho<\/p>\n<p>C\u00f3digo: 53211140<\/p>\n<p>Resumo do projeto:<br \/>\nProporcionar condi\u00e7\u00f5es para o aprendizado do desenho art\u00edstico, como ferramenta transformadora do aluno, a partir de experi\u00eancias pl\u00e1sticas que se apoiam no pr\u00f3prio repert\u00f3rio individual buscando ampliar o conhecimento gr\u00e1fico, critico e visual. OBJETIVOS ESPECIFICOS: Propor atividades que abordem aspectos estruturais, formais e espaciais do desenho. Identificar estruturas lineares aparentes explorando as rela\u00e7\u00f5es sem\u00e2nticas em distintos meios e situa\u00e7\u00f5es. Apresentar a obra gr\u00e1fica de artistas contempor\u00e2neos, explicitando materiais e t\u00e9cnicas utilizadas, bem como aspectos hist\u00f3ricos e conceituais. Propiciar e ampliar a capacidade de aprecia\u00e7\u00e3o e cr\u00edtica do desenho e das artes.<\/p>\n<p>Professor respons\u00e1vel: Nadia da Cruz Senna<\/p>\n<p>&nbsp;<\/p>\n","protected":false},"excerpt":{"rendered":"<p>Nome do projeto: Experienciando o Desenho C\u00f3digo: 53211140 Resumo do projeto: Proporcionar condi\u00e7\u00f5es para o aprendizado do desenho art\u00edstico, como ferramenta transformadora do aluno, a partir de experi\u00eancias pl\u00e1sticas que se apoiam no pr\u00f3prio repert\u00f3rio individual buscando ampliar o conhecimento gr\u00e1fico, critico e visual. OBJETIVOS ESPECIFICOS: Propor atividades que abordem aspectos estruturais, formais e espaciais&#8230; <\/p>\n<div class=\"link-more\"><a href=\"https:\/\/wp.ufpel.edu.br\/camaradeextensaoca\/cursos\/design\/experienciando-o-desenho\/\">Leia mais<\/a><\/div>\n","protected":false},"author":647,"featured_media":0,"parent":15,"menu_order":0,"comment_status":"closed","ping_status":"closed","template":"","meta":{"jetpack_post_was_ever_published":false,"footnotes":""},"class_list":["post-641","page","type-page","status-publish","hentry"],"jetpack_sharing_enabled":true,"jetpack_shortlink":"https:\/\/wp.me\/P8nTsJ-al","_links":{"self":[{"href":"https:\/\/wp.ufpel.edu.br\/camaradeextensaoca\/wp-json\/wp\/v2\/pages\/641","targetHints":{"allow":["GET"]}}],"collection":[{"href":"https:\/\/wp.ufpel.edu.br\/camaradeextensaoca\/wp-json\/wp\/v2\/pages"}],"about":[{"href":"https:\/\/wp.ufpel.edu.br\/camaradeextensaoca\/wp-json\/wp\/v2\/types\/page"}],"author":[{"embeddable":true,"href":"https:\/\/wp.ufpel.edu.br\/camaradeextensaoca\/wp-json\/wp\/v2\/users\/647"}],"replies":[{"embeddable":true,"href":"https:\/\/wp.ufpel.edu.br\/camaradeextensaoca\/wp-json\/wp\/v2\/comments?post=641"}],"version-history":[{"count":1,"href":"https:\/\/wp.ufpel.edu.br\/camaradeextensaoca\/wp-json\/wp\/v2\/pages\/641\/revisions"}],"predecessor-version":[{"id":645,"href":"https:\/\/wp.ufpel.edu.br\/camaradeextensaoca\/wp-json\/wp\/v2\/pages\/641\/revisions\/645"}],"up":[{"embeddable":true,"href":"https:\/\/wp.ufpel.edu.br\/camaradeextensaoca\/wp-json\/wp\/v2\/pages\/15"}],"wp:attachment":[{"href":"https:\/\/wp.ufpel.edu.br\/camaradeextensaoca\/wp-json\/wp\/v2\/media?parent=641"}],"curies":[{"name":"wp","href":"https:\/\/api.w.org\/{rel}","templated":true}]}}