{"id":637,"date":"2016-10-11T10:45:21","date_gmt":"2016-10-11T13:45:21","guid":{"rendered":"https:\/\/wp.ufpel.edu.br\/camaradeextensaoca\/?page_id=637"},"modified":"2016-10-11T10:45:21","modified_gmt":"2016-10-11T13:45:21","slug":"desenho-de-figura-humana-mostra-didatica","status":"publish","type":"page","link":"https:\/\/wp.ufpel.edu.br\/camaradeextensaoca\/cursos\/design\/desenho-de-figura-humana-mostra-didatica\/","title":{"rendered":"Desenho de Figura Humana: mostra did\u00e1tica"},"content":{"rendered":"<p>Nome do projeto: Desenho de Figura Humana: mostra did\u00e1tica<\/p>\n<p>C\u00f3digo: 53211220<\/p>\n<p>Resumo do projeto:<br \/>\nObjetivo Geral: Realizar a mostra cujo enfoque se det\u00e9m sobre o imagin\u00e1rio em torno da representa\u00e7\u00e3o da figura humana, destacando representa\u00e7\u00f5es de personagens hist\u00f3ricas, liter\u00e1rias e ficcionais, assim como a revitaliza\u00e7\u00e3o dos temas e modelos ao longo da hist\u00f3ria da arte e da cultura ocidental. Objetivos espec\u00edficos : Projetar e executar a mostra did\u00e1tica, Organizar e produzir o material de divulga\u00e7\u00e3o, Preparar grupos de monitores para recep\u00e7\u00e3o e media\u00e7\u00e3o dos visitantes Registrar e Documentar todas as a\u00e7\u00f5es realizadas,<\/p>\n<p>Professor respons\u00e1vel: Nadia da Cruz Senna<\/p>\n","protected":false},"excerpt":{"rendered":"<p>Nome do projeto: Desenho de Figura Humana: mostra did\u00e1tica C\u00f3digo: 53211220 Resumo do projeto: Objetivo Geral: Realizar a mostra cujo enfoque se det\u00e9m sobre o imagin\u00e1rio em torno da representa\u00e7\u00e3o da figura humana, destacando representa\u00e7\u00f5es de personagens hist\u00f3ricas, liter\u00e1rias e ficcionais, assim como a revitaliza\u00e7\u00e3o dos temas e modelos ao longo da hist\u00f3ria da arte&#8230; <\/p>\n<div class=\"link-more\"><a href=\"https:\/\/wp.ufpel.edu.br\/camaradeextensaoca\/cursos\/design\/desenho-de-figura-humana-mostra-didatica\/\">Leia mais<\/a><\/div>\n","protected":false},"author":647,"featured_media":0,"parent":15,"menu_order":0,"comment_status":"closed","ping_status":"closed","template":"","meta":{"jetpack_post_was_ever_published":false,"footnotes":""},"class_list":["post-637","page","type-page","status-publish","hentry"],"jetpack_sharing_enabled":true,"jetpack_shortlink":"https:\/\/wp.me\/P8nTsJ-ah","_links":{"self":[{"href":"https:\/\/wp.ufpel.edu.br\/camaradeextensaoca\/wp-json\/wp\/v2\/pages\/637","targetHints":{"allow":["GET"]}}],"collection":[{"href":"https:\/\/wp.ufpel.edu.br\/camaradeextensaoca\/wp-json\/wp\/v2\/pages"}],"about":[{"href":"https:\/\/wp.ufpel.edu.br\/camaradeextensaoca\/wp-json\/wp\/v2\/types\/page"}],"author":[{"embeddable":true,"href":"https:\/\/wp.ufpel.edu.br\/camaradeextensaoca\/wp-json\/wp\/v2\/users\/647"}],"replies":[{"embeddable":true,"href":"https:\/\/wp.ufpel.edu.br\/camaradeextensaoca\/wp-json\/wp\/v2\/comments?post=637"}],"version-history":[{"count":1,"href":"https:\/\/wp.ufpel.edu.br\/camaradeextensaoca\/wp-json\/wp\/v2\/pages\/637\/revisions"}],"predecessor-version":[{"id":639,"href":"https:\/\/wp.ufpel.edu.br\/camaradeextensaoca\/wp-json\/wp\/v2\/pages\/637\/revisions\/639"}],"up":[{"embeddable":true,"href":"https:\/\/wp.ufpel.edu.br\/camaradeextensaoca\/wp-json\/wp\/v2\/pages\/15"}],"wp:attachment":[{"href":"https:\/\/wp.ufpel.edu.br\/camaradeextensaoca\/wp-json\/wp\/v2\/media?parent=637"}],"curies":[{"name":"wp","href":"https:\/\/api.w.org\/{rel}","templated":true}]}}