{"id":635,"date":"2016-10-11T10:48:58","date_gmt":"2016-10-11T13:48:58","guid":{"rendered":"https:\/\/wp.ufpel.edu.br\/camaradeextensaoca\/?page_id=635"},"modified":"2017-05-26T11:03:05","modified_gmt":"2017-05-26T14:03:05","slug":"ecletipofaces","status":"publish","type":"page","link":"https:\/\/wp.ufpel.edu.br\/camaradeextensaoca\/curso-artes-visuais-licenciatura\/ecletipofaces\/","title":{"rendered":"ecletipoFACES"},"content":{"rendered":"<p>Nome do projeto: ecletipoFACES<\/p>\n<p>C\u00f3digo: 53211050<\/p>\n<p>Resumo do projeto: Explorar os recursos lingu\u00edsticos e ret\u00f3ricos de projetos em Tipografia, visando a produ\u00e7\u00e3o de obras autorais no \u00e2mbito do Design. Gerar formas de agenciamento e distribui\u00e7\u00e3o dos trabalhos voltados a Comunica\u00e7\u00e3o Visual e Design \u00e0 Comunidade em Geral, possibilitando forma\u00e7\u00e3o de p\u00fablico e respectivo repert\u00f3rio cr\u00edtico a \u00e1rea do projeto.<\/p>\n<p>Espec\u00edfico: 1. Produzir pe\u00e7as tipogr\u00e1ficas dentro das \u00e1reas de Design, Artes Pl\u00e1sticas, Literatura e M\u00fasica; \u00a02. Promover experi\u00eancia na realiza\u00e7\u00e3o de atividades em Eventos de Exposi\u00e7\u00e3o de Obras Art\u00edsticas e Comunicacionais; \u00a03. Divulgar e promover os resultados acad\u00eamicos do Curso de Design com os setores do Mercado local; \u00a04. Promover Interc\u00e2mbio entre artistas, m\u00fasicos e designers.<\/p>\n<p>Professor respons\u00e1vel: Joao Fernando Igansi Nunes<\/p>\n","protected":false},"excerpt":{"rendered":"<p>Nome do projeto: ecletipoFACES C\u00f3digo: 53211050 Resumo do projeto: Explorar os recursos lingu\u00edsticos e ret\u00f3ricos de projetos em Tipografia, visando a produ\u00e7\u00e3o de obras autorais no \u00e2mbito do Design. Gerar formas de agenciamento e distribui\u00e7\u00e3o dos trabalhos voltados a Comunica\u00e7\u00e3o Visual e Design \u00e0 Comunidade em Geral, possibilitando forma\u00e7\u00e3o de p\u00fablico e respectivo repert\u00f3rio cr\u00edtico&#8230; <\/p>\n<div class=\"link-more\"><a href=\"https:\/\/wp.ufpel.edu.br\/camaradeextensaoca\/curso-artes-visuais-licenciatura\/ecletipofaces\/\">Leia mais<\/a><\/div>\n","protected":false},"author":647,"featured_media":0,"parent":214,"menu_order":0,"comment_status":"closed","ping_status":"closed","template":"","meta":{"jetpack_post_was_ever_published":false,"footnotes":""},"class_list":["post-635","page","type-page","status-publish","hentry"],"jetpack_sharing_enabled":true,"jetpack_shortlink":"https:\/\/wp.me\/P8nTsJ-af","_links":{"self":[{"href":"https:\/\/wp.ufpel.edu.br\/camaradeextensaoca\/wp-json\/wp\/v2\/pages\/635","targetHints":{"allow":["GET"]}}],"collection":[{"href":"https:\/\/wp.ufpel.edu.br\/camaradeextensaoca\/wp-json\/wp\/v2\/pages"}],"about":[{"href":"https:\/\/wp.ufpel.edu.br\/camaradeextensaoca\/wp-json\/wp\/v2\/types\/page"}],"author":[{"embeddable":true,"href":"https:\/\/wp.ufpel.edu.br\/camaradeextensaoca\/wp-json\/wp\/v2\/users\/647"}],"replies":[{"embeddable":true,"href":"https:\/\/wp.ufpel.edu.br\/camaradeextensaoca\/wp-json\/wp\/v2\/comments?post=635"}],"version-history":[{"count":2,"href":"https:\/\/wp.ufpel.edu.br\/camaradeextensaoca\/wp-json\/wp\/v2\/pages\/635\/revisions"}],"predecessor-version":[{"id":1060,"href":"https:\/\/wp.ufpel.edu.br\/camaradeextensaoca\/wp-json\/wp\/v2\/pages\/635\/revisions\/1060"}],"up":[{"embeddable":true,"href":"https:\/\/wp.ufpel.edu.br\/camaradeextensaoca\/wp-json\/wp\/v2\/pages\/214"}],"wp:attachment":[{"href":"https:\/\/wp.ufpel.edu.br\/camaradeextensaoca\/wp-json\/wp\/v2\/media?parent=635"}],"curies":[{"name":"wp","href":"https:\/\/api.w.org\/{rel}","templated":true}]}}