{"id":616,"date":"2016-10-11T10:37:45","date_gmt":"2016-10-11T13:37:45","guid":{"rendered":"https:\/\/wp.ufpel.edu.br\/camaradeextensaoca\/?page_id=616"},"modified":"2017-05-26T11:21:15","modified_gmt":"2017-05-26T14:21:15","slug":"orson-revista-academica-dos-cursos-de-cinema-da-ufpel","status":"publish","type":"page","link":"https:\/\/wp.ufpel.edu.br\/camaradeextensaoca\/cursos\/design\/orson-revista-academica-dos-cursos-de-cinema-da-ufpel\/","title":{"rendered":"ORSON &#8211; revista acad\u00eamica dos cursos de cinema da UFPel"},"content":{"rendered":"<p>Nome do projeto: ORSON \u2013 revista acad\u00eamica dos cursos de cinema da UFPel<\/p>\n<p>C\u00f3digo: 51904081<\/p>\n<p>Resumo do projeto:<\/p>\n<p>Produzir revista acad\u00eamica Produzir revista acad\u00eamica cujos colaboradores perten\u00e7am ao corpo discente e docente dos cursos de cinema da UFPel contar com colaborares de outras institui\u00e7\u00f5es e colaboradores externos ao universo acad\u00eamico, como cineastas e cr\u00edticos de cinema. divulgar a revista no \u00e2mbito acad\u00eamico nacional e no \u00e2mbito da cr\u00edtica de cinema (jornal\u00edstica)<\/p>\n<p>Professor respons\u00e1vel: Ivonete Medianeira Pinto<\/p>\n","protected":false},"excerpt":{"rendered":"<p>Nome do projeto: ORSON \u2013 revista acad\u00eamica dos cursos de cinema da UFPel C\u00f3digo: 51904081 Resumo do projeto: Produzir revista acad\u00eamica Produzir revista acad\u00eamica cujos colaboradores perten\u00e7am ao corpo discente e docente dos cursos de cinema da UFPel contar com colaborares de outras institui\u00e7\u00f5es e colaboradores externos ao universo acad\u00eamico, como cineastas e cr\u00edticos de&#8230; <\/p>\n<div class=\"link-more\"><a href=\"https:\/\/wp.ufpel.edu.br\/camaradeextensaoca\/cursos\/design\/orson-revista-academica-dos-cursos-de-cinema-da-ufpel\/\">Leia mais<\/a><\/div>\n","protected":false},"author":647,"featured_media":0,"parent":15,"menu_order":0,"comment_status":"closed","ping_status":"closed","template":"","meta":{"jetpack_post_was_ever_published":false,"footnotes":""},"class_list":["post-616","page","type-page","status-publish","hentry"],"jetpack_sharing_enabled":true,"jetpack_shortlink":"https:\/\/wp.me\/P8nTsJ-9W","_links":{"self":[{"href":"https:\/\/wp.ufpel.edu.br\/camaradeextensaoca\/wp-json\/wp\/v2\/pages\/616","targetHints":{"allow":["GET"]}}],"collection":[{"href":"https:\/\/wp.ufpel.edu.br\/camaradeextensaoca\/wp-json\/wp\/v2\/pages"}],"about":[{"href":"https:\/\/wp.ufpel.edu.br\/camaradeextensaoca\/wp-json\/wp\/v2\/types\/page"}],"author":[{"embeddable":true,"href":"https:\/\/wp.ufpel.edu.br\/camaradeextensaoca\/wp-json\/wp\/v2\/users\/647"}],"replies":[{"embeddable":true,"href":"https:\/\/wp.ufpel.edu.br\/camaradeextensaoca\/wp-json\/wp\/v2\/comments?post=616"}],"version-history":[{"count":2,"href":"https:\/\/wp.ufpel.edu.br\/camaradeextensaoca\/wp-json\/wp\/v2\/pages\/616\/revisions"}],"predecessor-version":[{"id":1070,"href":"https:\/\/wp.ufpel.edu.br\/camaradeextensaoca\/wp-json\/wp\/v2\/pages\/616\/revisions\/1070"}],"up":[{"embeddable":true,"href":"https:\/\/wp.ufpel.edu.br\/camaradeextensaoca\/wp-json\/wp\/v2\/pages\/15"}],"wp:attachment":[{"href":"https:\/\/wp.ufpel.edu.br\/camaradeextensaoca\/wp-json\/wp\/v2\/media?parent=616"}],"curies":[{"name":"wp","href":"https:\/\/api.w.org\/{rel}","templated":true}]}}