{"id":614,"date":"2016-10-11T10:40:47","date_gmt":"2016-10-11T13:40:47","guid":{"rendered":"https:\/\/wp.ufpel.edu.br\/camaradeextensaoca\/?page_id=614"},"modified":"2017-05-26T11:20:01","modified_gmt":"2017-05-26T14:20:01","slug":"canecalon-realizacao-de-longa-metragem-em-parceria-com-produtora-local","status":"publish","type":"page","link":"https:\/\/wp.ufpel.edu.br\/camaradeextensaoca\/cursos\/cinema\/canecalon-realizacao-de-longa-metragem-em-parceria-com-produtora-local\/","title":{"rendered":"Canecalon: realiza\u00e7\u00e3o de longa-metragem, em parceria com produtora local"},"content":{"rendered":"<p>Nome do projeto: Canecalon: realiza\u00e7\u00e3o de longa-metragem, em parceria com produtora local<\/p>\n<p>C\u00f3digo: 51553026<\/p>\n<p>Resumo do projeto: Realizar o longa-metragem Canecalon, em parceria com a produtora independente Moviola Filmes Objetivos espec\u00edficos: Realizar parceria entre a produtora independente Moviola Filmes e os cursos de Cinema e Audiovisual, Cinema de Anima\u00e7\u00e3o da UFPel. Valorizar a regi\u00e3o do Quadrado que atualmente passa por um projeto de revitaliza\u00e7\u00e3oe a comunidade da regi\u00e3o das Doquinhas comunidade socialmente vuner\u00e1vel \u2013 com o envolvimento desta comunidade na produ\u00e7\u00e3o e participa\u00e7\u00e3o art\u00edstica ? atua\u00e7\u00e3o \u2013 de dezenas de membros desta comunidade no filme. Oportunizar pr\u00e1tica profissional aos estudantes e \u00e0 comunidade da regi\u00e3o do Quadrado Realizar todas as etapas de realiza\u00e7\u00e3o de um longa-metragem (pr\u00e9-produ\u00e7\u00e3o, grava\u00e7\u00e3o e p\u00f3s-produ\u00e7\u00e3o), envolvendo profissionais da \u00e1rea e estudantes da universidade e a comunidade da regi\u00e3o do ?quadrado? e comunidade das doquinhas<\/p>\n<p>&nbsp;<\/p>\n<p>Professor respons\u00e1vel: Liangela Carret Xavier<\/p>\n","protected":false},"excerpt":{"rendered":"<p>Nome do projeto: Canecalon: realiza\u00e7\u00e3o de longa-metragem, em parceria com produtora local C\u00f3digo: 51553026 Resumo do projeto: Realizar o longa-metragem Canecalon, em parceria com a produtora independente Moviola Filmes Objetivos espec\u00edficos: Realizar parceria entre a produtora independente Moviola Filmes e os cursos de Cinema e Audiovisual, Cinema de Anima\u00e7\u00e3o da UFPel. Valorizar a regi\u00e3o do&#8230; <\/p>\n<div class=\"link-more\"><a href=\"https:\/\/wp.ufpel.edu.br\/camaradeextensaoca\/cursos\/cinema\/canecalon-realizacao-de-longa-metragem-em-parceria-com-produtora-local\/\">Leia mais<\/a><\/div>\n","protected":false},"author":647,"featured_media":0,"parent":9,"menu_order":0,"comment_status":"closed","ping_status":"closed","template":"","meta":{"jetpack_post_was_ever_published":false,"footnotes":""},"class_list":["post-614","page","type-page","status-publish","hentry"],"jetpack_sharing_enabled":true,"jetpack_shortlink":"https:\/\/wp.me\/P8nTsJ-9U","_links":{"self":[{"href":"https:\/\/wp.ufpel.edu.br\/camaradeextensaoca\/wp-json\/wp\/v2\/pages\/614","targetHints":{"allow":["GET"]}}],"collection":[{"href":"https:\/\/wp.ufpel.edu.br\/camaradeextensaoca\/wp-json\/wp\/v2\/pages"}],"about":[{"href":"https:\/\/wp.ufpel.edu.br\/camaradeextensaoca\/wp-json\/wp\/v2\/types\/page"}],"author":[{"embeddable":true,"href":"https:\/\/wp.ufpel.edu.br\/camaradeextensaoca\/wp-json\/wp\/v2\/users\/647"}],"replies":[{"embeddable":true,"href":"https:\/\/wp.ufpel.edu.br\/camaradeextensaoca\/wp-json\/wp\/v2\/comments?post=614"}],"version-history":[{"count":2,"href":"https:\/\/wp.ufpel.edu.br\/camaradeextensaoca\/wp-json\/wp\/v2\/pages\/614\/revisions"}],"predecessor-version":[{"id":1069,"href":"https:\/\/wp.ufpel.edu.br\/camaradeextensaoca\/wp-json\/wp\/v2\/pages\/614\/revisions\/1069"}],"up":[{"embeddable":true,"href":"https:\/\/wp.ufpel.edu.br\/camaradeextensaoca\/wp-json\/wp\/v2\/pages\/9"}],"wp:attachment":[{"href":"https:\/\/wp.ufpel.edu.br\/camaradeextensaoca\/wp-json\/wp\/v2\/media?parent=614"}],"curies":[{"name":"wp","href":"https:\/\/api.w.org\/{rel}","templated":true}]}}