{"id":599,"date":"2016-10-11T10:29:11","date_gmt":"2016-10-11T13:29:11","guid":{"rendered":"https:\/\/wp.ufpel.edu.br\/camaradeextensaoca\/?page_id=599"},"modified":"2017-05-26T10:47:19","modified_gmt":"2017-05-26T13:47:19","slug":"arteiros-do-cotidiano","status":"publish","type":"page","link":"https:\/\/wp.ufpel.edu.br\/camaradeextensaoca\/cursos\/artes-visuais\/arteiros-do-cotidiano\/","title":{"rendered":"Arteiros do Cotidiano"},"content":{"rendered":"<p>Nome do projeto: ARTEIROS DO COTIDIANO<\/p>\n<p>&nbsp;<\/p>\n<p>C\u00f3digo: 53264180<\/p>\n<p>&nbsp;<\/p>\n<p>Resumo do projeto: Motivar estudantes do ensino fundamental a expressarem e representarem id\u00e9ias, conceitos, emo\u00e7\u00f5es e sensa\u00e7\u00f5es por meio de po\u00e9ticas individuais e coletivas, criando um espa\u00e7o de forma\u00e7\u00e3o te\u00f3rico\/pr\u00e1tica, aos acad\u00eamicos de Artes Visuais ? Modalidade Licenciatura, com vistas ao desenvolvimento de uma pr\u00e1tica pedag\u00f3gica fundamentada no contato direto com a realidade. Espec\u00edficos: ? Instigar a reflex\u00e3o cr\u00edtica e a percep\u00e7\u00e3o sensorial, estimulando a imagina\u00e7\u00e3o e a criatividade; ? Propiciar o acesso \u00e0 informa\u00e7\u00e3o cient\u00edfica e ao fazer art\u00edstico como alternativa de um outro modo de viver; ? Observar empiricamente o contexto escolar e seu entorno, ampliando as possibilidades de reflex\u00e3o sobre o entorno vivencial; ? Ter como resultado um material digital que possa ser visualizado por outros alunos\/sujeitos que atuem no ambiente da escola de modo que a reflex\u00e3o proposta ao grupo possa ser tamb\u00e9m colocada a outros.<\/p>\n<p>&nbsp;<\/p>\n<p>Professor respons\u00e1vel: Claudia Mariza Mattos Brandao<\/p>\n","protected":false},"excerpt":{"rendered":"<p>Nome do projeto: ARTEIROS DO COTIDIANO &nbsp; C\u00f3digo: 53264180 &nbsp; Resumo do projeto: Motivar estudantes do ensino fundamental a expressarem e representarem id\u00e9ias, conceitos, emo\u00e7\u00f5es e sensa\u00e7\u00f5es por meio de po\u00e9ticas individuais e coletivas, criando um espa\u00e7o de forma\u00e7\u00e3o te\u00f3rico\/pr\u00e1tica, aos acad\u00eamicos de Artes Visuais ? Modalidade Licenciatura, com vistas ao desenvolvimento de uma pr\u00e1tica&#8230; <\/p>\n<div class=\"link-more\"><a href=\"https:\/\/wp.ufpel.edu.br\/camaradeextensaoca\/cursos\/artes-visuais\/arteiros-do-cotidiano\/\">Leia mais<\/a><\/div>\n","protected":false},"author":647,"featured_media":0,"parent":113,"menu_order":0,"comment_status":"closed","ping_status":"closed","template":"","meta":{"jetpack_post_was_ever_published":false,"footnotes":""},"class_list":["post-599","page","type-page","status-publish","hentry"],"jetpack_sharing_enabled":true,"jetpack_shortlink":"https:\/\/wp.me\/P8nTsJ-9F","_links":{"self":[{"href":"https:\/\/wp.ufpel.edu.br\/camaradeextensaoca\/wp-json\/wp\/v2\/pages\/599","targetHints":{"allow":["GET"]}}],"collection":[{"href":"https:\/\/wp.ufpel.edu.br\/camaradeextensaoca\/wp-json\/wp\/v2\/pages"}],"about":[{"href":"https:\/\/wp.ufpel.edu.br\/camaradeextensaoca\/wp-json\/wp\/v2\/types\/page"}],"author":[{"embeddable":true,"href":"https:\/\/wp.ufpel.edu.br\/camaradeextensaoca\/wp-json\/wp\/v2\/users\/647"}],"replies":[{"embeddable":true,"href":"https:\/\/wp.ufpel.edu.br\/camaradeextensaoca\/wp-json\/wp\/v2\/comments?post=599"}],"version-history":[{"count":2,"href":"https:\/\/wp.ufpel.edu.br\/camaradeextensaoca\/wp-json\/wp\/v2\/pages\/599\/revisions"}],"predecessor-version":[{"id":1054,"href":"https:\/\/wp.ufpel.edu.br\/camaradeextensaoca\/wp-json\/wp\/v2\/pages\/599\/revisions\/1054"}],"up":[{"embeddable":true,"href":"https:\/\/wp.ufpel.edu.br\/camaradeextensaoca\/wp-json\/wp\/v2\/pages\/113"}],"wp:attachment":[{"href":"https:\/\/wp.ufpel.edu.br\/camaradeextensaoca\/wp-json\/wp\/v2\/media?parent=599"}],"curies":[{"name":"wp","href":"https:\/\/api.w.org\/{rel}","templated":true}]}}