{"id":584,"date":"2016-10-07T15:16:42","date_gmt":"2016-10-07T18:16:42","guid":{"rendered":"https:\/\/wp.ufpel.edu.br\/camaradeextensaoca\/?page_id=584"},"modified":"2016-10-13T11:16:18","modified_gmt":"2016-10-13T14:16:18","slug":"arte-na-rural","status":"publish","type":"page","link":"https:\/\/wp.ufpel.edu.br\/camaradeextensaoca\/curso-artes-visuais-licenciatura\/arte-na-rural\/","title":{"rendered":"Arte na Rural"},"content":{"rendered":"<p>Nome do projeto: Arte na Rural<\/p>\n<p>C\u00f3digo: 51551086<\/p>\n<p>Resumo do projeto:<br \/>\nGeral: Desenvolvimento de atividades culturais durante a 90\u00aa Expo-feira da Associa\u00e7\u00e3o Rural de Pelotas; Espec\u00edficos: &#8211; Realiza\u00e7\u00e3o de exposi\u00e7\u00e3o de artes visuais nas depend\u00eancias da Associa\u00e7\u00e3o Rural de Pelotas; &#8211; Realiza\u00e7\u00e3o de apresenta\u00e7\u00f5es musicais nas depend\u00eancias da Associa\u00e7\u00e3o Rural de Pelotas;<\/p>\n<p>Professor respons\u00e1vel: Lauer Alves Nunes dos Santos<\/p>\n","protected":false},"excerpt":{"rendered":"<p>Nome do projeto: Arte na Rural C\u00f3digo: 51551086 Resumo do projeto: Geral: Desenvolvimento de atividades culturais durante a 90\u00aa Expo-feira da Associa\u00e7\u00e3o Rural de Pelotas; Espec\u00edficos: &#8211; Realiza\u00e7\u00e3o de exposi\u00e7\u00e3o de artes visuais nas depend\u00eancias da Associa\u00e7\u00e3o Rural de Pelotas; &#8211; Realiza\u00e7\u00e3o de apresenta\u00e7\u00f5es musicais nas depend\u00eancias da Associa\u00e7\u00e3o Rural de Pelotas; Professor respons\u00e1vel: Lauer&#8230; <\/p>\n<div class=\"link-more\"><a href=\"https:\/\/wp.ufpel.edu.br\/camaradeextensaoca\/curso-artes-visuais-licenciatura\/arte-na-rural\/\">Leia mais<\/a><\/div>\n","protected":false},"author":647,"featured_media":0,"parent":214,"menu_order":0,"comment_status":"closed","ping_status":"closed","template":"","meta":{"jetpack_post_was_ever_published":false,"footnotes":""},"class_list":["post-584","page","type-page","status-publish","hentry"],"jetpack_sharing_enabled":true,"jetpack_shortlink":"https:\/\/wp.me\/P8nTsJ-9q","_links":{"self":[{"href":"https:\/\/wp.ufpel.edu.br\/camaradeextensaoca\/wp-json\/wp\/v2\/pages\/584","targetHints":{"allow":["GET"]}}],"collection":[{"href":"https:\/\/wp.ufpel.edu.br\/camaradeextensaoca\/wp-json\/wp\/v2\/pages"}],"about":[{"href":"https:\/\/wp.ufpel.edu.br\/camaradeextensaoca\/wp-json\/wp\/v2\/types\/page"}],"author":[{"embeddable":true,"href":"https:\/\/wp.ufpel.edu.br\/camaradeextensaoca\/wp-json\/wp\/v2\/users\/647"}],"replies":[{"embeddable":true,"href":"https:\/\/wp.ufpel.edu.br\/camaradeextensaoca\/wp-json\/wp\/v2\/comments?post=584"}],"version-history":[{"count":2,"href":"https:\/\/wp.ufpel.edu.br\/camaradeextensaoca\/wp-json\/wp\/v2\/pages\/584\/revisions"}],"predecessor-version":[{"id":775,"href":"https:\/\/wp.ufpel.edu.br\/camaradeextensaoca\/wp-json\/wp\/v2\/pages\/584\/revisions\/775"}],"up":[{"embeddable":true,"href":"https:\/\/wp.ufpel.edu.br\/camaradeextensaoca\/wp-json\/wp\/v2\/pages\/214"}],"wp:attachment":[{"href":"https:\/\/wp.ufpel.edu.br\/camaradeextensaoca\/wp-json\/wp\/v2\/media?parent=584"}],"curies":[{"name":"wp","href":"https:\/\/api.w.org\/{rel}","templated":true}]}}