{"id":543,"date":"2016-09-15T11:40:39","date_gmt":"2016-09-15T14:40:39","guid":{"rendered":"https:\/\/wp.ufpel.edu.br\/camaradeextensaoca\/?page_id=543"},"modified":"2016-10-13T10:39:34","modified_gmt":"2016-10-13T13:39:34","slug":"nome-do-projeto-gps-grupo-de-psicossociologia-e-arte","status":"publish","type":"page","link":"https:\/\/wp.ufpel.edu.br\/camaradeextensaoca\/cursos\/artes-visuais\/nome-do-projeto-gps-grupo-de-psicossociologia-e-arte\/","title":{"rendered":"Nome do projeto: GPS &#8211; Grupo de Psicossociologia e Arte"},"content":{"rendered":"<p>Nome do projeto: GPS &#8211; Grupo de Psicossociologia e Arte<\/p>\n<p>C\u00f3digo: 50408013<\/p>\n<p>Resumo do projeto: GERAL PROMOVER interc\u00e2mbio de ideias, pesquisas, experi\u00eancias e interven\u00e7\u00f5es considerando a produ\u00e7\u00e3o te\u00f3rica e pratica da rela\u00e7\u00e3o entre psicologia social e cultura contempor\u00e2nea. ESPEC\u00cdFICOS FAVORECER as compet\u00eancias para profissionais, estudantes e interessados na problematiza\u00e7\u00e3o e implementa\u00e7\u00e3o de a\u00e7\u00f5es nos processos grupais em ambientes educativos e na \u00e1rea da sa\u00fade(SUS); FAMILIARIZAR-SE com a complexidade dos temas no sentido de favorecer o interc\u00e2mbio de experi\u00eancias, o conhecimento e as inova\u00e7\u00f5es que incrementem a produ\u00e7\u00e3o te\u00f3rico-pr\u00e1tica sobre psicologia social na contemporaneidade, particularmente sobre os aspectos mente-corpo; IDENTIFICAR as contribui\u00e7\u00f5es da produ\u00e7\u00e3o atual sobre processos grupais como supera\u00e7\u00e3o dos desafios postos pela sociedade atual; FAVORECER a mudan\u00e7a nas concep\u00e7\u00f5es espont\u00e2neas sobre cultura contempor\u00e2nea e processos grupais, no sentido de evitar a naturaliza\u00e7\u00e3o das teorias; APRESENTAR as contribui\u00e7\u00f5es da Teoria Temporal do Psiquismo e da Psicossom\u00e1tica, como recursos de a\u00e7\u00f5es no projeto de vida na contemporaneidade. SUBSIDIAR a busca de indicadores te\u00f3ricos e pr\u00e1ticos que respondam as quest\u00f5es da luta antimanicomial no \u00e2mbito da psicologia social; IDENTIFICAR e vivenciar as rela\u00e7\u00f5es entre a\u00e7\u00e3o-emo\u00e7\u00e3o-palavra nos processos grupais e inser\u00e7\u00e3o nos ambientes educativos;<\/p>\n<p>Professor respons\u00e1vel: Ney Roberto Vattimo Bruck<\/p>\n<p>&nbsp;<\/p>\n","protected":false},"excerpt":{"rendered":"<p>Nome do projeto: GPS &#8211; Grupo de Psicossociologia e Arte C\u00f3digo: 50408013 Resumo do projeto: GERAL PROMOVER interc\u00e2mbio de ideias, pesquisas, experi\u00eancias e interven\u00e7\u00f5es considerando a produ\u00e7\u00e3o te\u00f3rica e pratica da rela\u00e7\u00e3o entre psicologia social e cultura contempor\u00e2nea. ESPEC\u00cdFICOS FAVORECER as compet\u00eancias para profissionais, estudantes e interessados na problematiza\u00e7\u00e3o e implementa\u00e7\u00e3o de a\u00e7\u00f5es nos processos&#8230; <\/p>\n<div class=\"link-more\"><a href=\"https:\/\/wp.ufpel.edu.br\/camaradeextensaoca\/cursos\/artes-visuais\/nome-do-projeto-gps-grupo-de-psicossociologia-e-arte\/\">Leia mais<\/a><\/div>\n","protected":false},"author":647,"featured_media":0,"parent":113,"menu_order":0,"comment_status":"closed","ping_status":"closed","template":"","meta":{"jetpack_post_was_ever_published":false,"footnotes":""},"class_list":["post-543","page","type-page","status-publish","hentry"],"jetpack_sharing_enabled":true,"jetpack_shortlink":"https:\/\/wp.me\/P8nTsJ-8L","_links":{"self":[{"href":"https:\/\/wp.ufpel.edu.br\/camaradeextensaoca\/wp-json\/wp\/v2\/pages\/543","targetHints":{"allow":["GET"]}}],"collection":[{"href":"https:\/\/wp.ufpel.edu.br\/camaradeextensaoca\/wp-json\/wp\/v2\/pages"}],"about":[{"href":"https:\/\/wp.ufpel.edu.br\/camaradeextensaoca\/wp-json\/wp\/v2\/types\/page"}],"author":[{"embeddable":true,"href":"https:\/\/wp.ufpel.edu.br\/camaradeextensaoca\/wp-json\/wp\/v2\/users\/647"}],"replies":[{"embeddable":true,"href":"https:\/\/wp.ufpel.edu.br\/camaradeextensaoca\/wp-json\/wp\/v2\/comments?post=543"}],"version-history":[{"count":2,"href":"https:\/\/wp.ufpel.edu.br\/camaradeextensaoca\/wp-json\/wp\/v2\/pages\/543\/revisions"}],"predecessor-version":[{"id":759,"href":"https:\/\/wp.ufpel.edu.br\/camaradeextensaoca\/wp-json\/wp\/v2\/pages\/543\/revisions\/759"}],"up":[{"embeddable":true,"href":"https:\/\/wp.ufpel.edu.br\/camaradeextensaoca\/wp-json\/wp\/v2\/pages\/113"}],"wp:attachment":[{"href":"https:\/\/wp.ufpel.edu.br\/camaradeextensaoca\/wp-json\/wp\/v2\/media?parent=543"}],"curies":[{"name":"wp","href":"https:\/\/api.w.org\/{rel}","templated":true}]}}