{"id":537,"date":"2016-09-15T11:32:41","date_gmt":"2016-09-15T14:32:41","guid":{"rendered":"https:\/\/wp.ufpel.edu.br\/camaradeextensaoca\/?page_id=537"},"modified":"2016-10-13T10:35:58","modified_gmt":"2016-10-13T13:35:58","slug":"mini-jardins","status":"publish","type":"page","link":"https:\/\/wp.ufpel.edu.br\/camaradeextensaoca\/cursos\/artes-visuais\/mini-jardins\/","title":{"rendered":"Mini Jardins"},"content":{"rendered":"<p>Nome do projeto: Mini Jardins<\/p>\n<p>C\u00f3digo: 53116015<\/p>\n<p>Resumo do projeto: Por meio da cria\u00e7\u00e3o e cuidados com um jardim \u00e9 poss\u00edvel experimentar novas e significativas trocas afetivas, bem como aprofundar o conhecimento sobre as plantas e suas caracter\u00edsticas, sobre t\u00e9cnicas e hist\u00f3ria da cer\u00e2mica, sobre arte e vida. Unimos acad\u00eamicos do pr\u00f3prio curso de arte, acad\u00eamicos de outras \u00e1reas, professores e pessoas da comunidade. Com a iniciativa de cursos durante o projeto, um aluno aprende a ensinar, desta forma exercitando e fixando o que aprendeu.<\/p>\n<p>Professor respons\u00e1vel: Ana Paula Azevedo Barbosa<\/p>\n<p>&nbsp;<\/p>\n","protected":false},"excerpt":{"rendered":"<p>Nome do projeto: Mini Jardins C\u00f3digo: 53116015 Resumo do projeto: Por meio da cria\u00e7\u00e3o e cuidados com um jardim \u00e9 poss\u00edvel experimentar novas e significativas trocas afetivas, bem como aprofundar o conhecimento sobre as plantas e suas caracter\u00edsticas, sobre t\u00e9cnicas e hist\u00f3ria da cer\u00e2mica, sobre arte e vida. Unimos acad\u00eamicos do pr\u00f3prio curso de arte,&#8230; <\/p>\n<div class=\"link-more\"><a href=\"https:\/\/wp.ufpel.edu.br\/camaradeextensaoca\/cursos\/artes-visuais\/mini-jardins\/\">Leia mais<\/a><\/div>\n","protected":false},"author":647,"featured_media":0,"parent":113,"menu_order":0,"comment_status":"closed","ping_status":"closed","template":"","meta":{"jetpack_post_was_ever_published":false,"footnotes":""},"class_list":["post-537","page","type-page","status-publish","hentry"],"jetpack_sharing_enabled":true,"jetpack_shortlink":"https:\/\/wp.me\/P8nTsJ-8F","_links":{"self":[{"href":"https:\/\/wp.ufpel.edu.br\/camaradeextensaoca\/wp-json\/wp\/v2\/pages\/537","targetHints":{"allow":["GET"]}}],"collection":[{"href":"https:\/\/wp.ufpel.edu.br\/camaradeextensaoca\/wp-json\/wp\/v2\/pages"}],"about":[{"href":"https:\/\/wp.ufpel.edu.br\/camaradeextensaoca\/wp-json\/wp\/v2\/types\/page"}],"author":[{"embeddable":true,"href":"https:\/\/wp.ufpel.edu.br\/camaradeextensaoca\/wp-json\/wp\/v2\/users\/647"}],"replies":[{"embeddable":true,"href":"https:\/\/wp.ufpel.edu.br\/camaradeextensaoca\/wp-json\/wp\/v2\/comments?post=537"}],"version-history":[{"count":2,"href":"https:\/\/wp.ufpel.edu.br\/camaradeextensaoca\/wp-json\/wp\/v2\/pages\/537\/revisions"}],"predecessor-version":[{"id":756,"href":"https:\/\/wp.ufpel.edu.br\/camaradeextensaoca\/wp-json\/wp\/v2\/pages\/537\/revisions\/756"}],"up":[{"embeddable":true,"href":"https:\/\/wp.ufpel.edu.br\/camaradeextensaoca\/wp-json\/wp\/v2\/pages\/113"}],"wp:attachment":[{"href":"https:\/\/wp.ufpel.edu.br\/camaradeextensaoca\/wp-json\/wp\/v2\/media?parent=537"}],"curies":[{"name":"wp","href":"https:\/\/api.w.org\/{rel}","templated":true}]}}