{"id":531,"date":"2016-09-15T11:23:12","date_gmt":"2016-09-15T14:23:12","guid":{"rendered":"https:\/\/wp.ufpel.edu.br\/camaradeextensaoca\/?page_id=531"},"modified":"2016-10-13T11:24:21","modified_gmt":"2016-10-13T14:24:21","slug":"acoes-de-revitalizacao-do-museu-de-arte-leopoldo-gotuzzo","status":"publish","type":"page","link":"https:\/\/wp.ufpel.edu.br\/camaradeextensaoca\/cursos\/artes-visuais-licenciatura\/acoes-de-revitalizacao-do-museu-de-arte-leopoldo-gotuzzo\/","title":{"rendered":"A\u00e7\u00f5es de Revitaliza\u00e7\u00e3o do Museu de Arte Leopoldo Gotuzzo"},"content":{"rendered":"<p>Nome do projeto: Designeria &#8211; empresa j\u00fanior de design<\/p>\n<p>C\u00f3digo: 51651064<\/p>\n<p>Resumo do projeto: Disponibilizar o espa\u00e7o do MALG como espa\u00e7o art\u00edstico\/pedag\u00f3gico; Objetivos espec\u00edficos &#8211; Forma\u00e7\u00e3o e aproxima\u00e7\u00e3o do p\u00fablico \u00e0s atividades realizadas no MALG; &#8211; Capacita\u00e7\u00e3o de professores de artes visuais do ensino fundamental e m\u00e9dio de Pelotas e adjac\u00eancias; &#8211; Oferecer \u00e0 Comunidade visitas guiadas mediadas \u00e0s exposi\u00e7\u00f5es; &#8211; Realizar semin\u00e1rios, palestras e mesas-redondas relacionados ao acervo do Museu, \u00e0s exposi\u00e7\u00f5es do MALG e \u00e0s artes visuais; &#8211; Realizar worshops, cursos e oficinas sobre t\u00e9cnicas art\u00edsticas; &#8211; Oferecer oportunidade de profissionaliza\u00e7\u00e3o aos discentes da Universidade Federal de Pelotas;<\/p>\n<p>Professor respons\u00e1vel: Juliana Correa Hermes Angeli<\/p>\n","protected":false},"excerpt":{"rendered":"<p>Nome do projeto: Designeria &#8211; empresa j\u00fanior de design C\u00f3digo: 51651064 Resumo do projeto: Disponibilizar o espa\u00e7o do MALG como espa\u00e7o art\u00edstico\/pedag\u00f3gico; Objetivos espec\u00edficos &#8211; Forma\u00e7\u00e3o e aproxima\u00e7\u00e3o do p\u00fablico \u00e0s atividades realizadas no MALG; &#8211; Capacita\u00e7\u00e3o de professores de artes visuais do ensino fundamental e m\u00e9dio de Pelotas e adjac\u00eancias; &#8211; Oferecer \u00e0 Comunidade&#8230; <\/p>\n<div class=\"link-more\"><a href=\"https:\/\/wp.ufpel.edu.br\/camaradeextensaoca\/cursos\/artes-visuais-licenciatura\/acoes-de-revitalizacao-do-museu-de-arte-leopoldo-gotuzzo\/\">Leia mais<\/a><\/div>\n","protected":false},"author":647,"featured_media":0,"parent":208,"menu_order":0,"comment_status":"closed","ping_status":"closed","template":"","meta":{"jetpack_post_was_ever_published":false,"footnotes":""},"class_list":["post-531","page","type-page","status-publish","hentry"],"jetpack_sharing_enabled":true,"jetpack_shortlink":"https:\/\/wp.me\/P8nTsJ-8z","_links":{"self":[{"href":"https:\/\/wp.ufpel.edu.br\/camaradeextensaoca\/wp-json\/wp\/v2\/pages\/531","targetHints":{"allow":["GET"]}}],"collection":[{"href":"https:\/\/wp.ufpel.edu.br\/camaradeextensaoca\/wp-json\/wp\/v2\/pages"}],"about":[{"href":"https:\/\/wp.ufpel.edu.br\/camaradeextensaoca\/wp-json\/wp\/v2\/types\/page"}],"author":[{"embeddable":true,"href":"https:\/\/wp.ufpel.edu.br\/camaradeextensaoca\/wp-json\/wp\/v2\/users\/647"}],"replies":[{"embeddable":true,"href":"https:\/\/wp.ufpel.edu.br\/camaradeextensaoca\/wp-json\/wp\/v2\/comments?post=531"}],"version-history":[{"count":2,"href":"https:\/\/wp.ufpel.edu.br\/camaradeextensaoca\/wp-json\/wp\/v2\/pages\/531\/revisions"}],"predecessor-version":[{"id":794,"href":"https:\/\/wp.ufpel.edu.br\/camaradeextensaoca\/wp-json\/wp\/v2\/pages\/531\/revisions\/794"}],"up":[{"embeddable":true,"href":"https:\/\/wp.ufpel.edu.br\/camaradeextensaoca\/wp-json\/wp\/v2\/pages\/208"}],"wp:attachment":[{"href":"https:\/\/wp.ufpel.edu.br\/camaradeextensaoca\/wp-json\/wp\/v2\/media?parent=531"}],"curies":[{"name":"wp","href":"https:\/\/api.w.org\/{rel}","templated":true}]}}