{"id":528,"date":"2016-09-15T11:11:33","date_gmt":"2016-09-15T14:11:33","guid":{"rendered":"https:\/\/wp.ufpel.edu.br\/camaradeextensaoca\/?page_id=528"},"modified":"2016-09-15T11:12:33","modified_gmt":"2016-09-15T14:12:33","slug":"designeria-empresa-junior-de-design","status":"publish","type":"page","link":"https:\/\/wp.ufpel.edu.br\/camaradeextensaoca\/cursos\/design\/designeria-empresa-junior-de-design\/","title":{"rendered":"Designeria &#8211; empresa j\u00fanior de design"},"content":{"rendered":"<p>Nome do projeto: Designeria &#8211; empresa j\u00fanior de design<\/p>\n<p>C\u00f3digo: 51908042<\/p>\n<p>Resumo do projeto: A Designeria tem por finalidade: I &#8211; proporcionar aos alunos participantes as condi\u00e7\u00f5es necess\u00e1rias \u00e0 aplica\u00e7\u00e3o pr\u00e1tica de seus conhecimentos te\u00f3ricos relativos \u00e0 sua \u00e1rea de forma\u00e7\u00e3o profissional; II &#8211; dar \u00e0 sociedade um retorno dos investimentos que ela realiza na Universidade, atrav\u00e9s de servi\u00e7os de alta qualidade, realizados por futuros profissionais da \u00e1rea de design do Curso de Gradua\u00e7\u00e3o da UFPel; III &#8211; incentivar a capacidade empreendedora do aluno, dando a ele uma vis\u00e3o profissional j\u00e1 no \u00e2mbito acad\u00eamico; IV &#8211; assessorar a implanta\u00e7\u00e3o de solu\u00e7\u00f5es indicadas para problemas diagnosticados; V &#8211; valorizar alunos e professores da UFPel no mercado de trabalho e no \u00e2mbito acad\u00eamico, bem como a referida institui\u00e7\u00e3o; VI &#8211; aprimorar as qualifica\u00e7\u00f5es dos estudantes no seu meio de atua\u00e7\u00e3o, bem como instruir o seu desenvolvimento.<\/p>\n<p>Professor respons\u00e1vel: Helena de Araujo Neves<\/p>\n<p>Email: profhelena.neves@gmail.com<\/p>\n","protected":false},"excerpt":{"rendered":"<p>Nome do projeto: Designeria &#8211; empresa j\u00fanior de design C\u00f3digo: 51908042 Resumo do projeto: A Designeria tem por finalidade: I &#8211; proporcionar aos alunos participantes as condi\u00e7\u00f5es necess\u00e1rias \u00e0 aplica\u00e7\u00e3o pr\u00e1tica de seus conhecimentos te\u00f3ricos relativos \u00e0 sua \u00e1rea de forma\u00e7\u00e3o profissional; II &#8211; dar \u00e0 sociedade um retorno dos investimentos que ela realiza na&#8230; <\/p>\n<div class=\"link-more\"><a href=\"https:\/\/wp.ufpel.edu.br\/camaradeextensaoca\/cursos\/design\/designeria-empresa-junior-de-design\/\">Leia mais<\/a><\/div>\n","protected":false},"author":647,"featured_media":0,"parent":15,"menu_order":0,"comment_status":"closed","ping_status":"closed","template":"","meta":{"jetpack_post_was_ever_published":false,"footnotes":""},"class_list":["post-528","page","type-page","status-publish","hentry"],"jetpack_sharing_enabled":true,"jetpack_shortlink":"https:\/\/wp.me\/P8nTsJ-8w","_links":{"self":[{"href":"https:\/\/wp.ufpel.edu.br\/camaradeextensaoca\/wp-json\/wp\/v2\/pages\/528","targetHints":{"allow":["GET"]}}],"collection":[{"href":"https:\/\/wp.ufpel.edu.br\/camaradeextensaoca\/wp-json\/wp\/v2\/pages"}],"about":[{"href":"https:\/\/wp.ufpel.edu.br\/camaradeextensaoca\/wp-json\/wp\/v2\/types\/page"}],"author":[{"embeddable":true,"href":"https:\/\/wp.ufpel.edu.br\/camaradeextensaoca\/wp-json\/wp\/v2\/users\/647"}],"replies":[{"embeddable":true,"href":"https:\/\/wp.ufpel.edu.br\/camaradeextensaoca\/wp-json\/wp\/v2\/comments?post=528"}],"version-history":[{"count":1,"href":"https:\/\/wp.ufpel.edu.br\/camaradeextensaoca\/wp-json\/wp\/v2\/pages\/528\/revisions"}],"predecessor-version":[{"id":530,"href":"https:\/\/wp.ufpel.edu.br\/camaradeextensaoca\/wp-json\/wp\/v2\/pages\/528\/revisions\/530"}],"up":[{"embeddable":true,"href":"https:\/\/wp.ufpel.edu.br\/camaradeextensaoca\/wp-json\/wp\/v2\/pages\/15"}],"wp:attachment":[{"href":"https:\/\/wp.ufpel.edu.br\/camaradeextensaoca\/wp-json\/wp\/v2\/media?parent=528"}],"curies":[{"name":"wp","href":"https:\/\/api.w.org\/{rel}","templated":true}]}}