{"id":522,"date":"2016-09-15T11:00:30","date_gmt":"2016-09-15T14:00:30","guid":{"rendered":"https:\/\/wp.ufpel.edu.br\/camaradeextensaoca\/?page_id=522"},"modified":"2016-10-13T11:25:39","modified_gmt":"2016-10-13T14:25:39","slug":"cine-ufpel-para-as-escolas","status":"publish","type":"page","link":"https:\/\/wp.ufpel.edu.br\/camaradeextensaoca\/cursos\/cinema\/cine-ufpel-para-as-escolas\/","title":{"rendered":"Cine UFPel para as escolas"},"content":{"rendered":"<p>Projeto: Cine UFPel para as escolas<\/p>\n<p>C\u00f3digo: 51653014<\/p>\n<p>Resumo:\u00a0O objetivo principal do LIPA \u00e9 integrar estudantes dos cursos de Cinema com a produtora Moviola Filmes para pensar em distribui\u00e7\u00e3o de filmes (envio a festivais e janelas de televis\u00e3o) e para elaborar sess\u00f5es de cinema para a comunidade de Pelotas. Espec\u00edficos: O Laborat\u00f3rio tem como princ\u00edpio estimular os alunos a realizarem mostras e sess\u00f5es de filmes para o p\u00fablico. Ent\u00e3o, \u00e9 objetivo tamb\u00e9m do laborat\u00f3rio instrumentalizar os acad\u00eamicos para distribui\u00e7\u00e3o de obras em festivais; bem como para realiza\u00e7\u00e3o e produ\u00e7\u00e3o de filmes.<\/p>\n<p>Coordenador:\u00a0Liangela Carret Xavier<\/p>\n<p>&nbsp;<\/p>\n","protected":false},"excerpt":{"rendered":"<p>Projeto: Cine UFPel para as escolas C\u00f3digo: 51653014 Resumo:\u00a0O objetivo principal do LIPA \u00e9 integrar estudantes dos cursos de Cinema com a produtora Moviola Filmes para pensar em distribui\u00e7\u00e3o de filmes (envio a festivais e janelas de televis\u00e3o) e para elaborar sess\u00f5es de cinema para a comunidade de Pelotas. Espec\u00edficos: O Laborat\u00f3rio tem como princ\u00edpio&#8230; <\/p>\n<div class=\"link-more\"><a href=\"https:\/\/wp.ufpel.edu.br\/camaradeextensaoca\/cursos\/cinema\/cine-ufpel-para-as-escolas\/\">Leia mais<\/a><\/div>\n","protected":false},"author":647,"featured_media":0,"parent":9,"menu_order":0,"comment_status":"closed","ping_status":"closed","template":"","meta":{"jetpack_post_was_ever_published":false,"footnotes":""},"class_list":["post-522","page","type-page","status-publish","hentry"],"jetpack_sharing_enabled":true,"jetpack_shortlink":"https:\/\/wp.me\/P8nTsJ-8q","_links":{"self":[{"href":"https:\/\/wp.ufpel.edu.br\/camaradeextensaoca\/wp-json\/wp\/v2\/pages\/522","targetHints":{"allow":["GET"]}}],"collection":[{"href":"https:\/\/wp.ufpel.edu.br\/camaradeextensaoca\/wp-json\/wp\/v2\/pages"}],"about":[{"href":"https:\/\/wp.ufpel.edu.br\/camaradeextensaoca\/wp-json\/wp\/v2\/types\/page"}],"author":[{"embeddable":true,"href":"https:\/\/wp.ufpel.edu.br\/camaradeextensaoca\/wp-json\/wp\/v2\/users\/647"}],"replies":[{"embeddable":true,"href":"https:\/\/wp.ufpel.edu.br\/camaradeextensaoca\/wp-json\/wp\/v2\/comments?post=522"}],"version-history":[{"count":3,"href":"https:\/\/wp.ufpel.edu.br\/camaradeextensaoca\/wp-json\/wp\/v2\/pages\/522\/revisions"}],"predecessor-version":[{"id":801,"href":"https:\/\/wp.ufpel.edu.br\/camaradeextensaoca\/wp-json\/wp\/v2\/pages\/522\/revisions\/801"}],"up":[{"embeddable":true,"href":"https:\/\/wp.ufpel.edu.br\/camaradeextensaoca\/wp-json\/wp\/v2\/pages\/9"}],"wp:attachment":[{"href":"https:\/\/wp.ufpel.edu.br\/camaradeextensaoca\/wp-json\/wp\/v2\/media?parent=522"}],"curies":[{"name":"wp","href":"https:\/\/api.w.org\/{rel}","templated":true}]}}