{"id":513,"date":"2016-09-15T10:06:19","date_gmt":"2016-09-15T13:06:19","guid":{"rendered":"https:\/\/wp.ufpel.edu.br\/camaradeextensaoca\/?page_id=513"},"modified":"2016-09-15T10:06:19","modified_gmt":"2016-09-15T13:06:19","slug":"visita-musical","status":"publish","type":"page","link":"https:\/\/wp.ufpel.edu.br\/camaradeextensaoca\/musica-licenciatura\/visita-musical\/","title":{"rendered":"Visita Musical"},"content":{"rendered":"<p>Nome do projeto: Visita Musical<\/p>\n<p>C\u00f3digo: 51552036<\/p>\n<p>Resumo do projeto: Realizar apresenta\u00e7\u00f5es musicais em diferentes espa\u00e7os da cidade de Pelotas. Espec\u00edficos &#8211; Proporcionar momentos de aprecia\u00e7\u00e3o musical \u00e0 comunidades; &#8211; Propiciar contato e intera\u00e7\u00e3o dos cursos de m\u00fasica da UFPel com a comunidade; &#8211; Atentar \u00e0 parcela menos favorecida da popula\u00e7\u00e3o; &#8211; Colaborar com a sociedade atrav\u00e9s da intera\u00e7\u00e3o art\u00edstica; &#8211; Promover a apresenta\u00e7\u00e3o art\u00edstica aos alunos dos cursos de m\u00fasica; &#8211; Desenvolver o esp\u00edrito de humanidade, cidadania e coletividade.<\/p>\n<p>Professor respons\u00e1vel: Joao Alexandre Straub Gomes<\/p>\n<p>Email: \tjoaoalexandrem6@hotmail.com<\/p>\n","protected":false},"excerpt":{"rendered":"<p>Nome do projeto: Visita Musical C\u00f3digo: 51552036 Resumo do projeto: Realizar apresenta\u00e7\u00f5es musicais em diferentes espa\u00e7os da cidade de Pelotas. Espec\u00edficos &#8211; Proporcionar momentos de aprecia\u00e7\u00e3o musical \u00e0 comunidades; &#8211; Propiciar contato e intera\u00e7\u00e3o dos cursos de m\u00fasica da UFPel com a comunidade; &#8211; Atentar \u00e0 parcela menos favorecida da popula\u00e7\u00e3o; &#8211; Colaborar com a&#8230; <\/p>\n<div class=\"link-more\"><a href=\"https:\/\/wp.ufpel.edu.br\/camaradeextensaoca\/musica-licenciatura\/visita-musical\/\">Leia mais<\/a><\/div>\n","protected":false},"author":647,"featured_media":0,"parent":320,"menu_order":0,"comment_status":"closed","ping_status":"closed","template":"","meta":{"jetpack_post_was_ever_published":false,"footnotes":""},"class_list":["post-513","page","type-page","status-publish","hentry"],"jetpack_sharing_enabled":true,"jetpack_shortlink":"https:\/\/wp.me\/P8nTsJ-8h","_links":{"self":[{"href":"https:\/\/wp.ufpel.edu.br\/camaradeextensaoca\/wp-json\/wp\/v2\/pages\/513","targetHints":{"allow":["GET"]}}],"collection":[{"href":"https:\/\/wp.ufpel.edu.br\/camaradeextensaoca\/wp-json\/wp\/v2\/pages"}],"about":[{"href":"https:\/\/wp.ufpel.edu.br\/camaradeextensaoca\/wp-json\/wp\/v2\/types\/page"}],"author":[{"embeddable":true,"href":"https:\/\/wp.ufpel.edu.br\/camaradeextensaoca\/wp-json\/wp\/v2\/users\/647"}],"replies":[{"embeddable":true,"href":"https:\/\/wp.ufpel.edu.br\/camaradeextensaoca\/wp-json\/wp\/v2\/comments?post=513"}],"version-history":[{"count":1,"href":"https:\/\/wp.ufpel.edu.br\/camaradeextensaoca\/wp-json\/wp\/v2\/pages\/513\/revisions"}],"predecessor-version":[{"id":515,"href":"https:\/\/wp.ufpel.edu.br\/camaradeextensaoca\/wp-json\/wp\/v2\/pages\/513\/revisions\/515"}],"up":[{"embeddable":true,"href":"https:\/\/wp.ufpel.edu.br\/camaradeextensaoca\/wp-json\/wp\/v2\/pages\/320"}],"wp:attachment":[{"href":"https:\/\/wp.ufpel.edu.br\/camaradeextensaoca\/wp-json\/wp\/v2\/media?parent=513"}],"curies":[{"name":"wp","href":"https:\/\/api.w.org\/{rel}","templated":true}]}}