{"id":509,"date":"2016-09-15T09:57:58","date_gmt":"2016-09-15T12:57:58","guid":{"rendered":"https:\/\/wp.ufpel.edu.br\/camaradeextensaoca\/?page_id=509"},"modified":"2016-09-15T09:59:04","modified_gmt":"2016-09-15T12:59:04","slug":"musica-no-centro-de-artes","status":"publish","type":"page","link":"https:\/\/wp.ufpel.edu.br\/camaradeextensaoca\/musica-licenciatura\/musica-no-centro-de-artes\/","title":{"rendered":"M\u00fasica no Centro de Artes"},"content":{"rendered":"<p>Nome do projeto: M\u00fasica no Centro de Artes<\/p>\n<p>C\u00f3digo: 51552046<\/p>\n<p>Resumo do projeto: Objetivo Geral: Proporcionar a comunidade em geral assistir recitais com instrumentos variados em repert\u00f3rio erudito e popular. Objetivos espec\u00edficos: Elaborar programa de recital Divulgar as apresenta\u00e7\u00f5es. Organizar os recitais. Participar dos recitais.<\/p>\n<p>Professor respons\u00e1vel: Sonia Andre Cava de Oliveira<\/p>\n<p>Email: sonia.cav@hotmail.com<\/p>\n","protected":false},"excerpt":{"rendered":"<p>Nome do projeto: M\u00fasica no Centro de Artes C\u00f3digo: 51552046 Resumo do projeto: Objetivo Geral: Proporcionar a comunidade em geral assistir recitais com instrumentos variados em repert\u00f3rio erudito e popular. Objetivos espec\u00edficos: Elaborar programa de recital Divulgar as apresenta\u00e7\u00f5es. Organizar os recitais. Participar dos recitais. Professor respons\u00e1vel: Sonia Andre Cava de Oliveira Email: sonia.cav@hotmail.com<\/p>\n","protected":false},"author":647,"featured_media":0,"parent":320,"menu_order":0,"comment_status":"closed","ping_status":"closed","template":"","meta":{"jetpack_post_was_ever_published":false,"footnotes":""},"class_list":["post-509","page","type-page","status-publish","hentry"],"jetpack_sharing_enabled":true,"jetpack_shortlink":"https:\/\/wp.me\/P8nTsJ-8d","_links":{"self":[{"href":"https:\/\/wp.ufpel.edu.br\/camaradeextensaoca\/wp-json\/wp\/v2\/pages\/509","targetHints":{"allow":["GET"]}}],"collection":[{"href":"https:\/\/wp.ufpel.edu.br\/camaradeextensaoca\/wp-json\/wp\/v2\/pages"}],"about":[{"href":"https:\/\/wp.ufpel.edu.br\/camaradeextensaoca\/wp-json\/wp\/v2\/types\/page"}],"author":[{"embeddable":true,"href":"https:\/\/wp.ufpel.edu.br\/camaradeextensaoca\/wp-json\/wp\/v2\/users\/647"}],"replies":[{"embeddable":true,"href":"https:\/\/wp.ufpel.edu.br\/camaradeextensaoca\/wp-json\/wp\/v2\/comments?post=509"}],"version-history":[{"count":1,"href":"https:\/\/wp.ufpel.edu.br\/camaradeextensaoca\/wp-json\/wp\/v2\/pages\/509\/revisions"}],"predecessor-version":[{"id":511,"href":"https:\/\/wp.ufpel.edu.br\/camaradeextensaoca\/wp-json\/wp\/v2\/pages\/509\/revisions\/511"}],"up":[{"embeddable":true,"href":"https:\/\/wp.ufpel.edu.br\/camaradeextensaoca\/wp-json\/wp\/v2\/pages\/320"}],"wp:attachment":[{"href":"https:\/\/wp.ufpel.edu.br\/camaradeextensaoca\/wp-json\/wp\/v2\/media?parent=509"}],"curies":[{"name":"wp","href":"https:\/\/api.w.org\/{rel}","templated":true}]}}