{"id":493,"date":"2016-09-14T11:50:23","date_gmt":"2016-09-14T14:50:23","guid":{"rendered":"https:\/\/wp.ufpel.edu.br\/camaradeextensaoca\/?page_id=493"},"modified":"2016-10-13T11:16:33","modified_gmt":"2016-10-13T14:16:33","slug":"contextos-de-atuacao-do-artista","status":"publish","type":"page","link":"https:\/\/wp.ufpel.edu.br\/camaradeextensaoca\/curso-artes-visuais-licenciatura\/contextos-de-atuacao-do-artista\/","title":{"rendered":"Contextos de atua\u00e7\u00e3o do artista"},"content":{"rendered":"<p>Nome do projeto: Contextos de atua\u00e7\u00e3o do artista<\/p>\n<p>C\u00f3digo: 51551046<\/p>\n<p>Resumo do projeto: O objetivo geral deste projeto \u00e9 promover a percep\u00e7\u00e3o e conscientiza\u00e7\u00e3o sobre o meio ambiente atrav\u00e9s de a\u00e7\u00f5es art\u00edsticas participativas em espa\u00e7os de ensino (m\u00e9dio e fundamental) e de cultura no entorno do Centro de Artes, principalmente, para jovens. Outros objetivos s\u00e3o de ensinar t\u00e9cnicas de reaproveitamento de materiais em oficinas que existem na casa dos participantes que podem ser reaproveitados na fabrica\u00e7\u00e3o de objetos de uso ou art\u00edsticos para este publico alvo e tamb\u00e9m para alunos de artes visuais do Centro de Artes. O projeto tamb\u00e9m promove o desenvolvimento de t\u00e9cnicas de reaproveitamento por parte dos ministrantes de oficinas, envolvendo alunos dos cursos de Artes do Centro de Artes, do n\u00edvel de gradua\u00e7\u00e3o e P\u00f3s-Gradua\u00e7\u00e3o-Mestrado. Outro objetivo \u00e9 a vincula\u00e7\u00e3o deste projeto com o Grupo de Pesquisa Deslocamentos, Observ\u00e2ncias e Cartografias Contempor\u00e2neas do CNPq-UFPel, bem com a disciplina do Mestrado em Artes Visuais que ministro no Centro de Artes: Contextos de atua\u00e7\u00e3o do artista na contemporaneidade, assim, criando um projeto de extens\u00e3o capaz de relacionar ensino, pesquisa e extens\u00e3o.<\/p>\n<p>Professor respons\u00e1vel: Alice Jean Monsell<\/p>\n","protected":false},"excerpt":{"rendered":"<p>Nome do projeto: Contextos de atua\u00e7\u00e3o do artista C\u00f3digo: 51551046 Resumo do projeto: O objetivo geral deste projeto \u00e9 promover a percep\u00e7\u00e3o e conscientiza\u00e7\u00e3o sobre o meio ambiente atrav\u00e9s de a\u00e7\u00f5es art\u00edsticas participativas em espa\u00e7os de ensino (m\u00e9dio e fundamental) e de cultura no entorno do Centro de Artes, principalmente, para jovens. Outros objetivos s\u00e3o&#8230; <\/p>\n<div class=\"link-more\"><a href=\"https:\/\/wp.ufpel.edu.br\/camaradeextensaoca\/curso-artes-visuais-licenciatura\/contextos-de-atuacao-do-artista\/\">Leia mais<\/a><\/div>\n","protected":false},"author":647,"featured_media":0,"parent":214,"menu_order":0,"comment_status":"closed","ping_status":"closed","template":"","meta":{"jetpack_post_was_ever_published":false,"footnotes":""},"class_list":["post-493","page","type-page","status-publish","hentry"],"jetpack_sharing_enabled":true,"jetpack_shortlink":"https:\/\/wp.me\/P8nTsJ-7X","_links":{"self":[{"href":"https:\/\/wp.ufpel.edu.br\/camaradeextensaoca\/wp-json\/wp\/v2\/pages\/493","targetHints":{"allow":["GET"]}}],"collection":[{"href":"https:\/\/wp.ufpel.edu.br\/camaradeextensaoca\/wp-json\/wp\/v2\/pages"}],"about":[{"href":"https:\/\/wp.ufpel.edu.br\/camaradeextensaoca\/wp-json\/wp\/v2\/types\/page"}],"author":[{"embeddable":true,"href":"https:\/\/wp.ufpel.edu.br\/camaradeextensaoca\/wp-json\/wp\/v2\/users\/647"}],"replies":[{"embeddable":true,"href":"https:\/\/wp.ufpel.edu.br\/camaradeextensaoca\/wp-json\/wp\/v2\/comments?post=493"}],"version-history":[{"count":3,"href":"https:\/\/wp.ufpel.edu.br\/camaradeextensaoca\/wp-json\/wp\/v2\/pages\/493\/revisions"}],"predecessor-version":[{"id":778,"href":"https:\/\/wp.ufpel.edu.br\/camaradeextensaoca\/wp-json\/wp\/v2\/pages\/493\/revisions\/778"}],"up":[{"embeddable":true,"href":"https:\/\/wp.ufpel.edu.br\/camaradeextensaoca\/wp-json\/wp\/v2\/pages\/214"}],"wp:attachment":[{"href":"https:\/\/wp.ufpel.edu.br\/camaradeextensaoca\/wp-json\/wp\/v2\/media?parent=493"}],"curies":[{"name":"wp","href":"https:\/\/api.w.org\/{rel}","templated":true}]}}