{"id":485,"date":"2016-09-14T11:45:04","date_gmt":"2016-09-14T14:45:04","guid":{"rendered":"https:\/\/wp.ufpel.edu.br\/camaradeextensaoca\/?page_id=485"},"modified":"2016-09-14T11:45:04","modified_gmt":"2016-09-14T14:45:04","slug":"malg-30-anos","status":"publish","type":"page","link":"https:\/\/wp.ufpel.edu.br\/camaradeextensaoca\/malg-30-anos\/","title":{"rendered":"MALG 30 anos"},"content":{"rendered":"<p>Nome do projeto: MALG 30 anos<\/p>\n<p>C\u00f3digo: 51551066<\/p>\n<p>Resumo do projeto: planejar, executar e avaliar as a\u00e7\u00f5es comemorativas aos 30 anos do MALG; Espec\u00edficos: &#8211; Definir e realizar exposi\u00e7\u00e3o comemorativa aos 30 anos do Museu; &#8211; Realizar semin\u00e1rio para avaliar a import\u00e2ncia e o papel do museu junto a comunidade ao longo de sua exist\u00eancia; &#8211; Publicar cat\u00e1logo referente aos 30 anos do Museu, constando hist\u00f3rico do Museu e reprodu\u00e7\u00e3o de todas as obras de Leopoldo Gotuzzo que integram o acervo;<\/p>\n<p>Professor respons\u00e1vel: Lauer Alves Nunes dos Santos<br \/>\nEmail: lauersantos@gmail.com<\/p>\n","protected":false},"excerpt":{"rendered":"<p>Nome do projeto: MALG 30 anos C\u00f3digo: 51551066 Resumo do projeto: planejar, executar e avaliar as a\u00e7\u00f5es comemorativas aos 30 anos do MALG; Espec\u00edficos: &#8211; Definir e realizar exposi\u00e7\u00e3o comemorativa aos 30 anos do Museu; &#8211; Realizar semin\u00e1rio para avaliar a import\u00e2ncia e o papel do museu junto a comunidade ao longo de sua exist\u00eancia;&#8230; <\/p>\n<div class=\"link-more\"><a href=\"https:\/\/wp.ufpel.edu.br\/camaradeextensaoca\/malg-30-anos\/\">Leia mais<\/a><\/div>\n","protected":false},"author":647,"featured_media":0,"parent":0,"menu_order":0,"comment_status":"closed","ping_status":"closed","template":"","meta":{"jetpack_post_was_ever_published":false,"footnotes":""},"class_list":["post-485","page","type-page","status-publish","hentry"],"jetpack_sharing_enabled":true,"jetpack_shortlink":"https:\/\/wp.me\/P8nTsJ-7P","_links":{"self":[{"href":"https:\/\/wp.ufpel.edu.br\/camaradeextensaoca\/wp-json\/wp\/v2\/pages\/485","targetHints":{"allow":["GET"]}}],"collection":[{"href":"https:\/\/wp.ufpel.edu.br\/camaradeextensaoca\/wp-json\/wp\/v2\/pages"}],"about":[{"href":"https:\/\/wp.ufpel.edu.br\/camaradeextensaoca\/wp-json\/wp\/v2\/types\/page"}],"author":[{"embeddable":true,"href":"https:\/\/wp.ufpel.edu.br\/camaradeextensaoca\/wp-json\/wp\/v2\/users\/647"}],"replies":[{"embeddable":true,"href":"https:\/\/wp.ufpel.edu.br\/camaradeextensaoca\/wp-json\/wp\/v2\/comments?post=485"}],"version-history":[{"count":1,"href":"https:\/\/wp.ufpel.edu.br\/camaradeextensaoca\/wp-json\/wp\/v2\/pages\/485\/revisions"}],"predecessor-version":[{"id":487,"href":"https:\/\/wp.ufpel.edu.br\/camaradeextensaoca\/wp-json\/wp\/v2\/pages\/485\/revisions\/487"}],"wp:attachment":[{"href":"https:\/\/wp.ufpel.edu.br\/camaradeextensaoca\/wp-json\/wp\/v2\/media?parent=485"}],"curies":[{"name":"wp","href":"https:\/\/api.w.org\/{rel}","templated":true}]}}