{"id":478,"date":"2016-09-14T11:35:11","date_gmt":"2016-09-14T14:35:11","guid":{"rendered":"https:\/\/wp.ufpel.edu.br\/camaradeextensaoca\/?page_id=478"},"modified":"2016-09-14T11:43:54","modified_gmt":"2016-09-14T14:43:54","slug":"noite-popular","status":"publish","type":"page","link":"https:\/\/wp.ufpel.edu.br\/camaradeextensaoca\/noite-popular\/","title":{"rendered":"Noite Popular"},"content":{"rendered":"<p>Nome do projeto: Noite Popular<\/p>\n<p>C\u00f3digo: 51555056<\/p>\n<p>Resumo do projeto: Organizar mostras musicais gratuitas com repert\u00f3rio de M\u00fasica Popular dos alunos dos cursos de Bacharelado em M\u00fasica. Espec\u00edficos: Oferecer \u00e0 comunidade pelotense uma op\u00e7\u00e3o de aprecia\u00e7\u00e3o art\u00edstica musical e de integra\u00e7\u00e3o cultural; compartilhar com a comunidade o trabalho realizado dentro da universidade; criar oportunidades para o alunos dos cursos de Bacharelado em M\u00fasica (em especial aqueles que cursam M\u00fasica Popular) participarem de apresenta\u00e7\u00f5es musicais; colocar os alunos em contato com o p\u00fablico, levando-os a um ambiente central pr\u00f3ximo da comunidade; exercitar a produ\u00e7\u00e3o art\u00edstica e musical dos alunos.<\/p>\n<p>Professor respons\u00e1vel: Daniela da Silva Moreira<br \/>\nEmail: danieladasilva.moreira@hotmail.com<\/p>\n","protected":false},"excerpt":{"rendered":"<p>Nome do projeto: Noite Popular C\u00f3digo: 51555056 Resumo do projeto: Organizar mostras musicais gratuitas com repert\u00f3rio de M\u00fasica Popular dos alunos dos cursos de Bacharelado em M\u00fasica. Espec\u00edficos: Oferecer \u00e0 comunidade pelotense uma op\u00e7\u00e3o de aprecia\u00e7\u00e3o art\u00edstica musical e de integra\u00e7\u00e3o cultural; compartilhar com a comunidade o trabalho realizado dentro da universidade; criar oportunidades para&#8230; <\/p>\n<div class=\"link-more\"><a href=\"https:\/\/wp.ufpel.edu.br\/camaradeextensaoca\/noite-popular\/\">Leia mais<\/a><\/div>\n","protected":false},"author":647,"featured_media":0,"parent":0,"menu_order":0,"comment_status":"closed","ping_status":"closed","template":"","meta":{"jetpack_post_was_ever_published":false,"footnotes":""},"class_list":["post-478","page","type-page","status-publish","hentry"],"jetpack_sharing_enabled":true,"jetpack_shortlink":"https:\/\/wp.me\/P8nTsJ-7I","_links":{"self":[{"href":"https:\/\/wp.ufpel.edu.br\/camaradeextensaoca\/wp-json\/wp\/v2\/pages\/478","targetHints":{"allow":["GET"]}}],"collection":[{"href":"https:\/\/wp.ufpel.edu.br\/camaradeextensaoca\/wp-json\/wp\/v2\/pages"}],"about":[{"href":"https:\/\/wp.ufpel.edu.br\/camaradeextensaoca\/wp-json\/wp\/v2\/types\/page"}],"author":[{"embeddable":true,"href":"https:\/\/wp.ufpel.edu.br\/camaradeextensaoca\/wp-json\/wp\/v2\/users\/647"}],"replies":[{"embeddable":true,"href":"https:\/\/wp.ufpel.edu.br\/camaradeextensaoca\/wp-json\/wp\/v2\/comments?post=478"}],"version-history":[{"count":4,"href":"https:\/\/wp.ufpel.edu.br\/camaradeextensaoca\/wp-json\/wp\/v2\/pages\/478\/revisions"}],"predecessor-version":[{"id":484,"href":"https:\/\/wp.ufpel.edu.br\/camaradeextensaoca\/wp-json\/wp\/v2\/pages\/478\/revisions\/484"}],"wp:attachment":[{"href":"https:\/\/wp.ufpel.edu.br\/camaradeextensaoca\/wp-json\/wp\/v2\/media?parent=478"}],"curies":[{"name":"wp","href":"https:\/\/api.w.org\/{rel}","templated":true}]}}