{"id":473,"date":"2016-09-14T11:20:03","date_gmt":"2016-09-14T14:20:03","guid":{"rendered":"https:\/\/wp.ufpel.edu.br\/camaradeextensaoca\/?page_id=473"},"modified":"2016-09-15T11:52:29","modified_gmt":"2016-09-15T14:52:29","slug":"suldesign-estudio-projetos","status":"publish","type":"page","link":"https:\/\/wp.ufpel.edu.br\/camaradeextensaoca\/cursos\/design\/suldesign-estudio-projetos\/","title":{"rendered":"Suldesign Est\u00fadio: Projetos"},"content":{"rendered":"<p>Nome do projeto: Suldesign Est\u00fadio: Projetos<\/p>\n<p>C\u00f3digo: 51908021<\/p>\n<p>Projetar design gr\u00e1fico e digital para a comunidade acad\u00eamica da UFPEL; Fomentar a cultura gr\u00e1fica no meio universit\u00e1rio; Apresentar os projetos realizados em forma de mostras, palestras e exposi\u00e7\u00f5es; Proporcionar intera\u00e7\u00e3o da comunidade acad\u00eamica com o mercado de trabalho da \u00e1rea; Trazer convidados do \u00e2mbito profissional para troca de informa\u00e7\u00e3o e conhecimento com a comunidade acad\u00eamica, atrav\u00e9s de palestras.<\/p>\n<p>Professor respons\u00e1vel: Roberta Coelho Barros<\/p>\n<p>Email: robertabarros@gmail.com<\/p>\n","protected":false},"excerpt":{"rendered":"<p>Nome do projeto: Suldesign Est\u00fadio: Projetos C\u00f3digo: 51908021 Projetar design gr\u00e1fico e digital para a comunidade acad\u00eamica da UFPEL; Fomentar a cultura gr\u00e1fica no meio universit\u00e1rio; Apresentar os projetos realizados em forma de mostras, palestras e exposi\u00e7\u00f5es; Proporcionar intera\u00e7\u00e3o da comunidade acad\u00eamica com o mercado de trabalho da \u00e1rea; Trazer convidados do \u00e2mbito profissional para&#8230; <\/p>\n<div class=\"link-more\"><a href=\"https:\/\/wp.ufpel.edu.br\/camaradeextensaoca\/cursos\/design\/suldesign-estudio-projetos\/\">Leia mais<\/a><\/div>\n","protected":false},"author":647,"featured_media":0,"parent":15,"menu_order":0,"comment_status":"closed","ping_status":"closed","template":"","meta":{"jetpack_post_was_ever_published":false,"footnotes":""},"class_list":["post-473","page","type-page","status-publish","hentry"],"jetpack_sharing_enabled":true,"jetpack_shortlink":"https:\/\/wp.me\/P8nTsJ-7D","_links":{"self":[{"href":"https:\/\/wp.ufpel.edu.br\/camaradeextensaoca\/wp-json\/wp\/v2\/pages\/473","targetHints":{"allow":["GET"]}}],"collection":[{"href":"https:\/\/wp.ufpel.edu.br\/camaradeextensaoca\/wp-json\/wp\/v2\/pages"}],"about":[{"href":"https:\/\/wp.ufpel.edu.br\/camaradeextensaoca\/wp-json\/wp\/v2\/types\/page"}],"author":[{"embeddable":true,"href":"https:\/\/wp.ufpel.edu.br\/camaradeextensaoca\/wp-json\/wp\/v2\/users\/647"}],"replies":[{"embeddable":true,"href":"https:\/\/wp.ufpel.edu.br\/camaradeextensaoca\/wp-json\/wp\/v2\/comments?post=473"}],"version-history":[{"count":1,"href":"https:\/\/wp.ufpel.edu.br\/camaradeextensaoca\/wp-json\/wp\/v2\/pages\/473\/revisions"}],"predecessor-version":[{"id":475,"href":"https:\/\/wp.ufpel.edu.br\/camaradeextensaoca\/wp-json\/wp\/v2\/pages\/473\/revisions\/475"}],"up":[{"embeddable":true,"href":"https:\/\/wp.ufpel.edu.br\/camaradeextensaoca\/wp-json\/wp\/v2\/pages\/15"}],"wp:attachment":[{"href":"https:\/\/wp.ufpel.edu.br\/camaradeextensaoca\/wp-json\/wp\/v2\/media?parent=473"}],"curies":[{"name":"wp","href":"https:\/\/api.w.org\/{rel}","templated":true}]}}