{"id":469,"date":"2016-09-14T11:16:54","date_gmt":"2016-09-14T14:16:54","guid":{"rendered":"https:\/\/wp.ufpel.edu.br\/camaradeextensaoca\/?page_id=469"},"modified":"2016-09-14T11:16:54","modified_gmt":"2016-09-14T14:16:54","slug":"suldesign-encontro-sul-americano","status":"publish","type":"page","link":"https:\/\/wp.ufpel.edu.br\/camaradeextensaoca\/suldesign-encontro-sul-americano\/","title":{"rendered":"Suldesign &#8211; Encontro Sul-Americano"},"content":{"rendered":"<p>Nome do projeto: Suldesign &#8211; Encontro Sul-Americano<\/p>\n<p>C\u00f3digo: 51908011<\/p>\n<p>Fomentar o design gr\u00e1fico e digital na regi\u00e3o; Congregar interessados no design sul-latino; Produzir conhecimento acerca de design latino-americano atrav\u00e9s de palestras e comunica\u00e7\u00f5es; Expor diferentes mostras de design; Proporcionar diferentes oficinas de design; Realizar mostra cient\u00edfica de trabalhos na \u00e1rea, tanto de inicia\u00e7\u00e3o cient\u00edfica quanto p\u00f3s-gradua\u00e7\u00e3o; Trazer convidados para troca de informa\u00e7\u00e3o e conhecimento no \u00e2mbito do design.<\/p>\n<p>Professor respons\u00e1vel: Roberta Coelho Barros<\/p>\n<p>Email: robertabarros@gmail.com<\/p>\n","protected":false},"excerpt":{"rendered":"<p>Nome do projeto: Suldesign &#8211; Encontro Sul-Americano C\u00f3digo: 51908011 Fomentar o design gr\u00e1fico e digital na regi\u00e3o; Congregar interessados no design sul-latino; Produzir conhecimento acerca de design latino-americano atrav\u00e9s de palestras e comunica\u00e7\u00f5es; Expor diferentes mostras de design; Proporcionar diferentes oficinas de design; Realizar mostra cient\u00edfica de trabalhos na \u00e1rea, tanto de inicia\u00e7\u00e3o cient\u00edfica quanto&#8230; <\/p>\n<div class=\"link-more\"><a href=\"https:\/\/wp.ufpel.edu.br\/camaradeextensaoca\/suldesign-encontro-sul-americano\/\">Leia mais<\/a><\/div>\n","protected":false},"author":647,"featured_media":0,"parent":0,"menu_order":0,"comment_status":"closed","ping_status":"closed","template":"","meta":{"jetpack_post_was_ever_published":false,"footnotes":""},"class_list":["post-469","page","type-page","status-publish","hentry"],"jetpack_sharing_enabled":true,"jetpack_shortlink":"https:\/\/wp.me\/P8nTsJ-7z","_links":{"self":[{"href":"https:\/\/wp.ufpel.edu.br\/camaradeextensaoca\/wp-json\/wp\/v2\/pages\/469","targetHints":{"allow":["GET"]}}],"collection":[{"href":"https:\/\/wp.ufpel.edu.br\/camaradeextensaoca\/wp-json\/wp\/v2\/pages"}],"about":[{"href":"https:\/\/wp.ufpel.edu.br\/camaradeextensaoca\/wp-json\/wp\/v2\/types\/page"}],"author":[{"embeddable":true,"href":"https:\/\/wp.ufpel.edu.br\/camaradeextensaoca\/wp-json\/wp\/v2\/users\/647"}],"replies":[{"embeddable":true,"href":"https:\/\/wp.ufpel.edu.br\/camaradeextensaoca\/wp-json\/wp\/v2\/comments?post=469"}],"version-history":[{"count":1,"href":"https:\/\/wp.ufpel.edu.br\/camaradeextensaoca\/wp-json\/wp\/v2\/pages\/469\/revisions"}],"predecessor-version":[{"id":471,"href":"https:\/\/wp.ufpel.edu.br\/camaradeextensaoca\/wp-json\/wp\/v2\/pages\/469\/revisions\/471"}],"wp:attachment":[{"href":"https:\/\/wp.ufpel.edu.br\/camaradeextensaoca\/wp-json\/wp\/v2\/media?parent=469"}],"curies":[{"name":"wp","href":"https:\/\/api.w.org\/{rel}","templated":true}]}}