{"id":464,"date":"2016-09-14T11:09:37","date_gmt":"2016-09-14T14:09:37","guid":{"rendered":"https:\/\/wp.ufpel.edu.br\/camaradeextensaoca\/?page_id=464"},"modified":"2016-10-13T11:17:37","modified_gmt":"2016-10-13T14:17:37","slug":"v-sigam-simposio-internacional-genero-arte-e-memoria","status":"publish","type":"page","link":"https:\/\/wp.ufpel.edu.br\/camaradeextensaoca\/curso-artes-visuais-licenciatura\/v-sigam-simposio-internacional-genero-arte-e-memoria\/","title":{"rendered":"V SIGAM (Simp\u00f3sio Internacional G\u00eanero Arte e Mem\u00f3ria)"},"content":{"rendered":"<p>Nome do projeto:\u00a0V SIGAM (Simp\u00f3sio Internacional G\u00eanero Arte e Mem\u00f3ria)<\/p>\n<p>C\u00f3digo: 51551076<\/p>\n<p>Resumo do projeto: O V SIGAM ? Transgress\u00f5es de Pandora: subjetividades e polifonias prop\u00f5e o debate interdisciplinar em torno das identidades, iconologias e discursos entabulados pelo feminismo e ativismo de g\u00eanero conforme comparecem nas diferentes manifesta\u00e7\u00f5es culturais e art\u00edsticas. O Simp\u00f3sio Internacional G\u00eanero, Arte e Mem\u00f3ria tem como tem\u00e1tica \u00e9 um evento bienal, e este ano ocorrer\u00e1 de 23 a 25 de novembro, na cidade de Pelotas\/RS. O evento prop\u00f5e o debate interdisciplinar em torno das arte, das visualidades, das subjetividades, das mem\u00f3rias, acervo, coletivos e escritas vinculados ao feminismo e ativismo de g\u00eanero conforme comparecem nas diferentes manifesta\u00e7\u00f5es culturais e art\u00edsticas. O p\u00fablico alvo s\u00e3o pesquisadores, docentes e discentes da p\u00f3s-gradua\u00e7\u00e3o e da gradua\u00e7\u00e3o em artes e humanidades, integrantes de movimentos sociais, de institui\u00e7\u00f5es p\u00fablicas e privadas do Brasil e exterior. A programa\u00e7\u00e3o compreende confer\u00eancias, mesas redondas, sess\u00f5es de comunica\u00e7\u00f5es e relatos de experi\u00eancias, oficinas, mostras e atividades culturais. Nossa inten\u00e7\u00e3o \u00e9 promover o interc\u00e2mbio de saberes e pr\u00e1ticas, difundir as investiga\u00e7\u00f5es e ampliar o espa\u00e7o para express\u00f5es em prol da igualdade, que incorporam a diferen\u00e7a e desconstroem normas e conven\u00e7\u00f5es culturais impostas pela tradi\u00e7\u00e3o.<\/p>\n<p>Professor respons\u00e1vel: Ursula Rosa da Silva<\/p>\n","protected":false},"excerpt":{"rendered":"<p>Nome do projeto:\u00a0V SIGAM (Simp\u00f3sio Internacional G\u00eanero Arte e Mem\u00f3ria) C\u00f3digo: 51551076 Resumo do projeto: O V SIGAM ? Transgress\u00f5es de Pandora: subjetividades e polifonias prop\u00f5e o debate interdisciplinar em torno das identidades, iconologias e discursos entabulados pelo feminismo e ativismo de g\u00eanero conforme comparecem nas diferentes manifesta\u00e7\u00f5es culturais e art\u00edsticas. O Simp\u00f3sio Internacional G\u00eanero,&#8230; <\/p>\n<div class=\"link-more\"><a href=\"https:\/\/wp.ufpel.edu.br\/camaradeextensaoca\/curso-artes-visuais-licenciatura\/v-sigam-simposio-internacional-genero-arte-e-memoria\/\">Leia mais<\/a><\/div>\n","protected":false},"author":647,"featured_media":0,"parent":214,"menu_order":0,"comment_status":"closed","ping_status":"closed","template":"","meta":{"jetpack_post_was_ever_published":false,"footnotes":""},"class_list":["post-464","page","type-page","status-publish","hentry"],"jetpack_sharing_enabled":true,"jetpack_shortlink":"https:\/\/wp.me\/P8nTsJ-7u","_links":{"self":[{"href":"https:\/\/wp.ufpel.edu.br\/camaradeextensaoca\/wp-json\/wp\/v2\/pages\/464","targetHints":{"allow":["GET"]}}],"collection":[{"href":"https:\/\/wp.ufpel.edu.br\/camaradeextensaoca\/wp-json\/wp\/v2\/pages"}],"about":[{"href":"https:\/\/wp.ufpel.edu.br\/camaradeextensaoca\/wp-json\/wp\/v2\/types\/page"}],"author":[{"embeddable":true,"href":"https:\/\/wp.ufpel.edu.br\/camaradeextensaoca\/wp-json\/wp\/v2\/users\/647"}],"replies":[{"embeddable":true,"href":"https:\/\/wp.ufpel.edu.br\/camaradeextensaoca\/wp-json\/wp\/v2\/comments?post=464"}],"version-history":[{"count":2,"href":"https:\/\/wp.ufpel.edu.br\/camaradeextensaoca\/wp-json\/wp\/v2\/pages\/464\/revisions"}],"predecessor-version":[{"id":780,"href":"https:\/\/wp.ufpel.edu.br\/camaradeextensaoca\/wp-json\/wp\/v2\/pages\/464\/revisions\/780"}],"up":[{"embeddable":true,"href":"https:\/\/wp.ufpel.edu.br\/camaradeextensaoca\/wp-json\/wp\/v2\/pages\/214"}],"wp:attachment":[{"href":"https:\/\/wp.ufpel.edu.br\/camaradeextensaoca\/wp-json\/wp\/v2\/media?parent=464"}],"curies":[{"name":"wp","href":"https:\/\/api.w.org\/{rel}","templated":true}]}}