{"id":457,"date":"2016-09-13T11:48:58","date_gmt":"2016-09-13T14:48:58","guid":{"rendered":"https:\/\/wp.ufpel.edu.br\/camaradeextensaoca\/?page_id=457"},"modified":"2016-09-22T10:50:10","modified_gmt":"2016-09-22T13:50:10","slug":"musica-educacao-ambientaluma-parceria-que-da-o-que-cantar","status":"publish","type":"page","link":"https:\/\/wp.ufpel.edu.br\/camaradeextensaoca\/cursos\/musica\/musica-educacao-ambientaluma-parceria-que-da-o-que-cantar\/","title":{"rendered":"M\u00fasica e Educa\u00e7\u00e3o Ambiental:uma parceria que d\u00e1 o que cantar!"},"content":{"rendered":"<p>Nome do projeto: M\u00fasica &amp; Educa\u00e7\u00e3o Ambiental:uma parceria que d\u00e1 o que cantar!<\/p>\n<p>C\u00f3digo: 51552056<\/p>\n<p>Resumo geral:Tornar-se op\u00e7\u00e3o vi\u00e1vel n\u00e3o s\u00f3 para atividades de cultura e lazer, mas tamb\u00e9m para a conscientiza\u00e7\u00e3o acerca dos problemas socioambientais da atualidade e, nessa medida, um caminho poss\u00edvel para sua supera\u00e7\u00e3o. Objetivos espec\u00edficos:. Propiciar viv\u00eancias e compreens\u00e3o da linguagem musical, proporcionando a abertura de canais sensoriais e facilitando a express\u00e3o de emo\u00e7\u00f5es, ampliando a cultura geral e contribuindo para a forma\u00e7\u00e3o integral do ser. Promover sensibilidade \u00e0 m\u00fasica, bem como desenvolver fatores como a concentra\u00e7\u00e3o, a mem\u00f3ria, a coordena\u00e7\u00e3o motora, socializa\u00e7\u00e3o, percep\u00e7\u00e3o auditiva e disciplina. Oferecer atividades musicais capazes de promover o al\u00edvio de tens\u00f5es devidas \u00e0 instabilidade emocional e fadiga; Promovendo processos de express\u00e3o, comunica\u00e7\u00e3o e descarga emocional atrav\u00e9s do est\u00edmulo musical e sonoro. Proporcionar situa\u00e7\u00f5es que possam contribuir para estimular e desenvolver o sentido de ordem, harmonia, organiza\u00e7\u00e3o e compreens\u00e3o.<\/p>\n<p>Professor respons\u00e1vel: Sonia Andre Cava de Oliveira<\/p>\n<p>Email: sonia.cav@hotmail.com<\/p>\n","protected":false},"excerpt":{"rendered":"<p>Nome do projeto: M\u00fasica &amp; Educa\u00e7\u00e3o Ambiental:uma parceria que d\u00e1 o que cantar! C\u00f3digo: 51552056 Resumo geral:Tornar-se op\u00e7\u00e3o vi\u00e1vel n\u00e3o s\u00f3 para atividades de cultura e lazer, mas tamb\u00e9m para a conscientiza\u00e7\u00e3o acerca dos problemas socioambientais da atualidade e, nessa medida, um caminho poss\u00edvel para sua supera\u00e7\u00e3o. Objetivos espec\u00edficos:. Propiciar viv\u00eancias e compreens\u00e3o da linguagem&#8230; <\/p>\n<div class=\"link-more\"><a href=\"https:\/\/wp.ufpel.edu.br\/camaradeextensaoca\/cursos\/musica\/musica-educacao-ambientaluma-parceria-que-da-o-que-cantar\/\">Leia mais<\/a><\/div>\n","protected":false},"author":647,"featured_media":0,"parent":18,"menu_order":0,"comment_status":"closed","ping_status":"closed","template":"","meta":{"jetpack_post_was_ever_published":false,"footnotes":""},"class_list":["post-457","page","type-page","status-publish","hentry"],"jetpack_sharing_enabled":true,"jetpack_shortlink":"https:\/\/wp.me\/P8nTsJ-7n","_links":{"self":[{"href":"https:\/\/wp.ufpel.edu.br\/camaradeextensaoca\/wp-json\/wp\/v2\/pages\/457","targetHints":{"allow":["GET"]}}],"collection":[{"href":"https:\/\/wp.ufpel.edu.br\/camaradeextensaoca\/wp-json\/wp\/v2\/pages"}],"about":[{"href":"https:\/\/wp.ufpel.edu.br\/camaradeextensaoca\/wp-json\/wp\/v2\/types\/page"}],"author":[{"embeddable":true,"href":"https:\/\/wp.ufpel.edu.br\/camaradeextensaoca\/wp-json\/wp\/v2\/users\/647"}],"replies":[{"embeddable":true,"href":"https:\/\/wp.ufpel.edu.br\/camaradeextensaoca\/wp-json\/wp\/v2\/comments?post=457"}],"version-history":[{"count":2,"href":"https:\/\/wp.ufpel.edu.br\/camaradeextensaoca\/wp-json\/wp\/v2\/pages\/457\/revisions"}],"predecessor-version":[{"id":571,"href":"https:\/\/wp.ufpel.edu.br\/camaradeextensaoca\/wp-json\/wp\/v2\/pages\/457\/revisions\/571"}],"up":[{"embeddable":true,"href":"https:\/\/wp.ufpel.edu.br\/camaradeextensaoca\/wp-json\/wp\/v2\/pages\/18"}],"wp:attachment":[{"href":"https:\/\/wp.ufpel.edu.br\/camaradeextensaoca\/wp-json\/wp\/v2\/media?parent=457"}],"curies":[{"name":"wp","href":"https:\/\/api.w.org\/{rel}","templated":true}]}}