{"id":375,"date":"2016-08-11T10:37:44","date_gmt":"2016-08-11T13:37:44","guid":{"rendered":"https:\/\/wp.ufpel.edu.br\/camaradeextensaoca\/?page_id=375"},"modified":"2016-10-13T11:25:45","modified_gmt":"2016-10-13T14:25:45","slug":"cine-ufpel-sala-de-cinema-da-universidade-federal-de-pelotas","status":"publish","type":"page","link":"https:\/\/wp.ufpel.edu.br\/camaradeextensaoca\/cursos\/cinema\/cine-ufpel-sala-de-cinema-da-universidade-federal-de-pelotas\/","title":{"rendered":"Cine UFPel: Sala de Cinema da Universidade Federal de Pelotas"},"content":{"rendered":"<p>C\u00f3digo: 51904023<\/p>\n<p>Resumo do projeto: Fazer funcionar, dentro da UFPel, no audit\u00f3rio da Lagoa Mirim, uma sala de cinema digital, gratuita, para exibir ao p\u00fablico longas-metragens do Brasil e do Mercosul, filmes fora do circuito comercial. Objetivos espec\u00edficos # Realizar parceria com Mercosul na exibi\u00e7\u00e3o cinematogr\u00e1fica # Contribuir para a valoriza\u00e7\u00e3o da cultura brasileira e latino-americana, atrav\u00e9s da proje\u00e7\u00e3o cinematogr\u00e1fica, solidificando a identidade nacional # Manter uma sala de cinema gratuita para exibir filmes latino-americanos # Oferecer \u00e0 comunidade filmes fora do circuito comercial # Suprir a atual demanda da cidade de Pelotas por salas de cinema # Atender car\u00eancia do p\u00fablico por salas de cinema que exibam filmes art\u00edsticos na cidade de Pelotas # Contribuir para forma\u00e7\u00e3o de p\u00fablico para o cinema brasileiro e latino-americano # Inserir a UFPel nos cursos de forma\u00e7\u00e3o do Programa Mercosul Audiovisual<\/p>\n<p>Professor respons\u00e1vel:Liangela Carret Xavier<\/p>\n","protected":false},"excerpt":{"rendered":"<p>C\u00f3digo: 51904023 Resumo do projeto: Fazer funcionar, dentro da UFPel, no audit\u00f3rio da Lagoa Mirim, uma sala de cinema digital, gratuita, para exibir ao p\u00fablico longas-metragens do Brasil e do Mercosul, filmes fora do circuito comercial. Objetivos espec\u00edficos # Realizar parceria com Mercosul na exibi\u00e7\u00e3o cinematogr\u00e1fica # Contribuir para a valoriza\u00e7\u00e3o da cultura brasileira e&#8230; <\/p>\n<div class=\"link-more\"><a href=\"https:\/\/wp.ufpel.edu.br\/camaradeextensaoca\/cursos\/cinema\/cine-ufpel-sala-de-cinema-da-universidade-federal-de-pelotas\/\">Leia mais<\/a><\/div>\n","protected":false},"author":647,"featured_media":0,"parent":9,"menu_order":0,"comment_status":"closed","ping_status":"closed","template":"","meta":{"jetpack_post_was_ever_published":false,"footnotes":""},"class_list":["post-375","page","type-page","status-publish","hentry"],"jetpack_sharing_enabled":true,"jetpack_shortlink":"https:\/\/wp.me\/P8nTsJ-63","_links":{"self":[{"href":"https:\/\/wp.ufpel.edu.br\/camaradeextensaoca\/wp-json\/wp\/v2\/pages\/375","targetHints":{"allow":["GET"]}}],"collection":[{"href":"https:\/\/wp.ufpel.edu.br\/camaradeextensaoca\/wp-json\/wp\/v2\/pages"}],"about":[{"href":"https:\/\/wp.ufpel.edu.br\/camaradeextensaoca\/wp-json\/wp\/v2\/types\/page"}],"author":[{"embeddable":true,"href":"https:\/\/wp.ufpel.edu.br\/camaradeextensaoca\/wp-json\/wp\/v2\/users\/647"}],"replies":[{"embeddable":true,"href":"https:\/\/wp.ufpel.edu.br\/camaradeextensaoca\/wp-json\/wp\/v2\/comments?post=375"}],"version-history":[{"count":2,"href":"https:\/\/wp.ufpel.edu.br\/camaradeextensaoca\/wp-json\/wp\/v2\/pages\/375\/revisions"}],"predecessor-version":[{"id":802,"href":"https:\/\/wp.ufpel.edu.br\/camaradeextensaoca\/wp-json\/wp\/v2\/pages\/375\/revisions\/802"}],"up":[{"embeddable":true,"href":"https:\/\/wp.ufpel.edu.br\/camaradeextensaoca\/wp-json\/wp\/v2\/pages\/9"}],"wp:attachment":[{"href":"https:\/\/wp.ufpel.edu.br\/camaradeextensaoca\/wp-json\/wp\/v2\/media?parent=375"}],"curies":[{"name":"wp","href":"https:\/\/api.w.org\/{rel}","templated":true}]}}