{"id":335,"date":"2016-07-05T11:54:57","date_gmt":"2016-07-05T14:54:57","guid":{"rendered":"https:\/\/wp.ufpel.edu.br\/camaradeextensaoca\/?page_id=335"},"modified":"2016-07-05T11:54:57","modified_gmt":"2016-07-05T14:54:57","slug":"recital-e-wokshop-de-violao-com-bruno-madeira","status":"publish","type":"page","link":"https:\/\/wp.ufpel.edu.br\/camaradeextensaoca\/musica-licenciatura\/recital-e-wokshop-de-violao-com-bruno-madeira\/","title":{"rendered":"\u201cRecital e Wokshop de Viol\u00e3o com Bruno Madeira\u201d"},"content":{"rendered":"<p>\u201cRecital e Wokshop de Viol\u00e3o com Bruno Madeira\u201d<\/p>\n<p>C\u00f3digo: 51555016<\/p>\n<p>Resumo do projeto: Geral Realizar um recital e workshop de viol\u00e3o. Espec\u00edficos Proporcionar uma atividade cultural para a comunidade local; Estimular o consumo e aprecia\u00e7\u00e3o de arte; Promover aprimoramento musical ao viol\u00e3o; Colaborar para o relacionamento de proximidade entre a UFPel e a comunidade pelotense em geral.<\/p>\n<p>Professor respons\u00e1vel: Jo\u00e3o Alexandre Straub Gomes<\/p>\n<p>Email: joaoalexandrem6@hotmail.com<\/p>\n","protected":false},"excerpt":{"rendered":"<p>\u201cRecital e Wokshop de Viol\u00e3o com Bruno Madeira\u201d C\u00f3digo: 51555016 Resumo do projeto: Geral Realizar um recital e workshop de viol\u00e3o. Espec\u00edficos Proporcionar uma atividade cultural para a comunidade local; Estimular o consumo e aprecia\u00e7\u00e3o de arte; Promover aprimoramento musical ao viol\u00e3o; Colaborar para o relacionamento de proximidade entre a UFPel e a comunidade pelotense&#8230; <\/p>\n<div class=\"link-more\"><a href=\"https:\/\/wp.ufpel.edu.br\/camaradeextensaoca\/musica-licenciatura\/recital-e-wokshop-de-violao-com-bruno-madeira\/\">Leia mais<\/a><\/div>\n","protected":false},"author":647,"featured_media":0,"parent":320,"menu_order":0,"comment_status":"closed","ping_status":"closed","template":"","meta":{"jetpack_post_was_ever_published":false,"footnotes":""},"class_list":["post-335","page","type-page","status-publish","hentry"],"jetpack_sharing_enabled":true,"jetpack_shortlink":"https:\/\/wp.me\/P8nTsJ-5p","_links":{"self":[{"href":"https:\/\/wp.ufpel.edu.br\/camaradeextensaoca\/wp-json\/wp\/v2\/pages\/335","targetHints":{"allow":["GET"]}}],"collection":[{"href":"https:\/\/wp.ufpel.edu.br\/camaradeextensaoca\/wp-json\/wp\/v2\/pages"}],"about":[{"href":"https:\/\/wp.ufpel.edu.br\/camaradeextensaoca\/wp-json\/wp\/v2\/types\/page"}],"author":[{"embeddable":true,"href":"https:\/\/wp.ufpel.edu.br\/camaradeextensaoca\/wp-json\/wp\/v2\/users\/647"}],"replies":[{"embeddable":true,"href":"https:\/\/wp.ufpel.edu.br\/camaradeextensaoca\/wp-json\/wp\/v2\/comments?post=335"}],"version-history":[{"count":1,"href":"https:\/\/wp.ufpel.edu.br\/camaradeextensaoca\/wp-json\/wp\/v2\/pages\/335\/revisions"}],"predecessor-version":[{"id":337,"href":"https:\/\/wp.ufpel.edu.br\/camaradeextensaoca\/wp-json\/wp\/v2\/pages\/335\/revisions\/337"}],"up":[{"embeddable":true,"href":"https:\/\/wp.ufpel.edu.br\/camaradeextensaoca\/wp-json\/wp\/v2\/pages\/320"}],"wp:attachment":[{"href":"https:\/\/wp.ufpel.edu.br\/camaradeextensaoca\/wp-json\/wp\/v2\/media?parent=335"}],"curies":[{"name":"wp","href":"https:\/\/api.w.org\/{rel}","templated":true}]}}