{"id":332,"date":"2016-07-05T11:53:47","date_gmt":"2016-07-05T14:53:47","guid":{"rendered":"https:\/\/wp.ufpel.edu.br\/camaradeextensaoca\/?page_id=332"},"modified":"2016-07-05T11:53:47","modified_gmt":"2016-07-05T14:53:47","slug":"oficina-de-repertorio-musical-para-professores","status":"publish","type":"page","link":"https:\/\/wp.ufpel.edu.br\/camaradeextensaoca\/musica-licenciatura\/oficina-de-repertorio-musical-para-professores\/","title":{"rendered":"Oficina de Repert\u00f3rio Musical para Professores"},"content":{"rendered":"<p>Nome do projeto: Oficina de Repert\u00f3rio Musical para Professores<\/p>\n<p>C\u00f3digo: 53214059<\/p>\n<p>Resumo do projeto: Qualificar o ensino de m\u00fasica desenvolvido pelos professores da rede p\u00fablica que trabalham com a educa\u00e7\u00e3o infantil e anos iniciais. Objetivos espec\u00edficos: Desenvolver a percep\u00e7\u00e3o musical; Propor atividades que desenvolvam habilidades de coordena\u00e7\u00e3o motora, concentra\u00e7\u00e3o e aten\u00e7\u00e3o, vivenciando padr\u00f5es musicais a partir de sons e movimentos corporais.<\/p>\n<p>Professor respons\u00e1vel: Isabel Bonat Hirsch<\/p>\n<p>Email: isabel.hirsch@ufpel.edu.br<\/p>\n","protected":false},"excerpt":{"rendered":"<p>Nome do projeto: Oficina de Repert\u00f3rio Musical para Professores C\u00f3digo: 53214059 Resumo do projeto: Qualificar o ensino de m\u00fasica desenvolvido pelos professores da rede p\u00fablica que trabalham com a educa\u00e7\u00e3o infantil e anos iniciais. Objetivos espec\u00edficos: Desenvolver a percep\u00e7\u00e3o musical; Propor atividades que desenvolvam habilidades de coordena\u00e7\u00e3o motora, concentra\u00e7\u00e3o e aten\u00e7\u00e3o, vivenciando padr\u00f5es musicais a&#8230; <\/p>\n<div class=\"link-more\"><a href=\"https:\/\/wp.ufpel.edu.br\/camaradeextensaoca\/musica-licenciatura\/oficina-de-repertorio-musical-para-professores\/\">Leia mais<\/a><\/div>\n","protected":false},"author":647,"featured_media":0,"parent":320,"menu_order":0,"comment_status":"closed","ping_status":"closed","template":"","meta":{"jetpack_post_was_ever_published":false,"footnotes":""},"class_list":["post-332","page","type-page","status-publish","hentry"],"jetpack_sharing_enabled":true,"jetpack_shortlink":"https:\/\/wp.me\/P8nTsJ-5m","_links":{"self":[{"href":"https:\/\/wp.ufpel.edu.br\/camaradeextensaoca\/wp-json\/wp\/v2\/pages\/332","targetHints":{"allow":["GET"]}}],"collection":[{"href":"https:\/\/wp.ufpel.edu.br\/camaradeextensaoca\/wp-json\/wp\/v2\/pages"}],"about":[{"href":"https:\/\/wp.ufpel.edu.br\/camaradeextensaoca\/wp-json\/wp\/v2\/types\/page"}],"author":[{"embeddable":true,"href":"https:\/\/wp.ufpel.edu.br\/camaradeextensaoca\/wp-json\/wp\/v2\/users\/647"}],"replies":[{"embeddable":true,"href":"https:\/\/wp.ufpel.edu.br\/camaradeextensaoca\/wp-json\/wp\/v2\/comments?post=332"}],"version-history":[{"count":1,"href":"https:\/\/wp.ufpel.edu.br\/camaradeextensaoca\/wp-json\/wp\/v2\/pages\/332\/revisions"}],"predecessor-version":[{"id":334,"href":"https:\/\/wp.ufpel.edu.br\/camaradeextensaoca\/wp-json\/wp\/v2\/pages\/332\/revisions\/334"}],"up":[{"embeddable":true,"href":"https:\/\/wp.ufpel.edu.br\/camaradeextensaoca\/wp-json\/wp\/v2\/pages\/320"}],"wp:attachment":[{"href":"https:\/\/wp.ufpel.edu.br\/camaradeextensaoca\/wp-json\/wp\/v2\/media?parent=332"}],"curies":[{"name":"wp","href":"https:\/\/api.w.org\/{rel}","templated":true}]}}