{"id":308,"date":"2016-07-05T11:44:30","date_gmt":"2016-07-05T14:44:30","guid":{"rendered":"https:\/\/wp.ufpel.edu.br\/camaradeextensaoca\/?page_id=308"},"modified":"2016-10-13T11:34:06","modified_gmt":"2016-10-13T14:34:06","slug":"encontros-de-musica-popular","status":"publish","type":"page","link":"https:\/\/wp.ufpel.edu.br\/camaradeextensaoca\/cursos\/musica\/encontros-de-musica-popular\/","title":{"rendered":"Encontros de M\u00fasica Popular"},"content":{"rendered":"<p>Nome do projeto:\u00a0 \u201cEncontros de M\u00fasica Popular\u201d<\/p>\n<p>C\u00f3digo: 51555026<\/p>\n<p>Resumo do projeto: \u00a0Aproximar as quest\u00f5es discutidas no ambiente acad\u00eamica com a vida social, num processo reflexivo que possa fazer dialogar hist\u00f3rias e cotidianos, construindo argumentos inclusivos e de valoriza\u00e7\u00e3o social. Promover o encontro entre m\u00fasicos profissionais, amadores e estudantes. Estimular o reconhecimento da import\u00e2ncia das pr\u00e1ticas coletivas em m\u00fasica popular. Oportunizar o di\u00e1logo, a troca de informa\u00e7\u00f5es e o\u00a0 autoconhecimento entre os participantes.<\/p>\n<p>Professor respons\u00e1vel: Rafael Henrique Soares Veloso<\/p>\n","protected":false},"excerpt":{"rendered":"<p>Nome do projeto:\u00a0 \u201cEncontros de M\u00fasica Popular\u201d C\u00f3digo: 51555026 Resumo do projeto: \u00a0Aproximar as quest\u00f5es discutidas no ambiente acad\u00eamica com a vida social, num processo reflexivo que possa fazer dialogar hist\u00f3rias e cotidianos, construindo argumentos inclusivos e de valoriza\u00e7\u00e3o social. Promover o encontro entre m\u00fasicos profissionais, amadores e estudantes. Estimular o reconhecimento da import\u00e2ncia das&#8230; <\/p>\n<div class=\"link-more\"><a href=\"https:\/\/wp.ufpel.edu.br\/camaradeextensaoca\/cursos\/musica\/encontros-de-musica-popular\/\">Leia mais<\/a><\/div>\n","protected":false},"author":647,"featured_media":0,"parent":18,"menu_order":0,"comment_status":"closed","ping_status":"closed","template":"","meta":{"jetpack_post_was_ever_published":false,"footnotes":""},"class_list":["post-308","page","type-page","status-publish","hentry"],"jetpack_sharing_enabled":true,"jetpack_shortlink":"https:\/\/wp.me\/P8nTsJ-4Y","_links":{"self":[{"href":"https:\/\/wp.ufpel.edu.br\/camaradeextensaoca\/wp-json\/wp\/v2\/pages\/308","targetHints":{"allow":["GET"]}}],"collection":[{"href":"https:\/\/wp.ufpel.edu.br\/camaradeextensaoca\/wp-json\/wp\/v2\/pages"}],"about":[{"href":"https:\/\/wp.ufpel.edu.br\/camaradeextensaoca\/wp-json\/wp\/v2\/types\/page"}],"author":[{"embeddable":true,"href":"https:\/\/wp.ufpel.edu.br\/camaradeextensaoca\/wp-json\/wp\/v2\/users\/647"}],"replies":[{"embeddable":true,"href":"https:\/\/wp.ufpel.edu.br\/camaradeextensaoca\/wp-json\/wp\/v2\/comments?post=308"}],"version-history":[{"count":2,"href":"https:\/\/wp.ufpel.edu.br\/camaradeextensaoca\/wp-json\/wp\/v2\/pages\/308\/revisions"}],"predecessor-version":[{"id":825,"href":"https:\/\/wp.ufpel.edu.br\/camaradeextensaoca\/wp-json\/wp\/v2\/pages\/308\/revisions\/825"}],"up":[{"embeddable":true,"href":"https:\/\/wp.ufpel.edu.br\/camaradeextensaoca\/wp-json\/wp\/v2\/pages\/18"}],"wp:attachment":[{"href":"https:\/\/wp.ufpel.edu.br\/camaradeextensaoca\/wp-json\/wp\/v2\/media?parent=308"}],"curies":[{"name":"wp","href":"https:\/\/api.w.org\/{rel}","templated":true}]}}