{"id":296,"date":"2016-07-05T11:41:28","date_gmt":"2016-07-05T14:41:28","guid":{"rendered":"https:\/\/wp.ufpel.edu.br\/camaradeextensaoca\/?page_id=296"},"modified":"2016-10-13T11:27:49","modified_gmt":"2016-10-13T14:27:49","slug":"caminhos-da-danca-na-rua","status":"publish","type":"page","link":"https:\/\/wp.ufpel.edu.br\/camaradeextensaoca\/cursos\/danca\/caminhos-da-danca-na-rua\/","title":{"rendered":"Caminhos da dan\u00e7a na rua"},"content":{"rendered":"<p>Nome do projeto: \u201cCaminhos da dan\u00e7a na rua\u201d.<\/p>\n<p>C\u00f3digo: 51552025<\/p>\n<p>Resumo do projeto: Promover a interven\u00e7\u00e3o art\u00edstica de dan\u00e7a nos espa\u00e7os urbanos. Espec\u00edficos *Propor exerc\u00edcios que facilitem na cria\u00e7\u00e3o de movimento a partir da cidade. *Possibilitar uma prepara\u00e7\u00e3o corporal adequada ao tipo de atividade que ser\u00e1 realizado. *Relacionar a produ\u00e7\u00e3o art\u00edstica com o ambiente cotidiano. *Registrar em forma de v\u00eddeo as experimenta\u00e7\u00f5es realizadas.<\/p>\n<p>Professor respons\u00e1vel: Carmen Anita Hoffmann<\/p>\n","protected":false},"excerpt":{"rendered":"<p>Nome do projeto: \u201cCaminhos da dan\u00e7a na rua\u201d. C\u00f3digo: 51552025 Resumo do projeto: Promover a interven\u00e7\u00e3o art\u00edstica de dan\u00e7a nos espa\u00e7os urbanos. Espec\u00edficos *Propor exerc\u00edcios que facilitem na cria\u00e7\u00e3o de movimento a partir da cidade. *Possibilitar uma prepara\u00e7\u00e3o corporal adequada ao tipo de atividade que ser\u00e1 realizado. *Relacionar a produ\u00e7\u00e3o art\u00edstica com o ambiente cotidiano&#8230;. <\/p>\n<div class=\"link-more\"><a href=\"https:\/\/wp.ufpel.edu.br\/camaradeextensaoca\/cursos\/danca\/caminhos-da-danca-na-rua\/\">Leia mais<\/a><\/div>\n","protected":false},"author":647,"featured_media":0,"parent":12,"menu_order":0,"comment_status":"closed","ping_status":"closed","template":"","meta":{"jetpack_post_was_ever_published":false,"footnotes":""},"class_list":["post-296","page","type-page","status-publish","hentry"],"jetpack_sharing_enabled":true,"jetpack_shortlink":"https:\/\/wp.me\/P8nTsJ-4M","_links":{"self":[{"href":"https:\/\/wp.ufpel.edu.br\/camaradeextensaoca\/wp-json\/wp\/v2\/pages\/296","targetHints":{"allow":["GET"]}}],"collection":[{"href":"https:\/\/wp.ufpel.edu.br\/camaradeextensaoca\/wp-json\/wp\/v2\/pages"}],"about":[{"href":"https:\/\/wp.ufpel.edu.br\/camaradeextensaoca\/wp-json\/wp\/v2\/types\/page"}],"author":[{"embeddable":true,"href":"https:\/\/wp.ufpel.edu.br\/camaradeextensaoca\/wp-json\/wp\/v2\/users\/647"}],"replies":[{"embeddable":true,"href":"https:\/\/wp.ufpel.edu.br\/camaradeextensaoca\/wp-json\/wp\/v2\/comments?post=296"}],"version-history":[{"count":2,"href":"https:\/\/wp.ufpel.edu.br\/camaradeextensaoca\/wp-json\/wp\/v2\/pages\/296\/revisions"}],"predecessor-version":[{"id":809,"href":"https:\/\/wp.ufpel.edu.br\/camaradeextensaoca\/wp-json\/wp\/v2\/pages\/296\/revisions\/809"}],"up":[{"embeddable":true,"href":"https:\/\/wp.ufpel.edu.br\/camaradeextensaoca\/wp-json\/wp\/v2\/pages\/12"}],"wp:attachment":[{"href":"https:\/\/wp.ufpel.edu.br\/camaradeextensaoca\/wp-json\/wp\/v2\/media?parent=296"}],"curies":[{"name":"wp","href":"https:\/\/api.w.org\/{rel}","templated":true}]}}