{"id":288,"date":"2016-07-05T11:39:41","date_gmt":"2016-07-05T14:39:41","guid":{"rendered":"https:\/\/wp.ufpel.edu.br\/camaradeextensaoca\/?page_id=288"},"modified":"2016-10-13T11:28:17","modified_gmt":"2016-10-13T14:28:17","slug":"oficina-de-cultura-popular","status":"publish","type":"page","link":"https:\/\/wp.ufpel.edu.br\/camaradeextensaoca\/cursos\/danca\/oficina-de-cultura-popular\/","title":{"rendered":"Oficina de cultura popular"},"content":{"rendered":"<p>Nome do projeto: \u201cOficina de cultura popular\u201d\u00a0 (Dan\u00e7a e teatro)<\/p>\n<p>C\u00f3digo: 51557016<\/p>\n<p>Resumo do projeto: Promover a reflex\u00e3o entre os alunos sobre a rela\u00e7\u00e3o entre os elementos culturais conhecidos e compartilhados em seu meio e um contexto social mais amplo &#8211; sobretudo no que diz respeito aos valores atribu\u00eddos a seus c\u00f3digos culturais em compara\u00e7\u00e3o com outros cultivados em nossa sociedade e a possibilidade de revalorar c\u00f3digos conhecidos segundo suas pr\u00f3prias peculiaridades; Objetivos espec\u00edficos: &#8211; realiza\u00e7\u00e3o de atividades conjuntas de m\u00fasica e dan\u00e7a entre os acad\u00eamicos e os alunos da escola selecionada, assim como a cria\u00e7\u00e3o de um registro audiovisual de parte dos resultados obtidos e do processo pelo qual as atividades se desenvolveram. &#8211; levantar questionamentos sobre possibilidades de divulga\u00e7\u00e3o das atividades art\u00edsticas desenvolvidas no \u00e2mbito escolar (em que se buscar\u00e1 sobretudo compreender e desenvolver os anseios dos alunos neste sentido); &#8211; estimular a conscientiza\u00e7\u00e3o do processo pelo qual ideias, palavras e movimentos podem transformar-se em realiza\u00e7\u00f5es art\u00edsticas; &#8211; encontrar caminhos pr\u00e1ticos para a cria\u00e7\u00e3o de m\u00fasicas e coreografias a partir das propostas dos alunos; &#8211; experi\u00eancia pr\u00e1tica, por parte dos monitores, sobre o processo de cria\u00e7\u00e3o e a coordena\u00e7\u00e3o de um conjunto de pessoas em torno e em prol desta cria\u00e7\u00e3o; &#8211; realiza\u00e7\u00e3o de um registro audiovisual, a ser divulgado na internet, como divulga\u00e7\u00e3o do trabalho realizado atrav\u00e9s dos esfor\u00e7os somados.<\/p>\n<p>Professor respons\u00e1vel: Gustavo Angelo Dias<\/p>\n","protected":false},"excerpt":{"rendered":"<p>Nome do projeto: \u201cOficina de cultura popular\u201d\u00a0 (Dan\u00e7a e teatro) C\u00f3digo: 51557016 Resumo do projeto: Promover a reflex\u00e3o entre os alunos sobre a rela\u00e7\u00e3o entre os elementos culturais conhecidos e compartilhados em seu meio e um contexto social mais amplo &#8211; sobretudo no que diz respeito aos valores atribu\u00eddos a seus c\u00f3digos culturais em compara\u00e7\u00e3o&#8230; <\/p>\n<div class=\"link-more\"><a href=\"https:\/\/wp.ufpel.edu.br\/camaradeextensaoca\/cursos\/danca\/oficina-de-cultura-popular\/\">Leia mais<\/a><\/div>\n","protected":false},"author":647,"featured_media":0,"parent":12,"menu_order":0,"comment_status":"closed","ping_status":"closed","template":"","meta":{"jetpack_post_was_ever_published":false,"footnotes":""},"class_list":["post-288","page","type-page","status-publish","hentry"],"jetpack_sharing_enabled":true,"jetpack_shortlink":"https:\/\/wp.me\/P8nTsJ-4E","_links":{"self":[{"href":"https:\/\/wp.ufpel.edu.br\/camaradeextensaoca\/wp-json\/wp\/v2\/pages\/288","targetHints":{"allow":["GET"]}}],"collection":[{"href":"https:\/\/wp.ufpel.edu.br\/camaradeextensaoca\/wp-json\/wp\/v2\/pages"}],"about":[{"href":"https:\/\/wp.ufpel.edu.br\/camaradeextensaoca\/wp-json\/wp\/v2\/types\/page"}],"author":[{"embeddable":true,"href":"https:\/\/wp.ufpel.edu.br\/camaradeextensaoca\/wp-json\/wp\/v2\/users\/647"}],"replies":[{"embeddable":true,"href":"https:\/\/wp.ufpel.edu.br\/camaradeextensaoca\/wp-json\/wp\/v2\/comments?post=288"}],"version-history":[{"count":3,"href":"https:\/\/wp.ufpel.edu.br\/camaradeextensaoca\/wp-json\/wp\/v2\/pages\/288\/revisions"}],"predecessor-version":[{"id":813,"href":"https:\/\/wp.ufpel.edu.br\/camaradeextensaoca\/wp-json\/wp\/v2\/pages\/288\/revisions\/813"}],"up":[{"embeddable":true,"href":"https:\/\/wp.ufpel.edu.br\/camaradeextensaoca\/wp-json\/wp\/v2\/pages\/12"}],"wp:attachment":[{"href":"https:\/\/wp.ufpel.edu.br\/camaradeextensaoca\/wp-json\/wp\/v2\/media?parent=288"}],"curies":[{"name":"wp","href":"https:\/\/api.w.org\/{rel}","templated":true}]}}